{"id":79,"date":"2023-10-13T09:36:36","date_gmt":"2023-10-13T01:36:36","guid":{"rendered":"http:\/\/www.zfrapid.com\/?page_id=79"},"modified":"2023-10-13T09:49:34","modified_gmt":"2023-10-13T01:49:34","slug":"manufacturing","status":"publish","type":"page","link":"http:\/\/www.zfrapid.com\/fr\/manufacturing\/","title":{"rendered":"Fabrication"},"content":{"rendered":"<h2 class=\"wp-block-heading\" style=\"text-align: left;\">Service de fabrication \u00e0 faible volume<\/h2>\r\n<h4 class=\"wp-block-heading\" style=\"text-align: left;\">Nous n&#039;avons aucune demande de MOQ, nous sommes donc votre meilleur choix pour votre demande de moins de 100 pi\u00e8ces ou de plus de 10 000 pi\u00e8ces. Pour un nouveau produit, nous pouvons tous r\u00e9pondre \u00e0 votre demande de fabrication en faible volume \u00e0 la fabrication en volume. Bienvenue \u00e0 nous contacter pour votre demande.<\/h4>\r\n<p>&nbsp;<\/p>\r\n<p>&nbsp;<\/p>\r\n<p>&nbsp;<\/p>\r\n\r\n\r\n\r\n<h2 class=\"wp-block-heading\" style=\"text-align: left;\">Qu&#039;est-ce que la fabrication en faible volume<\/h2>\r\n\r\n\r\n\r\n<p style=\"text-align: left;\">Pour un nouveau produit, la r\u00e9ponse du march\u00e9 serait test\u00e9e via une production en petits lots avant la production en s\u00e9rie, et la quantit\u00e9 est inf\u00e9rieure \u00e0 10 000 pi\u00e8ces. Certains clients choisissent la production en petits lots afin de r\u00e9duire le risque d&#039;investissement.<\/p>\r\n<p>&nbsp;<\/p>\r\n<p>&nbsp;<\/p>\r\n<p>&nbsp;<\/p>\r\n\r\n\r\n\r\n<h2 class=\"wp-block-heading\" style=\"text-align: left;\">Avantages de la fabrication en faible volume<\/h2>\r\n\r\n\r\n\r\n<ul class=\"wp-block-list\" style=\"text-align: left;\">\r\n<li>aucune exigence de MOQ<\/li>\r\n\r\n\r\n\r\n<li>cycle de production court<\/li>\r\n\r\n\r\n\r\n<li>entrer rapidement sur le march\u00e9<\/li>\r\n\r\n\r\n\r\n<li>faible co\u00fbt d&#039;un outillage rapide<\/li>\r\n\r\n\r\n\r\n<li>diminuer le risque d\u2019investissement<\/li>\r\n\r\n\r\n\r\n<li>ajustement plus flexible du produit<\/li>\r\n<\/ul>\r\n<p>&nbsp;<\/p>\r\n<p>&nbsp;<\/p>\r\n\r\n\r\n\r\n<h2 class=\"wp-block-heading\" style=\"text-align: left;\">Moulage par injection plastique<\/h2>\r\n\r\n\r\n\r\n<p style=\"text-align: left;\">Le moulage par injection de plastique convient \u00e0 la production en petits lots et \u00e0 la production de masse. Les mati\u00e8res et les couleurs sont disponibles. Par rapport \u00e0 la fabrication de moules traditionnelle, notre prototypage rapide pr\u00e9sente l\u2019avantage d\u2019un cycle de production court et d\u2019un faible co\u00fbt, inf\u00e9rieur \u00e0 votre budget.<\/p>\r\n\r\n\r\n\r\n<pre class=\"wp-block-code\"><code><\/code><\/pre>\r\n\r\n\r\n\r\n<h2 class=\"wp-block-heading\">\u00a0<\/h2>\r\n<h2 class=\"wp-block-heading\" style=\"text-align: left;\">Usinage CNC<\/h2>\r\n\r\n\r\n\r\n<p style=\"text-align: left;\">Une s\u00e9rie d&#039;\u00e9quipements avanc\u00e9s tels que des centres d&#039;usinage \u00e0 3 axes, 4 axes et 5 axes, des machines CNC, des machines EDM, des machines de d\u00e9coupe \u00e0 fil CNC nous aident \u00e0 r\u00e9aliser des types de fabrication de m\u00e9taux et de mati\u00e8res plastiques.<\/p>\r\n\r\n\r\n\r\n<h2 class=\"wp-block-heading\">\u00a0<\/h2>\r\n<h2>\u00a0<\/h2>\r\n<h2 class=\"wp-block-heading\" style=\"text-align: left;\">Moulage sous pression<\/h2>\r\n\r\n\r\n\r\n<p style=\"text-align: left;\">Le service de moulage sous pression prend en charge la production en petits lots et la production de masse. Alliage d&#039;aluminium, alliage de zinc et alliage de magn\u00e9sium tous disponibles. Nous sommes convaincus que nous fournissons pour vous des produits de haute qualit\u00e9, du prototypage au moulage sous pression.<\/p>\r\n\r\n\r\n\r\n<h2 class=\"wp-block-heading\">\u00a0<\/h2>\r\n<h2>\u00a0<\/h2>\r\n<h2 class=\"wp-block-heading\" style=\"text-align: left;\">Extrusion d&#039;aluminium<\/h2>\r\n\r\n\r\n\r\n<p style=\"text-align: left;\">Pour le service de fabrication d&#039;extrusion d&#039;aluminium, nos diff\u00e9rents mat\u00e9riaux sont disponibles pour la fabrication de moules en aluminium, l&#039;extrusion, l&#039;usinage CNC et le traitement de surface. Cela peut remplir votre budget.<\/p>","protected":false},"excerpt":{"rendered":"<p>Low-Volume Manufacturing Service We have no MOQ request, so we are your best choice for your demand of less than 100pcs or more than 10,000pcs. For a new product, we all can meet your demand low-volume manufacturing to volume manufacturing . Welcome to contact us for your inquiry. &nbsp; &nbsp; &nbsp; What\u2019s Low-Volume Manufacturing For [&hellip;]<\/p>","protected":false},"author":1,"featured_media":0,"parent":0,"menu_order":0,"comment_status":"closed","ping_status":"closed","template":"page\/Certificate.php","meta":{"footnotes":""},"class_list":["post-79","page","type-page","status-publish","hentry"],"_links":{"self":[{"href":"http:\/\/www.zfrapid.com\/fr\/wp-json\/wp\/v2\/pages\/79","targetHints":{"allow":["GET"]}}],"collection":[{"href":"http:\/\/www.zfrapid.com\/fr\/wp-json\/wp\/v2\/pages"}],"about":[{"href":"http:\/\/www.zfrapid.com\/fr\/wp-json\/wp\/v2\/types\/page"}],"author":[{"embeddable":true,"href":"http:\/\/www.zfrapid.com\/fr\/wp-json\/wp\/v2\/users\/1"}],"replies":[{"embeddable":true,"href":"http:\/\/www.zfrapid.com\/fr\/wp-json\/wp\/v2\/comments?post=79"}],"version-history":[{"count":9,"href":"http:\/\/www.zfrapid.com\/fr\/wp-json\/wp\/v2\/pages\/79\/revisions"}],"predecessor-version":[{"id":88,"href":"http:\/\/www.zfrapid.com\/fr\/wp-json\/wp\/v2\/pages\/79\/revisions\/88"}],"wp:attachment":[{"href":"http:\/\/www.zfrapid.com\/fr\/wp-json\/wp\/v2\/media?parent=79"}],"curies":[{"name":"wp","href":"https:\/\/api.w.org\/{rel}","templated":true}]}}