{"id":38,"date":"2023-09-18T18:59:42","date_gmt":"2023-09-18T10:59:42","guid":{"rendered":"http:\/\/www.zfrapid.com\/?page_id=38"},"modified":"2023-10-13T10:17:40","modified_gmt":"2023-10-13T02:17:40","slug":"about-us","status":"publish","type":"page","link":"http:\/\/www.zfrapid.com\/fr\/about-us\/","title":{"rendered":"\u00c0 PROPOS DE NOUS"},"content":{"rendered":"<p><strong>\u00c0 PROPOS<\/strong><\/p>\n<p>La cr\u00e9ativit\u00e9 et l&#039;innovation sont au c\u0153ur de ce que nous faisons. Qu&#039;il s&#039;agisse d&#039;usiner des feux arri\u00e8re Lamborghini extr\u00eamement prismatiques \u00e0 partir de polycarbonate solide ou de construire des dispositifs de maintien sous vide sur mesure, nous vivons et respirons l&#039;ing\u00e9nierie.<\/p>\n<p>&nbsp;<\/p>\n<p>Fond\u00e9e par deux ing\u00e9nieurs chez zf, nous fournissons des services de prototypage rapide et de fabrication \u00e0 faible volume utilisant l&#039;usinage CNC, la fabrication de t\u00f4les, ainsi que plusieurs processus de prototypage rapide.<\/p>\n<p>Dans notre laboratoire d&#039;inspection, nous disposons d&#039;\u00e9quipements de v\u00e9rification des mati\u00e8res premi\u00e8res, de machines \u00e0 mesurer tridimensionnelles (MMT), de projecteurs optiques (VMM), de jauges \u00e0 filetage, de jauges \u00e0 broches et d&#039;\u00e9quipements d&#039;inspection de haute qualit\u00e9 que vous vous attendez \u00e0 trouver dans un atelier professionnel. Nous avons \u00e9galement obtenu la certification du syst\u00e8me de gestion de la qualit\u00e9 ISO9001\u00a0:\u00a02015.<\/p>\n<p>Envoyez-nous un message ou appelez-nous pour voir comment nous pouvons vous aider.<\/p>\n<p><img loading=\"lazy\" decoding=\"async\" class=\"alignnone wp-image-39 size-large\" src=\"http:\/\/www.zfrapid.com\/wp-content\/uploads\/2023\/09\/2521695032403_.pic_-1024x362.png\" alt=\"\" width=\"1024\" height=\"362\" srcset=\"http:\/\/www.zfrapid.com\/wp-content\/uploads\/2023\/09\/2521695032403_.pic_-1024x362.png 1024w, http:\/\/www.zfrapid.com\/wp-content\/uploads\/2023\/09\/2521695032403_.pic_-300x106.png 300w, http:\/\/www.zfrapid.com\/wp-content\/uploads\/2023\/09\/2521695032403_.pic_-768x272.png 768w, http:\/\/www.zfrapid.com\/wp-content\/uploads\/2023\/09\/2521695032403_.pic_.png 1196w\" sizes=\"auto, (max-width: 1024px) 100vw, 1024px\" \/><\/p>","protected":false},"excerpt":{"rendered":"<p>ABOUT Creativity and innovation lie at the heart of what we do. Whether it be machining extremely prismatic Lamborghini tail lights from solid poly-carbonate or building bespoke vacuum work-holding fixtures, we live and breathe engineering. &nbsp; Founded by two engineers, at z f, we provide rapid prototyping and low volume manufacturing services using CNC machining, [&hellip;]<\/p>","protected":false},"author":1,"featured_media":0,"parent":0,"menu_order":0,"comment_status":"closed","ping_status":"closed","template":"page\/about.php","meta":{"footnotes":""},"class_list":["post-38","page","type-page","status-publish","hentry"],"_links":{"self":[{"href":"http:\/\/www.zfrapid.com\/fr\/wp-json\/wp\/v2\/pages\/38","targetHints":{"allow":["GET"]}}],"collection":[{"href":"http:\/\/www.zfrapid.com\/fr\/wp-json\/wp\/v2\/pages"}],"about":[{"href":"http:\/\/www.zfrapid.com\/fr\/wp-json\/wp\/v2\/types\/page"}],"author":[{"embeddable":true,"href":"http:\/\/www.zfrapid.com\/fr\/wp-json\/wp\/v2\/users\/1"}],"replies":[{"embeddable":true,"href":"http:\/\/www.zfrapid.com\/fr\/wp-json\/wp\/v2\/comments?post=38"}],"version-history":[{"count":4,"href":"http:\/\/www.zfrapid.com\/fr\/wp-json\/wp\/v2\/pages\/38\/revisions"}],"predecessor-version":[{"id":191,"href":"http:\/\/www.zfrapid.com\/fr\/wp-json\/wp\/v2\/pages\/38\/revisions\/191"}],"wp:attachment":[{"href":"http:\/\/www.zfrapid.com\/fr\/wp-json\/wp\/v2\/media?parent=38"}],"curies":[{"name":"wp","href":"https:\/\/api.w.org\/{rel}","templated":true}]}}