{"id":24,"date":"2023-09-12T10:25:27","date_gmt":"2023-09-12T02:25:27","guid":{"rendered":"http:\/\/www.zfrapid.com\/?page_id=24"},"modified":"2023-10-13T10:15:08","modified_gmt":"2023-10-13T02:15:08","slug":"quality-inspection","status":"publish","type":"page","link":"http:\/\/www.zfrapid.com\/fr\/quality-inspection\/","title":{"rendered":"Contr\u00f4le de la qualit\u00e9"},"content":{"rendered":"<h3><strong> Contr\u00f4le de la qualit\u00e9<\/strong><\/h3>\n<p>Samshion dispose d&#039;ensembles complets d&#039;\u00e9quipements de d\u00e9tection avanc\u00e9s et d&#039;une excellente \u00e9quipe de contr\u00f4le qualit\u00e9, pour v\u00e9rifier et garantir la qualit\u00e9 de chaque produit. Nous contr\u00f4lons chaque maillon strictement depuis l&#039;inspection entrante, le contr\u00f4le des processus jusqu&#039;\u00e0 la livraison.<\/p>\n<h3><strong>Spectrom\u00e8tre d&#039;\u00e9mission optique (OES)<\/strong><\/h3>\n<p>OES est une technique analytique pour la d\u00e9tection de divers \u00e9l\u00e9ments m\u00e9talliques. Il peut \u00eatre utilis\u00e9 pour la d\u00e9tection de produits m\u00e9talliques semi-finis ou finis, de l&#039;industrie de transformation des m\u00e9taux, de tuyaux, de barres, de fils et de plaques. ZF utilise OES pour tester tous les mat\u00e9riaux entrants afin de garantir qu&#039;ils sont qualifi\u00e9s.<\/p>\n<h3><strong>Instrument de mesure d&#039;images quadratiques<\/strong><\/h3>\n<p>L&#039;instrument de mesure d&#039;image quadratique est un syst\u00e8me de mesure optique sans contact, qui UTILISE l&#039;optique pour mesurer rapidement et avec pr\u00e9cision les dimensions bidimensionnelles des pi\u00e8ces. Il peut mesurer n&#039;importe quelle dimension g\u00e9om\u00e9trique sur le plan, y compris le diam\u00e8tre, le rayon, la longueur, l&#039;angle, la largeur, la hauteur, la profondeur, la distance point \u00e0 point, la distance point \u00e0 ligne, l&#039;entraxe, etc.<\/p>\n<h3><strong>Machine de mesure de coordonn\u00e9es<\/strong><\/h3>\n<p>L&#039;instrument de mesure \u00e0 trois coordonn\u00e9es (CMM) fait r\u00e9f\u00e9rence \u00e0 un hexa\u00e8dre dans le champ spatial, montrant la forme g\u00e9om\u00e9trique, la division de longueur et de circonf\u00e9rence et d&#039;autres instruments. Lors de la mesure, la sonde touche la surface de la pi\u00e8ce, le syst\u00e8me de d\u00e9tection peut donner la position pr\u00e9cise de la sonde \u00e0 tout moment. Une s\u00e9rie de points peut \u00eatre collect\u00e9e pour d\u00e9finir les param\u00e8tres d&#039;une structure complexe. Ces donn\u00e9es sont saisies dans l&#039;ordinateur et trait\u00e9es par le logiciel correspondant pour calculer avec pr\u00e9cision la taille g\u00e9om\u00e9trique, le statu quo et la tol\u00e9rance de position de la pi\u00e8ce.<\/p>\n<h3><strong> instrument de surface<\/strong><\/h3>\n<p>Nous utilisons l&#039;instrument de surface pour v\u00e9rifier la rugosit\u00e9 de la surface de la pi\u00e8ce, afin de voir si elle r\u00e9pond aux exigences.<\/p>","protected":false},"excerpt":{"rendered":"<p>Quality inspection Samshion has complete sets of advanced detection equipment and excellent quality control team, to check and ensure quality of each product. We control each link strictly from incoming inspection, process control to delivery. Optical Emission Spectrometer \uff08OES\uff09 OES is an analytical technique for the detection of various metal elements. It can be used [&hellip;]<\/p>","protected":false},"author":1,"featured_media":0,"parent":0,"menu_order":0,"comment_status":"closed","ping_status":"closed","template":"page\/Certificate.php","meta":{"footnotes":""},"class_list":["post-24","page","type-page","status-publish","hentry"],"_links":{"self":[{"href":"http:\/\/www.zfrapid.com\/fr\/wp-json\/wp\/v2\/pages\/24","targetHints":{"allow":["GET"]}}],"collection":[{"href":"http:\/\/www.zfrapid.com\/fr\/wp-json\/wp\/v2\/pages"}],"about":[{"href":"http:\/\/www.zfrapid.com\/fr\/wp-json\/wp\/v2\/types\/page"}],"author":[{"embeddable":true,"href":"http:\/\/www.zfrapid.com\/fr\/wp-json\/wp\/v2\/users\/1"}],"replies":[{"embeddable":true,"href":"http:\/\/www.zfrapid.com\/fr\/wp-json\/wp\/v2\/comments?post=24"}],"version-history":[{"count":3,"href":"http:\/\/www.zfrapid.com\/fr\/wp-json\/wp\/v2\/pages\/24\/revisions"}],"predecessor-version":[{"id":106,"href":"http:\/\/www.zfrapid.com\/fr\/wp-json\/wp\/v2\/pages\/24\/revisions\/106"}],"wp:attachment":[{"href":"http:\/\/www.zfrapid.com\/fr\/wp-json\/wp\/v2\/media?parent=24"}],"curies":[{"name":"wp","href":"https:\/\/api.w.org\/{rel}","templated":true}]}}