{"id":20,"date":"2023-09-12T10:24:09","date_gmt":"2023-09-12T02:24:09","guid":{"rendered":"http:\/\/www.zfrapid.com\/?page_id=20"},"modified":"2024-06-14T15:56:35","modified_gmt":"2024-06-14T07:56:35","slug":"pressure-die-casting","status":"publish","type":"page","link":"http:\/\/www.zfrapid.com\/fr\/pressure-die-casting\/","title":{"rendered":"Moulage sous pression"},"content":{"rendered":"<p>zf, avec une exp\u00e9rience compl\u00e8te dans le moulage sous pression, a form\u00e9 une \u00e9quipe de techniciens sp\u00e9cialis\u00e9s de haute qualit\u00e9 avec une technologie et des \u00e9quipements de pointe et d&#039;excellents services, vous offrant des produits de moulage sous pression comp\u00e9titifs.<\/p>\n<p>&nbsp;<\/p>\n<p>&nbsp;<\/p>\n<h3><strong>Qu&#039;est-ce que le moulage sous pression\u00a0?<\/strong><\/h3>\n<p>Le moulage sous pression est un proc\u00e9d\u00e9 universel, efficace et \u00e9conomique de fabrication de pi\u00e8ces m\u00e9talliques techniques, adapt\u00e9 \u00e0 la production de masse. Les mat\u00e9riaux de moulage sous pression peuvent \u00eatre un alliage d&#039;aluminium, un alliage de zinc et un alliage de magn\u00e9sium.<\/p>\n<p>&nbsp;<\/p>\n<h3>Processus de moulage sous pression<\/h3>\n<p>Pendant le processus de moulage sous pression, une machine de moulage sous pression est install\u00e9e sur le moule. Le liquide m\u00e9tallique en fusion est inject\u00e9 dans la fili\u00e8re sous haute pression. La matrice solidifie le m\u00e9tal liquide dans la matrice par refroidissement, et enfin la matrice est ouverte pour pousser le produit hors de la cavit\u00e9 du moule.<\/p>\n<p>&nbsp;<\/p>\n<h3><strong>Avantages du moulage sous pression\u00a0:<\/strong><\/h3>\n<p>&nbsp;<\/p>\n<p>Le moulage sous pression convient \u00e0 la production de masse \u00e0 faible co\u00fbt.<\/p>\n<p>Les moulages sous pression ont une longue dur\u00e9e de vie, un acier solide et une r\u00e9sistance \u00e0 la chaleur.<\/p>\n<p>Peut r\u00e9aliser un produit \u00e0 structure complexe, taille adapt\u00e9e.<\/p>\n<p>La position de haute pr\u00e9cision peut \u00eatre finie par usinage CNC.<\/p>\n<p>Surface lisse, post-pulv\u00e9risation, galvanoplastie, etc.<\/p>\n<p>Moulages sous pression plus r\u00e9sistants que l&#039;injection plastique<\/p>\n<p>&nbsp;<\/p>\n<h3><strong>Moule de moulage sous pression<\/strong><\/h3>\n<p>La dur\u00e9e de vie du moule de moulage sous pression est li\u00e9e \u00e0 son mat\u00e9riau, c&#039;est pourquoi nous analysons, concevons et choisissons l&#039;acier pour le produit apr\u00e8s avoir obtenu son dessin. La diff\u00e9rence de temp\u00e9rature affecterait le fonctionnement du moule. Par cons\u00e9quent, le moule peut \u00eatre utilis\u00e9 apr\u00e8s un traitement thermique du mat\u00e9riau en acier.<\/p>\n<p>&nbsp;<\/p>\n<h3><strong>Mat\u00e9riel de moulage sous pression<\/strong><\/h3>\n<p>Alliage d&#039;aluminium\u00a0: il convient aux structures complexes \u00e0 haute r\u00e9sistance, mais les produits l\u00e9gers et l&#039;aluminium ont une bonne r\u00e9sistance \u00e0 la corrosion et des propri\u00e9t\u00e9s m\u00e9caniques, une conductivit\u00e9 thermique et une conductivit\u00e9 \u00e9lectrique \u00e9lev\u00e9es. En raison de ses propri\u00e9t\u00e9s m\u00e9caniques sup\u00e9rieures, le moulage sous pression d\u2019aluminium est l\u2019un des produits de production de masse les plus importants dans l\u2019industrie m\u00e9tallurgique. Alliage de zinc : l&#039;alliage de zinc est facile \u00e0 couler avec un faible point de fusion et une longue dur\u00e9e de vie. Le moulage sous pression en alliage de zinc est principalement utilis\u00e9 pour les pi\u00e8ces \u00e0 haute ductilit\u00e9 n\u00e9cessitant une galvanoplastie. Alliage de magn\u00e9sium : c&#039;est le m\u00e9tal le plus l\u00e9ger parmi les m\u00e9taux pratiques, avec une r\u00e9sistance \u00e9lev\u00e9e, un module d&#039;\u00e9lasticit\u00e9 \u00e9lev\u00e9, une bonne dissipation thermique, une bonne absorption des chocs, une meilleure capacit\u00e9 de charge d&#039;impact que l&#039;alliage d&#039;aluminium et une bonne r\u00e9sistance \u00e0 la corrosion aux mati\u00e8res organiques et alcalines. Le moulage sous pression en alliage de magn\u00e9sium est utilis\u00e9 pour les composants l\u00e9gers pr\u00e9sentant un rapport r\u00e9sistance\/poids \u00e9lev\u00e9.<\/p>","protected":false},"excerpt":{"rendered":"<p>ZF, forte de son exp\u00e9rience en moulage sous pression, dispose d&#039;une \u00e9quipe de techniciens sp\u00e9cialis\u00e9s et hautement qualifi\u00e9s, disposant de technologies et d&#039;\u00e9quipements de pointe et d&#039;excellents services, pour vous proposer des produits de moulage sous pression comp\u00e9titifs. Qu&#039;est-ce que le moulage sous pression\u00a0? Le moulage sous pression est un proc\u00e9d\u00e9 universel, efficace et \u00e9conomique de fabrication de pi\u00e8ces m\u00e9talliques techniques, adapt\u00e9 \u00e0 la production en s\u00e9rie [\u2026]<\/p>","protected":false},"author":1,"featured_media":0,"parent":0,"menu_order":0,"comment_status":"closed","ping_status":"closed","template":"page\/Certificate.php","meta":{"footnotes":""},"class_list":["post-20","page","type-page","status-publish","hentry"],"_links":{"self":[{"href":"http:\/\/www.zfrapid.com\/fr\/wp-json\/wp\/v2\/pages\/20","targetHints":{"allow":["GET"]}}],"collection":[{"href":"http:\/\/www.zfrapid.com\/fr\/wp-json\/wp\/v2\/pages"}],"about":[{"href":"http:\/\/www.zfrapid.com\/fr\/wp-json\/wp\/v2\/types\/page"}],"author":[{"embeddable":true,"href":"http:\/\/www.zfrapid.com\/fr\/wp-json\/wp\/v2\/users\/1"}],"replies":[{"embeddable":true,"href":"http:\/\/www.zfrapid.com\/fr\/wp-json\/wp\/v2\/comments?post=20"}],"version-history":[{"count":6,"href":"http:\/\/www.zfrapid.com\/fr\/wp-json\/wp\/v2\/pages\/20\/revisions"}],"predecessor-version":[{"id":97,"href":"http:\/\/www.zfrapid.com\/fr\/wp-json\/wp\/v2\/pages\/20\/revisions\/97"}],"wp:attachment":[{"href":"http:\/\/www.zfrapid.com\/fr\/wp-json\/wp\/v2\/media?parent=20"}],"curies":[{"name":"wp","href":"https:\/\/api.w.org\/{rel}","templated":true}]}}