{"id":18,"date":"2023-09-12T10:23:55","date_gmt":"2023-09-12T02:23:55","guid":{"rendered":"http:\/\/www.zfrapid.com\/?page_id=18"},"modified":"2024-06-14T15:56:07","modified_gmt":"2024-06-14T07:56:07","slug":"plastic-injection-molding","status":"publish","type":"page","link":"http:\/\/www.zfrapid.com\/fr\/plastic-injection-molding\/","title":{"rendered":"Moulage par injection plastique"},"content":{"rendered":"<p>Moules et moulures<\/p>\n<p>50 \u00e0 100 000+ 50 \u00e0 100 000+ fabrication en faible volume \u00e0 fabrication en volume<\/p>\n<p>&nbsp;<\/p>\n<p>&nbsp;<\/p>\n<p>&nbsp;<\/p>\n<h3><strong>Moulage par injection plastique<\/strong><\/h3>\n<p>Le moulage par injection ZF est une m\u00e9thode de moulage pour la production de produits industriels. Machine de moulage par injection qui chauffe et fait fondre les plastiques thermoplastiques ou thermodurcissables et les injecte dans un moule pour les durcir. Nous pouvons fournir toutes sortes de services de fabrication de produits. Pour plus d\u2019informations sur le moulage par injection ou un devis, veuillez nous contacter.<\/p>\n<p>&nbsp;<\/p>\n<h3><strong>Avantages de l&#039;injection plastique<\/strong><\/h3>\n<ul>\n<li>des milliers de mat\u00e9riaux d&#039;injection plastique sont disponibles<\/li>\n<li>Le moule peut \u00eatre utilis\u00e9 plus de dix mille fois<\/li>\n<li>faible co\u00fbt<\/li>\n<li>le proc\u00e9d\u00e9 est stable et viable bon effet de surface<\/li>\n<li>rev\u00eatement secondaire r\u00e9alisable<\/li>\n<\/ul>\n<h3><\/h3>\n<p>&nbsp;<\/p>\n<p>&nbsp;<\/p>\n<p>&nbsp;<\/p>\n<h3><strong>fabrication de moules<\/strong><\/h3>\n<p>Nous utilisons souvent une m\u00e9thode de fabrication de moules rapide pour les petites commandes. L&#039;alliage d&#039;aluminium 7075-T6 ou l&#039;acier doux peuvent \u00eatre utilis\u00e9s pour un moule de haute qualit\u00e9, environ une \u00e0 quatre semaines pour terminer et le moule a une longue dur\u00e9e de vie. L&#039;acier dur est souvent utilis\u00e9 dans les moules de haute qualit\u00e9 pour les grosses commandes et la dur\u00e9e de vie du moule.<\/p>\n<p>&nbsp;<\/p>\n<p>&nbsp;<\/p>\n<h3><strong>production<\/strong><\/h3>\n<p>La m\u00e9thode de moulage par injection de plastique est la m\u00e9thode de production la plus courante dans de nombreuses industries. Cela ne prend que quelques minutes pour r\u00e9aliser une pi\u00e8ce. Le moulage par injection de plastique couvre une efficacit\u00e9 de production \u00e9lev\u00e9e, un faible co\u00fbt, une stabilit\u00e9 \u00e9lev\u00e9e et devient une m\u00e9thode populaire pour la production de masse.<\/p>\n<p>&nbsp;<\/p>\n<p>&nbsp;<\/p>\n<h3><strong>Mat\u00e9riau de moulage par injection plastique<\/strong><\/h3>\n<p>Les mat\u00e9riaux de moulage par injection contiennent des mat\u00e9riaux thermoplastiques et thermodurcissables. La caract\u00e9ristique du thermoplastique est une efficacit\u00e9 de production \u00e9lev\u00e9e, un faible co\u00fbt, une chaleur douce, faible et recyclable. Alors que le plastique thermodurcissable est tr\u00e8s r\u00e9sistant \u00e0 la chaleur, en acier solide, \u00e0 faible efficacit\u00e9 de production, \u00e0 co\u00fbt plus \u00e9lev\u00e9 et non recyclable.<\/p>","protected":false},"excerpt":{"rendered":"<p>Molds and Moldings 50-100000+\u00a0 \u00a050 to 100000+ low-volume manufacturing to volume manufacturing &nbsp; &nbsp; &nbsp; Plastic Injection Molding ZF injection molding is a molding method for production of industrial products. An injection molding machine that heats and melts thermoplastic or thermosetting plastics and injects them into a mold for curing. We can provide all kinds [&hellip;]<\/p>","protected":false},"author":1,"featured_media":0,"parent":0,"menu_order":0,"comment_status":"closed","ping_status":"closed","template":"page\/Certificate.php","meta":{"footnotes":""},"class_list":["post-18","page","type-page","status-publish","hentry"],"_links":{"self":[{"href":"http:\/\/www.zfrapid.com\/fr\/wp-json\/wp\/v2\/pages\/18","targetHints":{"allow":["GET"]}}],"collection":[{"href":"http:\/\/www.zfrapid.com\/fr\/wp-json\/wp\/v2\/pages"}],"about":[{"href":"http:\/\/www.zfrapid.com\/fr\/wp-json\/wp\/v2\/types\/page"}],"author":[{"embeddable":true,"href":"http:\/\/www.zfrapid.com\/fr\/wp-json\/wp\/v2\/users\/1"}],"replies":[{"embeddable":true,"href":"http:\/\/www.zfrapid.com\/fr\/wp-json\/wp\/v2\/comments?post=18"}],"version-history":[{"count":8,"href":"http:\/\/www.zfrapid.com\/fr\/wp-json\/wp\/v2\/pages\/18\/revisions"}],"predecessor-version":[{"id":186,"href":"http:\/\/www.zfrapid.com\/fr\/wp-json\/wp\/v2\/pages\/18\/revisions\/186"}],"wp:attachment":[{"href":"http:\/\/www.zfrapid.com\/fr\/wp-json\/wp\/v2\/media?parent=18"}],"curies":[{"name":"wp","href":"https:\/\/api.w.org\/{rel}","templated":true}]}}