{"id":161,"date":"2023-10-13T15:01:41","date_gmt":"2023-10-13T07:01:41","guid":{"rendered":"http:\/\/www.zfrapid.com\/?page_id=161"},"modified":"2023-10-13T15:01:56","modified_gmt":"2023-10-13T07:01:56","slug":"industrial-equipment","status":"publish","type":"page","link":"http:\/\/www.zfrapid.com\/fr\/industrial-equipment\/","title":{"rendered":"\u00c9QUIPEMENT INDUSTRIEL"},"content":{"rendered":"<p><strong>\u00c9QUIPEMENT INDUSTRIEL\u00a0\u00a0<\/strong><\/p>\n<p>Les \u00e9quipements d&#039;automatisation industrielle se d\u00e9veloppent rapidement, et une efficacit\u00e9 de production am\u00e9lior\u00e9e et une r\u00e9duction des co\u00fbts de main-d&#039;\u0153uvre sont obtenues lorsque la technologie de l&#039;intelligence artificielle a chang\u00e9 la mani\u00e8re d&#039;utiliser les \u00e9quipements industriels et la production industrielle. Cette tendance de plus en plus croissante bouleversera compl\u00e8tement la conception, le prototypage, la fabrication, la distribution et l\u2019exploitation des produits dans un laps de temps extr\u00eamement court.<\/p>\n<p>&nbsp;<\/p>\n<p>&nbsp;<\/p>\n<p style=\"text-align: center;\"><img loading=\"lazy\" decoding=\"async\" class=\"alignnone size-medium wp-image-162\" src=\"http:\/\/www.zfrapid.com\/wp-content\/uploads\/2023\/10\/\u56fe\u724713-300x225.png\" alt=\"\" width=\"300\" height=\"225\" srcset=\"http:\/\/www.zfrapid.com\/wp-content\/uploads\/2023\/10\/\u56fe\u724713-300x225.png 300w, http:\/\/www.zfrapid.com\/wp-content\/uploads\/2023\/10\/\u56fe\u724713-1024x768.png 1024w, http:\/\/www.zfrapid.com\/wp-content\/uploads\/2023\/10\/\u56fe\u724713-768x576.png 768w, http:\/\/www.zfrapid.com\/wp-content\/uploads\/2023\/10\/\u56fe\u724713-1536x1152.png 1536w, http:\/\/www.zfrapid.com\/wp-content\/uploads\/2023\/10\/\u56fe\u724713-2048x1536.png 2048w, http:\/\/www.zfrapid.com\/wp-content\/uploads\/2023\/10\/\u56fe\u724713-16x12.png 16w\" sizes=\"auto, (max-width: 300px) 100vw, 300px\" \/> <img loading=\"lazy\" decoding=\"async\" class=\"alignnone size-medium wp-image-163\" src=\"http:\/\/www.zfrapid.com\/wp-content\/uploads\/2023\/10\/\u56fe\u724712-300x194.png\" alt=\"\" width=\"300\" height=\"194\" srcset=\"http:\/\/www.zfrapid.com\/wp-content\/uploads\/2023\/10\/\u56fe\u724712-300x194.png 300w, http:\/\/www.zfrapid.com\/wp-content\/uploads\/2023\/10\/\u56fe\u724712-1024x663.png 1024w, http:\/\/www.zfrapid.com\/wp-content\/uploads\/2023\/10\/\u56fe\u724712-768x497.png 768w, http:\/\/www.zfrapid.com\/wp-content\/uploads\/2023\/10\/\u56fe\u724712-18x12.png 18w, http:\/\/www.zfrapid.com\/wp-content\/uploads\/2023\/10\/\u56fe\u724712.png 1360w\" sizes=\"auto, (max-width: 300px) 100vw, 300px\" \/><\/p>\n<p>&nbsp;<\/p>\n<p>&nbsp;<\/p>\n<p>&nbsp;<\/p>\n<p><strong>APPLICATIONS DES \u00c9QUIPEMENTS INDUSTRIELS<\/strong><\/p>\n<p>Prototypage d&#039;\u00e9quipements : usinage CNC, fabrication de t\u00f4lerie, fabrication additive<br \/>\nPrototypage de pi\u00e8ces de pr\u00e9cision\u00a0: usinage CNC de pr\u00e9cision<br \/>\nCoque \u00e9lectrique\u00a0: usinage CNC, outillage rapide, moulage par injection<br \/>\nPi\u00e8ces de pr\u00e9cision pour robots\u00a0: usinage CNC de pr\u00e9cision, moulage sous pression, moulage par injection, fabrication de t\u00f4les<br \/>\nMachines industrielles \u00e0 usage g\u00e9n\u00e9ral : usinage CNC, moulage sous pression<br \/>\nProduction de pi\u00e8ces de quincaillerie en plastique en petits lots\u00a0: usinage CNC, moulage par injection, moulage sous pression, formage par poin\u00e7onnage<br \/>\nFabrication en usine\u00a0: montages d&#039;assemblage sur mesure, montages de contr\u00f4le personnalis\u00e9s<\/p>\n<p>&nbsp;<\/p>\n<p><strong>CAPACIT\u00c9 DE FABRICATION DE PI\u00c8CES D\u2019\u00c9QUIPEMENT INDUSTRIEL<\/strong><\/p>\n<p><strong>Service d&#039;usinage CNC<\/strong><\/p>\n<p>Nous poss\u00e9dons un atelier de machines-outils CNC de pr\u00e9cision capable d&#039;\u00e9laborer des pi\u00e8ces avec les tol\u00e9rances les plus s\u00e9v\u00e8res et de traiter des prototypes en m\u00e9tal et en plastique ainsi que des pi\u00e8ces de production dans les plus brefs d\u00e9lais.<\/p>\n<p>&nbsp;<\/p>\n<p><strong>Service de moulage par injection<\/strong><\/p>\n<p>Nos caract\u00e9ristiques de moulage par injection en petits lots avec un d\u00e9lai de livraison rapide, nous utilisons un outillage rapide pour acc\u00e9l\u00e9rer le cycle de fabrication des produits, permettre aux produits d&#039;entrer plus rapidement sur le march\u00e9 et r\u00e9duire le risque d&#039;investissement.<\/p>\n<p>&nbsp;<\/p>\n<p><strong>Service d&#039;impression 3D<\/strong><\/p>\n<p>Le prototypage rapide de l&#039;impression 3D vous permet de r\u00e9aliser des pi\u00e8ces complexes facilement et rapidement, et nous vous fournirons des services de fabrication additive de haute qualit\u00e9, depuis les prototypes de pr\u00e9cision jusqu&#039;aux pi\u00e8ces de production en petits lots.<\/p>","protected":false},"excerpt":{"rendered":"<p>INDUSTRIAL EQUIPMENT\u00a0\u00a0 Industrial automation equipment is rapidly developed, and improved production efficiency and lower labor cost are realized when artificial intelligence technology has changed the way of industrial equipment and industrial production. The increasingly growing trend will completely subvert the design, prototyping, manufacturing, distribution and operation of products in extremely short period of time. &nbsp; [&hellip;]<\/p>","protected":false},"author":1,"featured_media":0,"parent":0,"menu_order":0,"comment_status":"closed","ping_status":"closed","template":"page\/Certificate.php","meta":{"footnotes":""},"class_list":["post-161","page","type-page","status-publish","hentry"],"_links":{"self":[{"href":"http:\/\/www.zfrapid.com\/fr\/wp-json\/wp\/v2\/pages\/161","targetHints":{"allow":["GET"]}}],"collection":[{"href":"http:\/\/www.zfrapid.com\/fr\/wp-json\/wp\/v2\/pages"}],"about":[{"href":"http:\/\/www.zfrapid.com\/fr\/wp-json\/wp\/v2\/types\/page"}],"author":[{"embeddable":true,"href":"http:\/\/www.zfrapid.com\/fr\/wp-json\/wp\/v2\/users\/1"}],"replies":[{"embeddable":true,"href":"http:\/\/www.zfrapid.com\/fr\/wp-json\/wp\/v2\/comments?post=161"}],"version-history":[{"count":2,"href":"http:\/\/www.zfrapid.com\/fr\/wp-json\/wp\/v2\/pages\/161\/revisions"}],"predecessor-version":[{"id":165,"href":"http:\/\/www.zfrapid.com\/fr\/wp-json\/wp\/v2\/pages\/161\/revisions\/165"}],"wp:attachment":[{"href":"http:\/\/www.zfrapid.com\/fr\/wp-json\/wp\/v2\/media?parent=161"}],"curies":[{"name":"wp","href":"https:\/\/api.w.org\/{rel}","templated":true}]}}