{"id":16,"date":"2023-09-12T10:23:45","date_gmt":"2023-09-12T02:23:45","guid":{"rendered":"http:\/\/www.zfrapid.com\/?page_id=16"},"modified":"2023-10-13T09:53:08","modified_gmt":"2023-10-13T01:53:08","slug":"rapid-prototypling","status":"publish","type":"page","link":"http:\/\/www.zfrapid.com\/fr\/rapid-prototypling\/","title":{"rendered":"Prototypage rapide"},"content":{"rendered":"<h3><strong>Prototypage rapide<\/strong><\/h3>\n<p>ZF, avec une exp\u00e9rience compl\u00e8te dans le prototypage rapide, a form\u00e9 une \u00e9quipe de techniciens sp\u00e9cialis\u00e9s de haute qualit\u00e9 avec une technologie et des \u00e9quipements de pointe et d&#039;excellents services, offrant des produits comp\u00e9titifs avantageux \u00e0 nos clients.<\/p>\n<p>&nbsp;<\/p>\n<h3><strong>Qu\u2019est-ce que le prototypage rapide ?<\/strong><\/h3>\n<p>Le prototypage rapide est le processus de production d&#039;un produit complet dans les plus brefs d\u00e9lais en utilisant une gamme de technologies et d&#039;\u00e9quipements avanc\u00e9s selon le dessin. Le prototypage rapide est n\u00e9cessaire au stade du d\u00e9veloppement d\u2019un produit, car il permet de tester et d\u2019\u00e9valuer un nouveau produit s\u2019il est r\u00e9alisable.<\/p>\n<p>&nbsp;<\/p>\n<p>&nbsp;<\/p>\n<h3><strong>Service de prototypage rapide Usinage CNC<\/strong><\/h3>\n<p>L&#039;usinage CNC est largement utilis\u00e9 dans le traitement des produits m\u00e9talliques et plastiques techniques, qui peuvent r\u00e9pondre aux exigences de haute pr\u00e9cision. Selon le dessin 3D du client, l&#039;usinage CNC peut produire un produit complet en peu de temps.<\/p>\n<h3><strong>impression en 3D<\/strong><\/h3>\n<p>L&#039;impression 3D peut donner naissance \u00e0 un moule pour un produit \u00e0 structure complexe, alors que la pr\u00e9cision n&#039;est pas sup\u00e9rieure \u00e0 celle de l&#039;usinage CNC. Par cons\u00e9quent, cette m\u00e9thode est plus adapt\u00e9e aux produits unitaires et complexes.<\/p>\n<p>&nbsp;<\/p>\n<h3><strong>Coul\u00e9e sous vide<\/strong><\/h3>\n<p>M\u00e9thode de coul\u00e9e sous vide, copie du moule en silicone avec prototype. Il peut \u00eatre utilis\u00e9 de la colle dure, de la colle molle ou des mat\u00e9riaux transparents pour copier le produit et sortir 30 unit\u00e9s dans un moule en silicone. Le prototype peut \u00eatre produit par impression 3D et usinage CNC, ou peut \u00eatre fourni par les clients.<\/p>\n<p>&nbsp;<\/p>\n<h3><strong>Fabrication de t\u00f4le<\/strong><\/h3>\n<p>Les pi\u00e8ces en t\u00f4le sont form\u00e9es en pliant des t\u00f4les ou en emboutissant des pi\u00e8ces de matrice, l&#039;utilisation de mat\u00e9riaux m\u00e9talliques est l&#039;acier inoxydable, l&#039;aluminium, l&#039;acier, le cuivre, etc., le processus de formage comprenant la d\u00e9coupe laser, le pliage CNC, l&#039;estampage, les inserts, le soudage, etc., apr\u00e8s le traitement de pulv\u00e9risation, pulv\u00e9risation de poudre, \u00e9lectrophor\u00e8se, galvanoplastie, oxydation, etc.<\/p>","protected":false},"excerpt":{"rendered":"<p>Prototypage rapide ZF, forte de son exp\u00e9rience dans le prototypage rapide, dispose d&#039;une \u00e9quipe de techniciens sp\u00e9cialis\u00e9s et hautement qualifi\u00e9s, disposant de technologies et d&#039;\u00e9quipements de pointe et d&#039;excellents services, pour proposer \u00e0 ses clients des produits comp\u00e9titifs. Qu&#039;est-ce que le prototypage rapide\u00a0? Le prototypage rapide est le processus de production d&#039;un produit complet dans les meilleurs d\u00e9lais gr\u00e2ce \u00e0 une gamme de technologies de pointe [\u2026]<\/p>","protected":false},"author":1,"featured_media":0,"parent":0,"menu_order":0,"comment_status":"closed","ping_status":"closed","template":"page\/Certificate.php","meta":{"footnotes":""},"class_list":["post-16","page","type-page","status-publish","hentry"],"_links":{"self":[{"href":"http:\/\/www.zfrapid.com\/fr\/wp-json\/wp\/v2\/pages\/16","targetHints":{"allow":["GET"]}}],"collection":[{"href":"http:\/\/www.zfrapid.com\/fr\/wp-json\/wp\/v2\/pages"}],"about":[{"href":"http:\/\/www.zfrapid.com\/fr\/wp-json\/wp\/v2\/types\/page"}],"author":[{"embeddable":true,"href":"http:\/\/www.zfrapid.com\/fr\/wp-json\/wp\/v2\/users\/1"}],"replies":[{"embeddable":true,"href":"http:\/\/www.zfrapid.com\/fr\/wp-json\/wp\/v2\/comments?post=16"}],"version-history":[{"count":4,"href":"http:\/\/www.zfrapid.com\/fr\/wp-json\/wp\/v2\/pages\/16\/revisions"}],"predecessor-version":[{"id":90,"href":"http:\/\/www.zfrapid.com\/fr\/wp-json\/wp\/v2\/pages\/16\/revisions\/90"}],"wp:attachment":[{"href":"http:\/\/www.zfrapid.com\/fr\/wp-json\/wp\/v2\/media?parent=16"}],"curies":[{"name":"wp","href":"https:\/\/api.w.org\/{rel}","templated":true}]}}