{"id":155,"date":"2023-10-13T14:59:17","date_gmt":"2023-10-13T06:59:17","guid":{"rendered":"http:\/\/www.zfrapid.com\/?page_id=155"},"modified":"2023-10-13T14:59:29","modified_gmt":"2023-10-13T06:59:29","slug":"consumer-electronics","status":"publish","type":"page","link":"http:\/\/www.zfrapid.com\/fr\/consumer-electronics\/","title":{"rendered":"Electronique grand public"},"content":{"rendered":"<p><strong>Electronique grand public<\/strong><\/p>\n<p>Le d\u00e9veloppement rapide des produits de consommation est \u00e9galement un \u00e9l\u00e9ment indispensable de la vie humaine, la concurrence des produits \u00e9lectroniques grand public sur le march\u00e9 est \u00e9galement extr\u00eamement f\u00e9roce et les ing\u00e9nieurs et concepteurs de produits acc\u00e9l\u00e8rent constamment l&#039;innovation. L&#039;usinage CNC et la technologie d&#039;impression 3D sont utilis\u00e9s dans le prototypage rapide via un prototypage pr\u00e9liminaire pour v\u00e9rifier rapidement la faisabilit\u00e9 des produits, r\u00e9duire les risques et les co\u00fbts, raccourcir le cycle de d\u00e9veloppement, lancer rapidement sur le march\u00e9 et passer de la production en petits lots \u00e0 la production de masse.<\/p>\n<p>&nbsp;<\/p>\n<p style=\"text-align: center;\"><img loading=\"lazy\" decoding=\"async\" class=\"alignnone size-medium wp-image-156\" src=\"http:\/\/www.zfrapid.com\/wp-content\/uploads\/2023\/10\/\u56fe\u724711-300x198.png\" alt=\"\" width=\"300\" height=\"198\" srcset=\"http:\/\/www.zfrapid.com\/wp-content\/uploads\/2023\/10\/\u56fe\u724711-300x198.png 300w, http:\/\/www.zfrapid.com\/wp-content\/uploads\/2023\/10\/\u56fe\u724711-1024x677.png 1024w, http:\/\/www.zfrapid.com\/wp-content\/uploads\/2023\/10\/\u56fe\u724711-768x508.png 768w, http:\/\/www.zfrapid.com\/wp-content\/uploads\/2023\/10\/\u56fe\u724711-18x12.png 18w, http:\/\/www.zfrapid.com\/wp-content\/uploads\/2023\/10\/\u56fe\u724711.png 1150w\" sizes=\"auto, (max-width: 300px) 100vw, 300px\" \/> <img loading=\"lazy\" decoding=\"async\" class=\"alignnone size-medium wp-image-157\" src=\"http:\/\/www.zfrapid.com\/wp-content\/uploads\/2023\/10\/\u56fe\u724710-300x225.png\" alt=\"\" width=\"300\" height=\"225\" srcset=\"http:\/\/www.zfrapid.com\/wp-content\/uploads\/2023\/10\/\u56fe\u724710-300x225.png 300w, http:\/\/www.zfrapid.com\/wp-content\/uploads\/2023\/10\/\u56fe\u724710-1024x768.png 1024w, http:\/\/www.zfrapid.com\/wp-content\/uploads\/2023\/10\/\u56fe\u724710-768x576.png 768w, http:\/\/www.zfrapid.com\/wp-content\/uploads\/2023\/10\/\u56fe\u724710-16x12.png 16w, http:\/\/www.zfrapid.com\/wp-content\/uploads\/2023\/10\/\u56fe\u724710.png 1440w\" sizes=\"auto, (max-width: 300px) 100vw, 300px\" \/><\/p>\n<p><strong>APPLICATION DE L&#039;\u00c9LECTRONIQUE GRAND PUBLIC<\/strong><\/p>\n<p>Prototypage rapide : usinage CNC, impression 3D, fabrication de t\u00f4le<br \/>\nOutillage rapide : Prototypage en petites s\u00e9ries, moulage par injection en petites s\u00e9ries<br \/>\nProduction en petites s\u00e9ries de pi\u00e8ces de quincaillerie en plastique\u00a0: usinage CNC, moulage par injection, moulage sous pression, formage par poin\u00e7onnage<br \/>\nSupport \u00e0 la fabrication en usine\u00a0: montages d&#039;assemblage personnalis\u00e9s, montages de contr\u00f4le personnalis\u00e9s<\/p>\n<p>&nbsp;<\/p>\n<p>&nbsp;<\/p>\n<p><strong>Capacit\u00e9s de fabrication de produits \u00e9lectroniques grand public<\/strong><\/p>\n<p><strong>Service d&#039;usinage CNC<\/strong><\/p>\n<p>Nous poss\u00e9dons un atelier de machines-outils CNC de pr\u00e9cision capable d&#039;\u00e9laborer des pi\u00e8ces avec les tol\u00e9rances les plus s\u00e9v\u00e8res et de traiter des prototypes en m\u00e9tal et en plastique ainsi que des pi\u00e8ces de production dans les plus brefs d\u00e9lais.<\/p>\n<p>&nbsp;<\/p>\n<p><strong>Service de moulage par injection<\/strong><\/p>\n<p>Nos caract\u00e9ristiques de moulage par injection en petits lots avec un d\u00e9lai de livraison rapide, nous utilisons un outillage rapide pour acc\u00e9l\u00e9rer le cycle de fabrication des produits, permettre aux produits d&#039;entrer plus rapidement sur le march\u00e9 et r\u00e9duire le risque d&#039;investissement.<\/p>\n<p>&nbsp;<\/p>\n<p><strong>Service d&#039;impression 3D<\/strong><\/p>\n<p>Le prototypage rapide de l&#039;impression 3D vous permet de r\u00e9aliser des pi\u00e8ces complexes facilement et rapidement, et nous vous fournirons des services de fabrication additive de haute qualit\u00e9, depuis les prototypes de pr\u00e9cision jusqu&#039;aux pi\u00e8ces de production en petits lots.<\/p>","protected":false},"excerpt":{"rendered":"<p>\u00c9lectronique grand public. Le d\u00e9veloppement rapide des produits de consommation est indispensable \u00e0 la vie humaine. La concurrence sur le march\u00e9 de l&#039;\u00e9lectronique grand public est extr\u00eamement f\u00e9roce, et les ing\u00e9nieurs et concepteurs de produits acc\u00e9l\u00e8rent constamment l&#039;innovation. L&#039;usinage CNC et l&#039;impression 3D sont utilis\u00e9s dans le prototypage rapide, notamment par le biais du prototypage pr\u00e9liminaire, pour v\u00e9rifier rapidement [\u2026]<\/p>","protected":false},"author":1,"featured_media":0,"parent":0,"menu_order":0,"comment_status":"closed","ping_status":"closed","template":"page\/Certificate.php","meta":{"footnotes":""},"class_list":["post-155","page","type-page","status-publish","hentry"],"_links":{"self":[{"href":"http:\/\/www.zfrapid.com\/fr\/wp-json\/wp\/v2\/pages\/155","targetHints":{"allow":["GET"]}}],"collection":[{"href":"http:\/\/www.zfrapid.com\/fr\/wp-json\/wp\/v2\/pages"}],"about":[{"href":"http:\/\/www.zfrapid.com\/fr\/wp-json\/wp\/v2\/types\/page"}],"author":[{"embeddable":true,"href":"http:\/\/www.zfrapid.com\/fr\/wp-json\/wp\/v2\/users\/1"}],"replies":[{"embeddable":true,"href":"http:\/\/www.zfrapid.com\/fr\/wp-json\/wp\/v2\/comments?post=155"}],"version-history":[{"count":2,"href":"http:\/\/www.zfrapid.com\/fr\/wp-json\/wp\/v2\/pages\/155\/revisions"}],"predecessor-version":[{"id":159,"href":"http:\/\/www.zfrapid.com\/fr\/wp-json\/wp\/v2\/pages\/155\/revisions\/159"}],"wp:attachment":[{"href":"http:\/\/www.zfrapid.com\/fr\/wp-json\/wp\/v2\/media?parent=155"}],"curies":[{"name":"wp","href":"https:\/\/api.w.org\/{rel}","templated":true}]}}