{"id":144,"date":"2023-10-13T14:55:23","date_gmt":"2023-10-13T06:55:23","guid":{"rendered":"http:\/\/www.zfrapid.com\/?page_id=144"},"modified":"2023-10-13T14:56:56","modified_gmt":"2023-10-13T06:56:56","slug":"automotive","status":"publish","type":"page","link":"http:\/\/www.zfrapid.com\/fr\/automotive\/","title":{"rendered":"AUTOMOBILE"},"content":{"rendered":"<p>Avec le d\u00e9veloppement rapide de l&#039;industrie automobile et la promotion continue de l&#039;innovation des v\u00e9hicules \u00e9lectriques hybrides, des connecteurs autonomes et mont\u00e9s sur v\u00e9hicule, il est possible d&#039;\u00e9laborer des prototypes de fabrication dans des d\u00e9lais extr\u00eamement courts gr\u00e2ce \u00e0 la technologie de prototypage rapide CNC pour tester la fonction et v\u00e9rifier la rationalit\u00e9. d&#039;apparence et de design. La technologie d&#039;usinage CNC rapide et la technologie d&#039;impression 3D sont utilis\u00e9es dans la conception et la fabrication des premiers prototypes, et l&#039;\u00e9chantillon de pi\u00e8ce simple peut \u00eatre fabriqu\u00e9 dans un d\u00e9lai d&#039;une journ\u00e9e dans les meilleurs d\u00e9lais. \u00c0 l&#039;avenir, la production en petites s\u00e9ries et la production de masse, le moulage par injection, le moulage sous pression, le formage par poin\u00e7onnage et l&#039;usinage CNC seront des processus de production indispensables.<\/p>\n<p>&nbsp;<\/p>\n<p>&nbsp;<\/p>\n<p><img loading=\"lazy\" decoding=\"async\" class=\"alignnone size-medium wp-image-145\" src=\"http:\/\/www.zfrapid.com\/wp-content\/uploads\/2023\/10\/\u56fe\u72479-300x201.png\" alt=\"\" width=\"300\" height=\"201\" srcset=\"http:\/\/www.zfrapid.com\/wp-content\/uploads\/2023\/10\/\u56fe\u72479-300x201.png 300w, http:\/\/www.zfrapid.com\/wp-content\/uploads\/2023\/10\/\u56fe\u72479-1024x687.png 1024w, http:\/\/www.zfrapid.com\/wp-content\/uploads\/2023\/10\/\u56fe\u72479-768x516.png 768w, http:\/\/www.zfrapid.com\/wp-content\/uploads\/2023\/10\/\u56fe\u72479-18x12.png 18w, http:\/\/www.zfrapid.com\/wp-content\/uploads\/2023\/10\/\u56fe\u72479.png 1311w\" sizes=\"auto, (max-width: 300px) 100vw, 300px\" \/><\/p>\n<p>&nbsp;<\/p>\n<p>&nbsp;<\/p>\n<h3><strong>APPLICATIONS DES PI\u00c8CES AUTOMOBILES DE PR\u00c9CISION<\/strong><\/h3>\n<p>Prototypage rapide : usinage CNC, impression 3D, fabrication de t\u00f4le<\/p>\n<p>Petits lots de prototypes de pi\u00e8ces m\u00e9talliques et plastiques de pr\u00e9cision\u00a0: usinage CNC, moulage par injection rapide, fabrication de t\u00f4les<\/p>\n<p>Pi\u00e8ces de production en petites s\u00e9ries\u00a0: usinage CNC, moulage par injection, moulage sous pression, usinage par poin\u00e7onnage<\/p>\n<p>Support \u00e0 la fabrication en usine\u00a0: montages d&#039;assemblage personnalis\u00e9s, montages de contr\u00f4le personnalis\u00e9s<\/p>\n<p>&nbsp;<\/p>\n<p>&nbsp;<\/p>\n<p><img loading=\"lazy\" decoding=\"async\" class=\"size-medium wp-image-146 alignleft\" src=\"http:\/\/www.zfrapid.com\/wp-content\/uploads\/2023\/10\/\u56fe\u72478-300x240.png\" alt=\"\" width=\"300\" height=\"240\" srcset=\"http:\/\/www.zfrapid.com\/wp-content\/uploads\/2023\/10\/\u56fe\u72478-300x240.png 300w, http:\/\/www.zfrapid.com\/wp-content\/uploads\/2023\/10\/\u56fe\u72478-1024x819.png 1024w, http:\/\/www.zfrapid.com\/wp-content\/uploads\/2023\/10\/\u56fe\u72478-768x614.png 768w, http:\/\/www.zfrapid.com\/wp-content\/uploads\/2023\/10\/\u56fe\u72478-15x12.png 15w, http:\/\/www.zfrapid.com\/wp-content\/uploads\/2023\/10\/\u56fe\u72478.png 1280w\" sizes=\"auto, (max-width: 300px) 100vw, 300px\" \/><\/p>\n<p>&nbsp;<\/p>\n<p>&nbsp;<\/p>\n<p>&nbsp;<\/p>\n<p>&nbsp;<\/p>\n<p>&nbsp;<\/p>\n<p>&nbsp;<\/p>\n<p>&nbsp;<\/p>\n<p><strong>Capacit\u00e9s de fabrication de pi\u00e8ces automobiles<\/strong><\/p>\n<p><strong>Service d&#039;usinage CNC<\/strong><br \/>\nNous poss\u00e9dons un atelier de machines-outils CNC de pr\u00e9cision capable d&#039;\u00e9laborer des pi\u00e8ces avec les tol\u00e9rances les plus s\u00e9v\u00e8res et de traiter des prototypes en m\u00e9tal et en plastique ainsi que des pi\u00e8ces de production dans les plus brefs d\u00e9lais.<\/p>\n<p>&nbsp;<\/p>\n<p><strong>Service de moulage par injection<\/strong><br \/>\nNos caract\u00e9ristiques de moulage par injection en petits lots avec un d\u00e9lai de livraison rapide, nous utilisons un outillage rapide pour acc\u00e9l\u00e9rer le cycle de fabrication des produits, permettre aux produits d&#039;entrer plus rapidement sur le march\u00e9 et r\u00e9duire le risque d&#039;investissement.<\/p>\n<p>&nbsp;<\/p>\n<p><strong>Service d&#039;impression 3D<\/strong><br \/>\nLe prototypage rapide de l&#039;impression 3D vous permet de r\u00e9aliser des pi\u00e8ces complexes facilement et rapidement, et nous vous fournirons des services de fabrication additive de haute qualit\u00e9, depuis les prototypes de pr\u00e9cision jusqu&#039;aux pi\u00e8ces de production en petits lots.<\/p>","protected":false},"excerpt":{"rendered":"<p>Avec le d\u00e9veloppement rapide de l&#039;industrie automobile et l&#039;innovation continue dans les domaines des v\u00e9hicules hybrides \u00e9lectriques, de la conduite autonome et des connecteurs embarqu\u00e9s, la technologie de prototypage rapide CNC permet de r\u00e9aliser des prototypes de fabrication dans des d\u00e9lais extr\u00eamement courts, afin de tester le fonctionnement et de v\u00e9rifier la rationalit\u00e9 de l&#039;apparence et du design. L&#039;usinage CNC rapide et l&#039;impression 3D [\u2026]<\/p>","protected":false},"author":1,"featured_media":0,"parent":0,"menu_order":0,"comment_status":"closed","ping_status":"closed","template":"page\/Certificate.php","meta":{"footnotes":""},"class_list":["post-144","page","type-page","status-publish","hentry"],"_links":{"self":[{"href":"http:\/\/www.zfrapid.com\/fr\/wp-json\/wp\/v2\/pages\/144","targetHints":{"allow":["GET"]}}],"collection":[{"href":"http:\/\/www.zfrapid.com\/fr\/wp-json\/wp\/v2\/pages"}],"about":[{"href":"http:\/\/www.zfrapid.com\/fr\/wp-json\/wp\/v2\/types\/page"}],"author":[{"embeddable":true,"href":"http:\/\/www.zfrapid.com\/fr\/wp-json\/wp\/v2\/users\/1"}],"replies":[{"embeddable":true,"href":"http:\/\/www.zfrapid.com\/fr\/wp-json\/wp\/v2\/comments?post=144"}],"version-history":[{"count":5,"href":"http:\/\/www.zfrapid.com\/fr\/wp-json\/wp\/v2\/pages\/144\/revisions"}],"predecessor-version":[{"id":152,"href":"http:\/\/www.zfrapid.com\/fr\/wp-json\/wp\/v2\/pages\/144\/revisions\/152"}],"wp:attachment":[{"href":"http:\/\/www.zfrapid.com\/fr\/wp-json\/wp\/v2\/media?parent=144"}],"curies":[{"name":"wp","href":"https:\/\/api.w.org\/{rel}","templated":true}]}}