{"id":139,"date":"2023-10-13T14:51:17","date_gmt":"2023-10-13T06:51:17","guid":{"rendered":"http:\/\/www.zfrapid.com\/?page_id=139"},"modified":"2023-10-13T14:51:17","modified_gmt":"2023-10-13T06:51:17","slug":"aerospace","status":"publish","type":"page","link":"http:\/\/www.zfrapid.com\/fr\/aerospace\/","title":{"rendered":"A\u00c9ROSPATIAL"},"content":{"rendered":"<p><strong>A\u00c9ROSPATIAL\u00a0\u00a0<\/strong><\/p>\n<p>Actuellement, les exigences en mati\u00e8re de technologie d&#039;usinage et de propri\u00e9t\u00e9s des mat\u00e9riaux des pi\u00e8ces a\u00e9rospatiales complexes typiques sont de plus en plus \u00e9lev\u00e9es avec le d\u00e9veloppement rapide de l&#039;industrie a\u00e9rospatiale. L&#039;usinage CNC, d\u00e9velopp\u00e9 depuis les premiers prototypages et la confirmation de la conception jusqu&#039;aux tests de d\u00e9collage, est devenu un \u00e9l\u00e9ment indispensable de la fabrication a\u00e9rospatiale. La qualit\u00e9 de toutes les pi\u00e8ces a\u00e9rospatiales est strictement contr\u00f4l\u00e9e et l&#039;ensemble du lien de fabrication, depuis la s\u00e9lection et la v\u00e9rification des mat\u00e9riaux jusqu&#039;\u00e0 l&#039;usinage CNC de haute pr\u00e9cision, est contr\u00f4l\u00e9 par le syst\u00e8me ou les normes de qualit\u00e9 de l&#039;industrie.<\/p>\n<p>&nbsp;<\/p>\n<p>&nbsp;<\/p>\n<p><strong>APPLICATIONS A\u00c9ROSPATIALES<\/strong><\/p>\n<p>Usinage de prototypes de pi\u00e8ces de pr\u00e9cision avec CNC Fabrication rapide de prototypes de pi\u00e8ces avec impression 3D Fabrication de composants a\u00e9rospatiaux complexes et de haute pr\u00e9cision D\u00e9veloppement de production en petites s\u00e9ries de pi\u00e8ces a\u00e9rospatiales Outillage, montages et outils d&#039;inspection rapides<\/p>\n<p>&nbsp;<\/p>\n<p>&nbsp;<\/p>\n<p><img loading=\"lazy\" decoding=\"async\" class=\"alignnone size-medium wp-image-140\" src=\"http:\/\/www.zfrapid.com\/wp-content\/uploads\/2023\/10\/\u56fe\u72476-300x225.png\" alt=\"\" width=\"300\" height=\"225\" srcset=\"http:\/\/www.zfrapid.com\/wp-content\/uploads\/2023\/10\/\u56fe\u72476-300x225.png 300w, http:\/\/www.zfrapid.com\/wp-content\/uploads\/2023\/10\/\u56fe\u72476-1024x768.png 1024w, http:\/\/www.zfrapid.com\/wp-content\/uploads\/2023\/10\/\u56fe\u72476-768x576.png 768w, http:\/\/www.zfrapid.com\/wp-content\/uploads\/2023\/10\/\u56fe\u72476-1536x1152.png 1536w, http:\/\/www.zfrapid.com\/wp-content\/uploads\/2023\/10\/\u56fe\u72476-2048x1536.png 2048w, http:\/\/www.zfrapid.com\/wp-content\/uploads\/2023\/10\/\u56fe\u72476-16x12.png 16w\" sizes=\"auto, (max-width: 300px) 100vw, 300px\" \/> <img loading=\"lazy\" decoding=\"async\" class=\"alignnone size-medium wp-image-141\" src=\"http:\/\/www.zfrapid.com\/wp-content\/uploads\/2023\/10\/\u56fe\u72475-300x224.png\" alt=\"\" width=\"300\" height=\"224\" srcset=\"http:\/\/www.zfrapid.com\/wp-content\/uploads\/2023\/10\/\u56fe\u72475-300x224.png 300w, http:\/\/www.zfrapid.com\/wp-content\/uploads\/2023\/10\/\u56fe\u72475-16x12.png 16w, http:\/\/www.zfrapid.com\/wp-content\/uploads\/2023\/10\/\u56fe\u72475.png 746w\" sizes=\"auto, (max-width: 300px) 100vw, 300px\" \/><\/p>\n<p>&nbsp;<\/p>\n<p><strong>Capacit\u00e9s de fabrication A\u00c9ROSPATIALE<\/strong><\/p>\n<p>&nbsp;<\/p>\n<p><strong> Service d&#039;usinage CNC<\/strong><\/p>\n<p>Nous poss\u00e9dons un atelier de machines-outils CNC de pr\u00e9cision capable d&#039;\u00e9laborer des pi\u00e8ces avec les tol\u00e9rances les plus s\u00e9v\u00e8res et de traiter des prototypes en m\u00e9tal et en plastique ainsi que des pi\u00e8ces de production dans les plus brefs d\u00e9lais.<\/p>\n<p>&nbsp;<\/p>\n<p>&nbsp;<\/p>\n<p><strong>Service de moulage par injection<\/strong><\/p>\n<p>Nos caract\u00e9ristiques de moulage par injection en petits lots avec un d\u00e9lai de livraison rapide, nous utilisons un outillage rapide pour acc\u00e9l\u00e9rer le cycle de fabrication des produits, permettre aux produits d&#039;entrer plus rapidement sur le march\u00e9 et r\u00e9duire le risque d&#039;investissement.<\/p>\n<p>&nbsp;<\/p>\n<p>&nbsp;<\/p>\n<p><strong>Service d&#039;impression 3D<\/strong><\/p>\n<p>Le prototypage rapide de l&#039;impression 3D vous permet de r\u00e9aliser des pi\u00e8ces complexes facilement et rapidement, et nous vous fournirons des services de fabrication additive de haute qualit\u00e9, depuis les prototypes de pr\u00e9cision jusqu&#039;aux pi\u00e8ces de production en petits lots.<\/p>\n<p>&nbsp;<\/p>\n<p>&nbsp;<\/p>","protected":false},"excerpt":{"rendered":"<p>A\u00c9ROSPATIALE. Avec le d\u00e9veloppement rapide de l&#039;industrie a\u00e9rospatiale, les exigences en mati\u00e8re de technologie d&#039;usinage et de propri\u00e9t\u00e9s des mat\u00e9riaux des pi\u00e8ces a\u00e9rospatiales complexes sont de plus en plus \u00e9lev\u00e9es. L&#039;usinage CNC, d\u00e9velopp\u00e9 depuis le prototypage et la validation de la conception jusqu&#039;aux essais au d\u00e9collage, est devenu un \u00e9l\u00e9ment indispensable de la fabrication a\u00e9rospatiale. La qualit\u00e9 de toutes les pi\u00e8ces a\u00e9rospatiales est strictement contr\u00f4l\u00e9e [\u2026]<\/p>","protected":false},"author":1,"featured_media":0,"parent":0,"menu_order":0,"comment_status":"closed","ping_status":"closed","template":"page\/Certificate.php","meta":{"footnotes":""},"class_list":["post-139","page","type-page","status-publish","hentry"],"_links":{"self":[{"href":"http:\/\/www.zfrapid.com\/fr\/wp-json\/wp\/v2\/pages\/139","targetHints":{"allow":["GET"]}}],"collection":[{"href":"http:\/\/www.zfrapid.com\/fr\/wp-json\/wp\/v2\/pages"}],"about":[{"href":"http:\/\/www.zfrapid.com\/fr\/wp-json\/wp\/v2\/types\/page"}],"author":[{"embeddable":true,"href":"http:\/\/www.zfrapid.com\/fr\/wp-json\/wp\/v2\/users\/1"}],"replies":[{"embeddable":true,"href":"http:\/\/www.zfrapid.com\/fr\/wp-json\/wp\/v2\/comments?post=139"}],"version-history":[{"count":1,"href":"http:\/\/www.zfrapid.com\/fr\/wp-json\/wp\/v2\/pages\/139\/revisions"}],"predecessor-version":[{"id":142,"href":"http:\/\/www.zfrapid.com\/fr\/wp-json\/wp\/v2\/pages\/139\/revisions\/142"}],"wp:attachment":[{"href":"http:\/\/www.zfrapid.com\/fr\/wp-json\/wp\/v2\/media?parent=139"}],"curies":[{"name":"wp","href":"https:\/\/api.w.org\/{rel}","templated":true}]}}