{"id":130,"date":"2023-10-13T14:46:31","date_gmt":"2023-10-13T06:46:31","guid":{"rendered":"http:\/\/www.zfrapid.com\/?page_id=130"},"modified":"2024-06-14T15:59:15","modified_gmt":"2024-06-14T07:59:15","slug":"industries","status":"publish","type":"page","link":"http:\/\/www.zfrapid.com\/fr\/industries\/","title":{"rendered":"les industries"},"content":{"rendered":"<p><strong>M\u00c9DICAL<\/strong><\/p>\n<p>&nbsp;<\/p>\n<p>De nombreuses pi\u00e8ces de pr\u00e9cision, pi\u00e8ces en mat\u00e9riaux sp\u00e9ciaux, premi\u00e8res productions de prototypes et, plus tard, production en petites s\u00e9ries sont impliqu\u00e9es dans les dispositifs m\u00e9dicaux. L&#039;usinage CNC est un processus de fabrication fr\u00e9quemment utilis\u00e9 et peut r\u00e9pondre aux exigences \u00e9lev\u00e9es en mati\u00e8re de tol\u00e9rance de fabrication de pr\u00e9cision. Le prototypage rapide, maillon essentiel de la phase de d\u00e9veloppement, permet de v\u00e9rifier la rationalit\u00e9 de la conception des \u00e9quipements m\u00e9dicaux, dans un souci d&#039;\u00e9conomie de temps et de co\u00fbt de d\u00e9veloppement. La production en petites s\u00e9ries peut entrer rapidement sur le march\u00e9 et r\u00e9duire les risques li\u00e9s au co\u00fbt d&#039;investissement.<\/p>\n<p>&nbsp;<\/p>\n<p><img loading=\"lazy\" decoding=\"async\" class=\"alignnone wp-image-133 alignleft\" src=\"http:\/\/www.zfrapid.com\/wp-content\/uploads\/2023\/10\/\u56fe\u72472-300x225.png\" alt=\"\" width=\"500\" height=\"461\" \/><\/p>\n<p><img loading=\"lazy\" decoding=\"async\" class=\"alignnone wp-image-133 alignleft\" src=\"http:\/\/www.zfrapid.com\/wp-content\/uploads\/2023\/10\/\u56fe\u72474-300x225.png\" alt=\"\" width=\"500\" height=\"463\" \/><\/p>\n<h3><\/h3>\n<h3><\/h3>\n<h3><\/h3>\n<h3><\/h3>\n<h3><\/h3>\n<h3><\/h3>\n<h3><\/h3>\n<h3><\/h3>\n<h3><\/h3>\n<h3><strong>applications pour dispositifs et mat\u00e9riels m\u00e9dicaux<\/strong><\/h3>\n<p>&nbsp;<\/p>\n<p>Mat\u00e9riel de tests m\u00e9dicaux<\/p>\n<p>Pi\u00e8ces de ventilateurs<\/p>\n<p>Appareils portables<\/p>\n<p>Prototypes implantables<\/p>\n<p>Instruments chirurgicaux<\/p>\n<p>Composants proth\u00e9tiques<\/p>\n<p>Montage sur mesure<\/p>\n<p>Appareils portables<\/p>\n<p>&nbsp;<\/p>\n<p>&nbsp;<\/p>\n<p><strong>Capacit\u00e9s de fabrication m\u00e9dicale<\/strong><\/p>\n<p>&nbsp;<\/p>\n<p>&nbsp;<\/p>\n<p><strong>Service d&#039;usinage CNC<\/strong><\/p>\n<p>Nous poss\u00e9dons un atelier de machines-outils CNC de pr\u00e9cision capable d&#039;\u00e9laborer des pi\u00e8ces avec les tol\u00e9rances les plus s\u00e9v\u00e8res et de traiter des prototypes en m\u00e9tal et en plastique ainsi que des pi\u00e8ces de production dans les plus brefs d\u00e9lais.<\/p>\n<p>&nbsp;<\/p>\n<p>&nbsp;<\/p>\n<p><strong> Service de moulage par injection<\/strong><\/p>\n<p>Nos caract\u00e9ristiques de moulage par injection en petits lots avec un d\u00e9lai de livraison rapide, nous utilisons un outillage rapide pour acc\u00e9l\u00e9rer le cycle de fabrication des produits, permettre aux produits d&#039;entrer plus rapidement sur le march\u00e9 et r\u00e9duire le risque d&#039;investissement.<\/p>\n<p>&nbsp;<\/p>\n<p><img loading=\"lazy\" decoding=\"async\" class=\"wp-image-132 aligncenter\" src=\"http:\/\/www.zfrapid.com\/wp-content\/uploads\/2023\/10\/\u56fe\u72473-300x225.png\" alt=\"\" width=\"529\" height=\"397\" srcset=\"http:\/\/www.zfrapid.com\/wp-content\/uploads\/2023\/10\/\u56fe\u72473-300x225.png 300w, http:\/\/www.zfrapid.com\/wp-content\/uploads\/2023\/10\/\u56fe\u72473-1024x768.png 1024w, http:\/\/www.zfrapid.com\/wp-content\/uploads\/2023\/10\/\u56fe\u72473-768x576.png 768w, http:\/\/www.zfrapid.com\/wp-content\/uploads\/2023\/10\/\u56fe\u72473-1536x1152.png 1536w, http:\/\/www.zfrapid.com\/wp-content\/uploads\/2023\/10\/\u56fe\u72473-2048x1536.png 2048w, http:\/\/www.zfrapid.com\/wp-content\/uploads\/2023\/10\/\u56fe\u72473-16x12.png 16w\" sizes=\"auto, (max-width: 529px) 100vw, 529px\" \/><\/p>\n<p>&nbsp;<\/p>\n<p>&nbsp;<\/p>\n<p>&nbsp;<\/p>\n<p><strong>Service d&#039;impression 3D<\/strong><\/p>\n<p>Le prototypage rapide de l&#039;impression 3D vous permet de r\u00e9aliser des pi\u00e8ces complexes facilement et rapidement, et nous vous fournirons des services de fabrication additive de haute qualit\u00e9, depuis les prototypes de pr\u00e9cision jusqu&#039;aux pi\u00e8ces de production en petits lots.<\/p>","protected":false},"excerpt":{"rendered":"<p>MEDICAL &nbsp; Numerous precision parts, special material parts, early prototype production and later small-batch production are involved in medical devices. CNC machining is a frequently-used manufacturing process, and it can meet the high requirement on the tolerance of precision manufacturing. Rapid prototyping, an essential link in the development stage, is used to verify the rationality [&hellip;]<\/p>","protected":false},"author":1,"featured_media":0,"parent":0,"menu_order":0,"comment_status":"closed","ping_status":"closed","template":"page\/Certificate.php","meta":{"footnotes":""},"class_list":["post-130","page","type-page","status-publish","hentry"],"_links":{"self":[{"href":"http:\/\/www.zfrapid.com\/fr\/wp-json\/wp\/v2\/pages\/130","targetHints":{"allow":["GET"]}}],"collection":[{"href":"http:\/\/www.zfrapid.com\/fr\/wp-json\/wp\/v2\/pages"}],"about":[{"href":"http:\/\/www.zfrapid.com\/fr\/wp-json\/wp\/v2\/types\/page"}],"author":[{"embeddable":true,"href":"http:\/\/www.zfrapid.com\/fr\/wp-json\/wp\/v2\/users\/1"}],"replies":[{"embeddable":true,"href":"http:\/\/www.zfrapid.com\/fr\/wp-json\/wp\/v2\/comments?post=130"}],"version-history":[{"count":17,"href":"http:\/\/www.zfrapid.com\/fr\/wp-json\/wp\/v2\/pages\/130\/revisions"}],"predecessor-version":[{"id":189,"href":"http:\/\/www.zfrapid.com\/fr\/wp-json\/wp\/v2\/pages\/130\/revisions\/189"}],"wp:attachment":[{"href":"http:\/\/www.zfrapid.com\/fr\/wp-json\/wp\/v2\/media?parent=130"}],"curies":[{"name":"wp","href":"https:\/\/api.w.org\/{rel}","templated":true}]}}