{"id":103,"date":"2023-10-13T10:13:10","date_gmt":"2023-10-13T02:13:10","guid":{"rendered":"http:\/\/www.zfrapid.com\/?page_id=103"},"modified":"2023-10-13T10:13:21","modified_gmt":"2023-10-13T02:13:21","slug":"aluminum-extrusion","status":"publish","type":"page","link":"http:\/\/www.zfrapid.com\/fr\/aluminum-extrusion\/","title":{"rendered":"Extrusion d&#039;aluminium"},"content":{"rendered":"<h3><strong>Extrusion d&#039;aluminium<\/strong><\/h3>\n<p>Nous vous fournissons des services de fabrication de moules, d&#039;extrusion d&#039;aluminium et d&#039;usinage de pi\u00e8ces apr\u00e8s traitement. M\u00eame si vous n&#039;avez besoin que de 50 pi\u00e8ces, nous pouvons les faire pour vous.<\/p>\n<p>&nbsp;<\/p>\n<p>&nbsp;<\/p>\n<h3><strong>Qu&#039;est-ce qu&#039;un profil\u00e9 en aluminium ?<\/strong><\/h3>\n<p>Le profil\u00e9 en aluminium est une sorte de mat\u00e9riau en aluminium avec diff\u00e9rentes formes de section par fusion \u00e0 chaud et extrusion de tige ronde en fonte d&#039;aluminium. Le processus de production de profil\u00e9s en aluminium comprend principalement trois processus : le moulage, l&#039;extrusion et la coloration. La coloration comprend principalement\u00a0: l&#039;oxydation, le rev\u00eatement par \u00e9lectrophor\u00e8se, la pulv\u00e9risation de fluorocarbone, la pulv\u00e9risation de poudre, le transfert de grain de bois et d&#039;autres processus.<\/p>\n<p>&nbsp;<\/p>\n<h3><strong>Avantage du profil\u00e9 en aluminium<\/strong><\/h3>\n<ul>\n<li>facile \u00e0 traiter<\/li>\n<li>faible co\u00fbt du moule<\/li>\n<li>haute qualit\u00e9<\/li>\n<li>performances de refroidissement gofod g<\/li>\n<li>bon effet de traitement de surface<\/li>\n<\/ul>\n<p>&nbsp;<\/p>\n<h3><strong>Moule d&#039;extrusion<\/strong><\/h3>\n<p>La dur\u00e9e de vie du moule d&#039;extrusion est li\u00e9e \u00e0 son mat\u00e9riau, c&#039;est pourquoi nous analysons, concevons et choisissons le mat\u00e9riau du produit apr\u00e8s avoir obtenu son dessin.<\/p>\n<p>&nbsp;<\/p>\n<p>&nbsp;<\/p>\n<h3><strong>Production<\/strong><\/h3>\n<p>Ces derni\u00e8res ann\u00e9es, en raison de la recherche de la miniaturisation et de la l\u00e9g\u00e8ret\u00e9 dans de nombreuses industries, les profil\u00e9s en alliage d&#039;aluminium ont \u00e9t\u00e9 largement utilis\u00e9s dans les radiateurs, les appareils \u00e9lectroniques, l&#039;a\u00e9rospatiale, les transports, la construction et d&#039;autres industries. En cons\u00e9quence, la proportion de produits extrud\u00e9s en aluminium a \u00e9galement augment\u00e9 rapidement. Nous pouvons fournir une vari\u00e9t\u00e9 de services de traitement de produits en aluminium, notamment le moulage par tournage CNC, le moulage par fraisage CNC, le moulage par d\u00e9coupe CNC.<\/p>\n<p>&nbsp;<\/p>\n<p>&nbsp;<\/p>\n<h3><strong>Mat\u00e9riel<\/strong><\/h3>\n<p>Le profil\u00e9 en aluminium porte de nombreux num\u00e9ros de mod\u00e8le, comme 6063, 6061,6005 et 6082.<\/p>","protected":false},"excerpt":{"rendered":"<p>Extrusion d&#039;aluminium. Nous vous proposons la fabrication de moules, l&#039;extrusion d&#039;aluminium et l&#039;usinage de pi\u00e8ces, ainsi que des services de post-traitement. M\u00eame si vous n&#039;avez besoin que de 50 pi\u00e8ces, nous pouvons les fabriquer pour vous. Qu&#039;est-ce qu&#039;un profil\u00e9 en aluminium\u00a0? Un profil\u00e9 en aluminium est un mat\u00e9riau en aluminium, obtenu par fusion \u00e0 chaud et extrusion de tiges rondes en aluminium moul\u00e9, offrant diff\u00e9rentes formes de section. Le processus de production de l&#039;aluminium [\u2026]<\/p>","protected":false},"author":1,"featured_media":0,"parent":0,"menu_order":0,"comment_status":"closed","ping_status":"closed","template":"page\/Certificate.php","meta":{"footnotes":""},"class_list":["post-103","page","type-page","status-publish","hentry"],"_links":{"self":[{"href":"http:\/\/www.zfrapid.com\/fr\/wp-json\/wp\/v2\/pages\/103","targetHints":{"allow":["GET"]}}],"collection":[{"href":"http:\/\/www.zfrapid.com\/fr\/wp-json\/wp\/v2\/pages"}],"about":[{"href":"http:\/\/www.zfrapid.com\/fr\/wp-json\/wp\/v2\/types\/page"}],"author":[{"embeddable":true,"href":"http:\/\/www.zfrapid.com\/fr\/wp-json\/wp\/v2\/users\/1"}],"replies":[{"embeddable":true,"href":"http:\/\/www.zfrapid.com\/fr\/wp-json\/wp\/v2\/comments?post=103"}],"version-history":[{"count":2,"href":"http:\/\/www.zfrapid.com\/fr\/wp-json\/wp\/v2\/pages\/103\/revisions"}],"predecessor-version":[{"id":105,"href":"http:\/\/www.zfrapid.com\/fr\/wp-json\/wp\/v2\/pages\/103\/revisions\/105"}],"wp:attachment":[{"href":"http:\/\/www.zfrapid.com\/fr\/wp-json\/wp\/v2\/media?parent=103"}],"curies":[{"name":"wp","href":"https:\/\/api.w.org\/{rel}","templated":true}]}}