{"id":101,"date":"2023-10-13T10:10:15","date_gmt":"2023-10-13T02:10:15","guid":{"rendered":"http:\/\/www.zfrapid.com\/?page_id=101"},"modified":"2024-06-14T15:55:41","modified_gmt":"2024-06-14T07:55:41","slug":"cnc-machining","status":"publish","type":"page","link":"http:\/\/www.zfrapid.com\/fr\/cnc-machining\/","title":{"rendered":"Usinage CNC"},"content":{"rendered":"<p>zf fournit des services d&#039;usinage CNC comprenant le fraisage, le tournage, la coupe par \u00e9tincelle et au fil et la rectification de surfaces. Une s\u00e9rie d&#039;\u00e9quipements avanc\u00e9s tels que des centres d&#039;usinage \u00e0 3 axes, 4 axes et 5 axes nous aident \u00e0 vous offrir des produits de haute qualit\u00e9.<\/p>\n<p>&nbsp;<\/p>\n<p>&nbsp;<\/p>\n<p>&nbsp;<\/p>\n<h3><strong>Qu&#039;est-ce que l&#039;usinage CNC\u00a0?<\/strong><\/h3>\n<p>L&#039;usinage CNC est une sorte de m\u00e9thode de moulage par enl\u00e8vement de mati\u00e8re, contr\u00f4l\u00e9e par des ing\u00e9nieurs v\u00e9rifiant le dessin 3D. En utilisant des outils de pr\u00e9cision pour \u00e9liminer des mat\u00e9riaux et fabriquer des pi\u00e8ces ou des produits au cours du processus.<\/p>\n<p>&nbsp;<\/p>\n<p>&nbsp;<\/p>\n<h3><strong>Avantage de l&#039;usinage CNC<\/strong><\/h3>\n<ul>\n<li>adapt\u00e9 \u00e0 de nombreuses industries<\/li>\n<li>Convient \u00e0 de nombreux types de traitement des mat\u00e9riaux<\/li>\n<li>haute pr\u00e9cision<\/li>\n<li>faible co\u00fbt<\/li>\n<li>Cycle de production court<\/li>\n<li>une \u00e0 cent milliers de quantit\u00e9s acceptables<\/li>\n<\/ul>\n<p>&nbsp;<\/p>\n<h3><strong> Pi\u00e8ces de fraisage<\/strong><\/h3>\n<p>zf \u00c9quip\u00e9 de centres d&#039;usinage avanc\u00e9s \u00e0 3, 4 et 5 axes, il peut traiter des produits avec des formes 3D complexes, des exigences de haute pr\u00e9cision et des exigences de surface \u00e9lev\u00e9es. Nos ing\u00e9nieurs utilisent un logiciel de programmation combin\u00e9 au centre d&#039;usinage pour le moulage par usinage CNC, les produits de traitement sont des produits en m\u00e9tal et en plastique, vitesse et pr\u00e9cision de traitement, faible co\u00fbt et \u00e9lev\u00e9<\/p>\n<h3><strong>Pi\u00e8ces tournantes<\/strong><\/h3>\n<p>Le tour CNC convient \u00e0 toutes sortes de produits en m\u00e9tal et en plastique, gr\u00e2ce au serrage de la broche, \u00e0 la rotation de la pi\u00e8ce et au mouvement de l&#039;outil pour \u00e9liminer le moulage par rotation du mat\u00e9riau, ce qui permet d&#039;obtenir la forme complexe du cercle ext\u00e9rieur et du trou int\u00e9rieur du traitement du produit.<\/p>\n<p>&nbsp;<\/p>\n<p>&nbsp;<\/p>\n<h3><strong>Usinage EDM<\/strong><\/h3>\n<p>L&#039;usinage EDM est l&#039;usinage par corrosion de mat\u00e9riaux m\u00e9talliques par \u00e9lectro-\u00e9rosion \u00e0 haute r\u00e9sistance \u00e9mise par les \u00e9lectrodes dans l&#039;\u00e9lectrolyte. Edm est \u00e9galement un processus important de fabrication de moules, qui peut \u00eatre utilis\u00e9 pour d\u00e9gager l&#039;angle de la cavit\u00e9 et de la rainure du moule, et peut \u00eatre utilis\u00e9 pour le traitement de surface de la cavit\u00e9 du moule.<\/p>\n<p>&nbsp;<\/p>\n<p>&nbsp;<\/p>\n<p>&nbsp;<\/p>\n<h3><strong>Coupe de fil<\/strong><\/h3>\n<p>Le fil de coupe est utilis\u00e9 pour traiter des mat\u00e9riaux corrosifs via la coupe au fil, le traitement des pistes dans une ligne graphique plane 2D, jusqu&#039;\u00e0 l&#039;usinage du moulage rapidement et avec pr\u00e9cision.<\/p>\n<p>&nbsp;<\/p>\n<p>&nbsp;<\/p>\n<h3><strong>Aff\u00fbtage<\/strong><\/h3>\n<p>Le traitement de meulage est l&#039;utilisation d&#039;une meule sur le meulage de la pi\u00e8ce, divis\u00e9e en meulage plan, meulage cylindrique et moulage par meulage cylindrique, pr\u00e9cision de meulage et finition de surface ultra-\u00e9lev\u00e9e.<\/p>\n<p>&nbsp;<\/p>\n<p>&nbsp;<\/p>\n<p>&nbsp;<\/p>\n<h3><strong>Tol\u00e9rance<\/strong><\/h3>\n<p>Pour la tol\u00e9rance, nous suivrons la norme DIN ISO 2768 si aucune demande des clients. Les pi\u00e8ces m\u00e9talliques sont conformes \u00e0 la norme DIN ISO 2768-f et les pi\u00e8ces en plastique sont conformes \u00e0 la norme DIN ISO 2768-m. Nous vous donnerons des suggestions pour une situation particuli\u00e8re.<\/p>","protected":false},"excerpt":{"rendered":"<p>ZF propose des services d&#039;usinage CNC comprenant le fraisage, le tournage, l&#039;\u00e9lectro\u00e9rosion et l&#039;usinage au fil, ainsi que la rectification plane. Un ensemble d&#039;\u00e9quipements de pointe, comme des centres d&#039;usinage 3, 4 et 5 axes, nous permet de vous offrir des produits de haute qualit\u00e9. Qu&#039;est-ce que l&#039;usinage CNC\u00a0? L&#039;usinage CNC est une m\u00e9thode de moulage par enl\u00e8vement de mati\u00e8re, [\u2026]<\/p>","protected":false},"author":1,"featured_media":0,"parent":0,"menu_order":0,"comment_status":"closed","ping_status":"closed","template":"page\/Certificate.php","meta":{"footnotes":""},"class_list":["post-101","page","type-page","status-publish","hentry"],"_links":{"self":[{"href":"http:\/\/www.zfrapid.com\/fr\/wp-json\/wp\/v2\/pages\/101","targetHints":{"allow":["GET"]}}],"collection":[{"href":"http:\/\/www.zfrapid.com\/fr\/wp-json\/wp\/v2\/pages"}],"about":[{"href":"http:\/\/www.zfrapid.com\/fr\/wp-json\/wp\/v2\/types\/page"}],"author":[{"embeddable":true,"href":"http:\/\/www.zfrapid.com\/fr\/wp-json\/wp\/v2\/users\/1"}],"replies":[{"embeddable":true,"href":"http:\/\/www.zfrapid.com\/fr\/wp-json\/wp\/v2\/comments?post=101"}],"version-history":[{"count":3,"href":"http:\/\/www.zfrapid.com\/fr\/wp-json\/wp\/v2\/pages\/101\/revisions"}],"predecessor-version":[{"id":185,"href":"http:\/\/www.zfrapid.com\/fr\/wp-json\/wp\/v2\/pages\/101\/revisions\/185"}],"wp:attachment":[{"href":"http:\/\/www.zfrapid.com\/fr\/wp-json\/wp\/v2\/media?parent=101"}],"curies":[{"name":"wp","href":"https:\/\/api.w.org\/{rel}","templated":true}]}}