{"id":79,"date":"2023-10-13T09:36:36","date_gmt":"2023-10-13T01:36:36","guid":{"rendered":"http:\/\/www.zfrapid.com\/?page_id=79"},"modified":"2023-10-13T09:49:34","modified_gmt":"2023-10-13T01:49:34","slug":"manufacturing","status":"publish","type":"page","link":"http:\/\/www.zfrapid.com\/es\/manufacturing\/","title":{"rendered":"Fabricaci\u00f3n"},"content":{"rendered":"<h2 class=\"wp-block-heading\" style=\"text-align: left;\">Servicio de fabricaci\u00f3n de bajo volumen<\/h2>\r\n<h4 class=\"wp-block-heading\" style=\"text-align: left;\">No tenemos ninguna solicitud de MOQ, por lo que somos su mejor opci\u00f3n para su demanda de menos de 100 unidades o m\u00e1s de 10 000 unidades. Para un nuevo producto, todos podemos satisfacer su demanda desde fabricaci\u00f3n de bajo volumen hasta fabricaci\u00f3n en volumen. Bienvenido a contactarnos para su consulta.<\/h4>\r\n<p>&nbsp;<\/p>\r\n<p>&nbsp;<\/p>\r\n<p>&nbsp;<\/p>\r\n\r\n\r\n\r\n<h2 class=\"wp-block-heading\" style=\"text-align: left;\">\u00bfQu\u00e9 es la fabricaci\u00f3n de bajo volumen?<\/h2>\r\n\r\n\r\n\r\n<p style=\"text-align: left;\">Para un producto nuevo, se probar\u00eda la respuesta del mercado mediante la producci\u00f3n de lotes peque\u00f1os antes de la producci\u00f3n en masa, y la cantidad es inferior a 10,000 unidades. Algunos clientes eligen la producci\u00f3n en lotes peque\u00f1os para reducir el riesgo de inversi\u00f3n.<\/p>\r\n<p>&nbsp;<\/p>\r\n<p>&nbsp;<\/p>\r\n<p>&nbsp;<\/p>\r\n\r\n\r\n\r\n<h2 class=\"wp-block-heading\" style=\"text-align: left;\">Ventajas de la fabricaci\u00f3n de bajo volumen<\/h2>\r\n\r\n\r\n\r\n<ul class=\"wp-block-list\" style=\"text-align: left;\">\r\n<li>sin requisito de MOQ<\/li>\r\n\r\n\r\n\r\n<li>ciclo de producci\u00f3n corto<\/li>\r\n\r\n\r\n\r\n<li>entrar al mercado r\u00e1pidamente<\/li>\r\n\r\n\r\n\r\n<li>Bajo costo de herramientas r\u00e1pidas.<\/li>\r\n\r\n\r\n\r\n<li>disminuir el riesgo de inversi\u00f3n<\/li>\r\n\r\n\r\n\r\n<li>ajuste m\u00e1s flexible del producto<\/li>\r\n<\/ul>\r\n<p>&nbsp;<\/p>\r\n<p>&nbsp;<\/p>\r\n\r\n\r\n\r\n<h2 class=\"wp-block-heading\" style=\"text-align: left;\">Moldeo por inyecci\u00f3n de pl\u00e1stico<\/h2>\r\n\r\n\r\n\r\n<p style=\"text-align: left;\">El moldeo por inyecci\u00f3n de pl\u00e1stico es adecuado para la producci\u00f3n en lotes peque\u00f1os y en masa. Materiales y colores disponibles. En comparaci\u00f3n con la fabricaci\u00f3n de moldes tradicional, nuestra creaci\u00f3n r\u00e1pida de prototipos tiene la ventaja de un ciclo de producci\u00f3n corto y un bajo costo, que est\u00e1 por debajo de su presupuesto.<\/p>\r\n\r\n\r\n\r\n<pre class=\"wp-block-code\"><code><\/code><\/pre>\r\n\r\n\r\n\r\n<h2 class=\"wp-block-heading\">\u00a0<\/h2>\r\n<h2 class=\"wp-block-heading\" style=\"text-align: left;\">Mecanizado CNC<\/h2>\r\n\r\n\r\n\r\n<p style=\"text-align: left;\">Una serie de equipos avanzados como centros de mecanizado de 3, 4 y 5 ejes, m\u00e1quinas CNC, m\u00e1quinas de electroerosi\u00f3n y m\u00e1quinas de corte de alambre CNC nos ayudan a lograr tipos de fabricaci\u00f3n de metales y materiales pl\u00e1sticos.<\/p>\r\n\r\n\r\n\r\n<h2 class=\"wp-block-heading\">\u00a0<\/h2>\r\n<h2>\u00a0<\/h2>\r\n<h2 class=\"wp-block-heading\" style=\"text-align: left;\">Fundici\u00f3n a presi\u00f3n<\/h2>\r\n\r\n\r\n\r\n<p style=\"text-align: left;\">El servicio de fundici\u00f3n a presi\u00f3n admite la producci\u00f3n en lotes peque\u00f1os y en masa. Aleaci\u00f3n de aluminio, aleaci\u00f3n de zinc y aleaci\u00f3n de magnesio, todas disponibles. Confiamos en que le brindaremos productos de alta calidad, desde la creaci\u00f3n de prototipos hasta la fundici\u00f3n a presi\u00f3n.<\/p>\r\n\r\n\r\n\r\n<h2 class=\"wp-block-heading\">\u00a0<\/h2>\r\n<h2>\u00a0<\/h2>\r\n<h2 class=\"wp-block-heading\" style=\"text-align: left;\">Extrusi\u00f3n de aluminio<\/h2>\r\n\r\n\r\n\r\n<p style=\"text-align: left;\">Para el servicio de fabricaci\u00f3n de extrusi\u00f3n de aluminio, nuestros diversos materiales est\u00e1n disponibles para la fabricaci\u00f3n de moldes de aluminio, extrusi\u00f3n, mecanizado CNC y tratamiento de superficies. Puede cumplir con su presupuesto.<\/p>","protected":false},"excerpt":{"rendered":"<p>Servicio de fabricaci\u00f3n a bajo volumen. No tenemos requisitos de cantidad m\u00ednima de pedido (MOQ), por lo que somos su mejor opci\u00f3n para pedidos de menos de 100 unidades a m\u00e1s de 10\u00a0000 unidades. Para productos nuevos, podemos satisfacer sus necesidades de fabricaci\u00f3n a bajo volumen. Cont\u00e1ctenos para cualquier consulta. \u00bfQu\u00e9 es la fabricaci\u00f3n a bajo volumen? [\u2026]<\/p>","protected":false},"author":1,"featured_media":0,"parent":0,"menu_order":0,"comment_status":"closed","ping_status":"closed","template":"page\/Certificate.php","meta":{"footnotes":""},"class_list":["post-79","page","type-page","status-publish","hentry"],"_links":{"self":[{"href":"http:\/\/www.zfrapid.com\/es\/wp-json\/wp\/v2\/pages\/79","targetHints":{"allow":["GET"]}}],"collection":[{"href":"http:\/\/www.zfrapid.com\/es\/wp-json\/wp\/v2\/pages"}],"about":[{"href":"http:\/\/www.zfrapid.com\/es\/wp-json\/wp\/v2\/types\/page"}],"author":[{"embeddable":true,"href":"http:\/\/www.zfrapid.com\/es\/wp-json\/wp\/v2\/users\/1"}],"replies":[{"embeddable":true,"href":"http:\/\/www.zfrapid.com\/es\/wp-json\/wp\/v2\/comments?post=79"}],"version-history":[{"count":9,"href":"http:\/\/www.zfrapid.com\/es\/wp-json\/wp\/v2\/pages\/79\/revisions"}],"predecessor-version":[{"id":88,"href":"http:\/\/www.zfrapid.com\/es\/wp-json\/wp\/v2\/pages\/79\/revisions\/88"}],"wp:attachment":[{"href":"http:\/\/www.zfrapid.com\/es\/wp-json\/wp\/v2\/media?parent=79"}],"curies":[{"name":"wp","href":"https:\/\/api.w.org\/{rel}","templated":true}]}}