{"id":38,"date":"2023-09-18T18:59:42","date_gmt":"2023-09-18T10:59:42","guid":{"rendered":"http:\/\/www.zfrapid.com\/?page_id=38"},"modified":"2023-10-13T10:17:40","modified_gmt":"2023-10-13T02:17:40","slug":"about-us","status":"publish","type":"page","link":"http:\/\/www.zfrapid.com\/es\/about-us\/","title":{"rendered":"SOBRE NOSOTROS"},"content":{"rendered":"<p><strong>ACERCA DE<\/strong><\/p>\n<p>La creatividad y la innovaci\u00f3n est\u00e1n en el coraz\u00f3n de lo que hacemos. Ya sea mecanizando luces traseras Lamborghini extremadamente prism\u00e1ticas a partir de policarbonato s\u00f3lido o construyendo accesorios de sujeci\u00f3n al vac\u00edo a medida, vivimos y respiramos ingenier\u00eda.<\/p>\n<p>&nbsp;<\/p>\n<p>Fundada por dos ingenieros, en zf, brindamos servicios de creaci\u00f3n r\u00e1pida de prototipos y fabricaci\u00f3n de bajo volumen mediante mecanizado CNC, fabricaci\u00f3n de chapa met\u00e1lica y varios procesos r\u00e1pidos de creaci\u00f3n de prototipos.<\/p>\n<p>En nuestro laboratorio de inspecci\u00f3n, contamos con equipos de verificaci\u00f3n de materias primas, m\u00e1quinas de medici\u00f3n de coordenadas (CMM), proyectores \u00f3pticos (VMM), calibradores de roscas, calibradores de clavijas y equipos de inspecci\u00f3n de alta calidad que esperar\u00eda encontrar en un taller profesional. Tambi\u00e9n hemos obtenido la certificaci\u00f3n del sistema de gesti\u00f3n de calidad ISO9001:2015.<\/p>\n<p>Env\u00edanos un mensaje o ll\u00e1manos para ver c\u00f3mo podemos ayudarte.<\/p>\n<p><img loading=\"lazy\" decoding=\"async\" class=\"alignnone wp-image-39 size-large\" src=\"http:\/\/www.zfrapid.com\/wp-content\/uploads\/2023\/09\/2521695032403_.pic_-1024x362.png\" alt=\"\" width=\"1024\" height=\"362\" srcset=\"http:\/\/www.zfrapid.com\/wp-content\/uploads\/2023\/09\/2521695032403_.pic_-1024x362.png 1024w, http:\/\/www.zfrapid.com\/wp-content\/uploads\/2023\/09\/2521695032403_.pic_-300x106.png 300w, http:\/\/www.zfrapid.com\/wp-content\/uploads\/2023\/09\/2521695032403_.pic_-768x272.png 768w, http:\/\/www.zfrapid.com\/wp-content\/uploads\/2023\/09\/2521695032403_.pic_.png 1196w\" sizes=\"auto, (max-width: 1024px) 100vw, 1024px\" \/><\/p>","protected":false},"excerpt":{"rendered":"<p>ACERCA DE: La creatividad y la innovaci\u00f3n son la base de nuestro trabajo. Ya sea mecanizando faros traseros Lamborghini extremadamente prism\u00e1ticos a partir de policarbonato s\u00f3lido o construyendo dispositivos de sujeci\u00f3n al vac\u00edo a medida, vivimos y respiramos ingenier\u00eda. Fundada por dos ingenieros, en ZF ofrecemos servicios de prototipado r\u00e1pido y fabricaci\u00f3n a peque\u00f1a escala mediante mecanizado CNC, [\u2026]<\/p>","protected":false},"author":1,"featured_media":0,"parent":0,"menu_order":0,"comment_status":"closed","ping_status":"closed","template":"page\/about.php","meta":{"footnotes":""},"class_list":["post-38","page","type-page","status-publish","hentry"],"_links":{"self":[{"href":"http:\/\/www.zfrapid.com\/es\/wp-json\/wp\/v2\/pages\/38","targetHints":{"allow":["GET"]}}],"collection":[{"href":"http:\/\/www.zfrapid.com\/es\/wp-json\/wp\/v2\/pages"}],"about":[{"href":"http:\/\/www.zfrapid.com\/es\/wp-json\/wp\/v2\/types\/page"}],"author":[{"embeddable":true,"href":"http:\/\/www.zfrapid.com\/es\/wp-json\/wp\/v2\/users\/1"}],"replies":[{"embeddable":true,"href":"http:\/\/www.zfrapid.com\/es\/wp-json\/wp\/v2\/comments?post=38"}],"version-history":[{"count":4,"href":"http:\/\/www.zfrapid.com\/es\/wp-json\/wp\/v2\/pages\/38\/revisions"}],"predecessor-version":[{"id":191,"href":"http:\/\/www.zfrapid.com\/es\/wp-json\/wp\/v2\/pages\/38\/revisions\/191"}],"wp:attachment":[{"href":"http:\/\/www.zfrapid.com\/es\/wp-json\/wp\/v2\/media?parent=38"}],"curies":[{"name":"wp","href":"https:\/\/api.w.org\/{rel}","templated":true}]}}