{"id":24,"date":"2023-09-12T10:25:27","date_gmt":"2023-09-12T02:25:27","guid":{"rendered":"http:\/\/www.zfrapid.com\/?page_id=24"},"modified":"2023-10-13T10:15:08","modified_gmt":"2023-10-13T02:15:08","slug":"quality-inspection","status":"publish","type":"page","link":"http:\/\/www.zfrapid.com\/es\/quality-inspection\/","title":{"rendered":"Inspeccion de calidad"},"content":{"rendered":"<h3><strong> Inspeccion de calidad<\/strong><\/h3>\n<p>Samshion cuenta con conjuntos completos de equipos de detecci\u00f3n avanzados y un excelente equipo de control de calidad para verificar y garantizar la calidad de cada producto. Controlamos estrictamente cada enlace desde la inspecci\u00f3n entrante, el control del proceso hasta la entrega.<\/p>\n<h3><strong>Espectr\u00f3metro de emisi\u00f3n \u00f3ptica (OES)<\/strong><\/h3>\n<p>OES es una t\u00e9cnica anal\u00edtica para la detecci\u00f3n de diversos elementos met\u00e1licos. Se puede utilizar para la detecci\u00f3n de productos met\u00e1licos semiacabados o terminados, industria procesadora de metales, tuber\u00edas, barras, alambres y placas. ZF utiliza OES para probar todos los materiales entrantes y garantizar que est\u00e9n calificados.<\/p>\n<h3><strong>Instrumento de medici\u00f3n de im\u00e1genes cuadr\u00e1ticas.<\/strong><\/h3>\n<p>El instrumento de medici\u00f3n de im\u00e1genes cuadr\u00e1ticas es un sistema de medici\u00f3n \u00f3ptica sin contacto que UTILIZA \u00f3pticas para medir de forma r\u00e1pida y precisa las dimensiones bidimensionales de las piezas. Puede medir cualquier dimensi\u00f3n geom\u00e9trica en el plano, incluido di\u00e1metro, radio, longitud, \u00e1ngulo, ancho, altura, profundidad, distancia punto a punto, distancia punto a l\u00ednea, distancia al centro, etc.<\/p>\n<h3><strong>M\u00e1quina de medir coordinada<\/strong><\/h3>\n<p>El instrumento de medici\u00f3n de tres coordenadas (CMM) se refiere a un hexaedro en el \u00e1mbito espacial, que muestra la forma geom\u00e9trica, la divisi\u00f3n de longitud y circunferencia y otros instrumentos. Cuando se realiza la medici\u00f3n, la sonda toca la superficie de la pieza, el sistema de detecci\u00f3n puede dar la posici\u00f3n precisa de la sonda en cualquier momento. Se pueden recopilar una serie de puntos para definir los par\u00e1metros de una estructura compleja. Estos datos se introducen en la computadora y son manejados por el software correspondiente para calcular con precisi\u00f3n el tama\u00f1o geom\u00e9trico, el status quo y la tolerancia de posici\u00f3n de la pieza de trabajo.<\/p>\n<h3><strong> instrumento de superficie<\/strong><\/h3>\n<p>Usamos el instrumento de superficie para verificar la rugosidad de la superficie de la pieza de trabajo y ver si cumple con los requisitos.<\/p>","protected":false},"excerpt":{"rendered":"<p>Inspecci\u00f3n de calidad: Samshion cuenta con equipos de detecci\u00f3n avanzados y un excelente equipo de control de calidad para verificar y garantizar la calidad de cada producto. Controlamos rigurosamente cada etapa, desde la inspecci\u00f3n de entrada y el control de proceso hasta la entrega. El Espectr\u00f3metro de Emisi\u00f3n \u00d3ptica (EEO) es una t\u00e9cnica anal\u00edtica para la detecci\u00f3n de diversos elementos met\u00e1licos. Se puede utilizar [\u2026]<\/p>","protected":false},"author":1,"featured_media":0,"parent":0,"menu_order":0,"comment_status":"closed","ping_status":"closed","template":"page\/Certificate.php","meta":{"footnotes":""},"class_list":["post-24","page","type-page","status-publish","hentry"],"_links":{"self":[{"href":"http:\/\/www.zfrapid.com\/es\/wp-json\/wp\/v2\/pages\/24","targetHints":{"allow":["GET"]}}],"collection":[{"href":"http:\/\/www.zfrapid.com\/es\/wp-json\/wp\/v2\/pages"}],"about":[{"href":"http:\/\/www.zfrapid.com\/es\/wp-json\/wp\/v2\/types\/page"}],"author":[{"embeddable":true,"href":"http:\/\/www.zfrapid.com\/es\/wp-json\/wp\/v2\/users\/1"}],"replies":[{"embeddable":true,"href":"http:\/\/www.zfrapid.com\/es\/wp-json\/wp\/v2\/comments?post=24"}],"version-history":[{"count":3,"href":"http:\/\/www.zfrapid.com\/es\/wp-json\/wp\/v2\/pages\/24\/revisions"}],"predecessor-version":[{"id":106,"href":"http:\/\/www.zfrapid.com\/es\/wp-json\/wp\/v2\/pages\/24\/revisions\/106"}],"wp:attachment":[{"href":"http:\/\/www.zfrapid.com\/es\/wp-json\/wp\/v2\/media?parent=24"}],"curies":[{"name":"wp","href":"https:\/\/api.w.org\/{rel}","templated":true}]}}