{"id":20,"date":"2023-09-12T10:24:09","date_gmt":"2023-09-12T02:24:09","guid":{"rendered":"http:\/\/www.zfrapid.com\/?page_id=20"},"modified":"2024-06-14T15:56:35","modified_gmt":"2024-06-14T07:56:35","slug":"pressure-die-casting","status":"publish","type":"page","link":"http:\/\/www.zfrapid.com\/es\/pressure-die-casting\/","title":{"rendered":"Fundici\u00f3n a presi\u00f3n"},"content":{"rendered":"<p>zf, con plena experiencia en fundici\u00f3n a presi\u00f3n, ha formado un equipo t\u00e9cnico especializado de alta calidad con tecnolog\u00eda y equipos avanzados y excelentes servicios, brind\u00e1ndole ventajas competitivas en productos de fundici\u00f3n a presi\u00f3n.<\/p>\n<p>&nbsp;<\/p>\n<p>&nbsp;<\/p>\n<h3><strong>\u00bfQu\u00e9 es la fundici\u00f3n a presi\u00f3n?<\/strong><\/h3>\n<p>La fundici\u00f3n a presi\u00f3n es un proceso universal, eficiente y econ\u00f3mico para fabricar piezas met\u00e1licas de ingenier\u00eda, adecuado para la producci\u00f3n en masa. Los materiales de fundici\u00f3n a presi\u00f3n pueden ser aleaciones de aluminio, aleaciones de zinc y aleaciones de magnesio.<\/p>\n<p>&nbsp;<\/p>\n<h3>Proceso de fundici\u00f3n a presi\u00f3n<\/h3>\n<p>Durante el proceso de fundici\u00f3n a presi\u00f3n, se instala una m\u00e1quina de fundici\u00f3n a presi\u00f3n en el molde. Se inyecta l\u00edquido de metal fundido en la matriz a alta presi\u00f3n. La matriz solidifica el metal l\u00edquido en la matriz mediante enfriamiento y, finalmente, la matriz se abre para empujar el producto fuera de la cavidad del molde.<\/p>\n<p>&nbsp;<\/p>\n<h3><strong>Ventajas de la fundici\u00f3n a presi\u00f3n:<\/strong><\/h3>\n<p>&nbsp;<\/p>\n<p>La fundici\u00f3n a presi\u00f3n es adecuada para la producci\u00f3n en masa a bajo costo.<\/p>\n<p>Las piezas fundidas a presi\u00f3n tienen una larga vida \u00fatil, acero fuerte y resistencia al calor.<\/p>\n<p>Puede hacer un producto de estructura compleja, tama\u00f1o adecuado.<\/p>\n<p>La posici\u00f3n con alta precisi\u00f3n se puede terminar con mecanizado CNC.<\/p>\n<p>Superficie lisa, postpulverizaci\u00f3n, galvanoplastia, etc.<\/p>\n<p>Fundici\u00f3n a presi\u00f3n m\u00e1s resistente que la inyecci\u00f3n de pl\u00e1stico.<\/p>\n<p>&nbsp;<\/p>\n<h3><strong>Molde de fundici\u00f3n a presi\u00f3n<\/strong><\/h3>\n<p>La vida \u00fatil del molde de fundici\u00f3n a presi\u00f3n est\u00e1 relacionada con su material, por lo que analizamos, dise\u00f1amos y elegimos el acero para el producto despu\u00e9s de obtener su dibujo. La diferencia de temperatura afectar\u00eda el funcionamiento del molde. Por lo tanto, el molde puede utilizarse despu\u00e9s del tratamiento t\u00e9rmico del material de acero.<\/p>\n<p>&nbsp;<\/p>\n<h3><strong>Material de fundici\u00f3n a presi\u00f3n<\/strong><\/h3>\n<p>Aleaci\u00f3n de aluminio: es adecuada para estructuras complejas y de alta resistencia, pero los productos livianos y el aluminio tienen buena resistencia a la corrosi\u00f3n y propiedades mec\u00e1nicas, alta conductividad t\u00e9rmica y conductividad el\u00e9ctrica. Debido a sus propiedades mec\u00e1nicas superiores, la fundici\u00f3n a presi\u00f3n de aluminio es uno de los productos de mayor producci\u00f3n en masa en la industria metal\u00fargica. Aleaci\u00f3n de zinc: la aleaci\u00f3n de zinc es f\u00e1cil de fundir, tiene un punto de fusi\u00f3n bajo y una larga vida \u00fatil. La fundici\u00f3n a presi\u00f3n de aleaci\u00f3n de zinc se utiliza principalmente para piezas de alta ductilidad que requieren galvanoplastia. Aleaci\u00f3n de magnesio: es el metal m\u00e1s liviano entre los metales pr\u00e1cticos, con alta resistencia, gran m\u00f3dulo el\u00e1stico, buena disipaci\u00f3n de calor, buena absorci\u00f3n de impactos, mejor capacidad de carga de impacto que la aleaci\u00f3n de aluminio y buena resistencia a la corrosi\u00f3n org\u00e1nica y alcalina. La fundici\u00f3n a presi\u00f3n de aleaci\u00f3n de magnesio se utiliza para componentes livianos con una alta relaci\u00f3n resistencia-peso.<\/p>","protected":false},"excerpt":{"rendered":"<p>ZF, con una amplia experiencia en fundici\u00f3n a presi\u00f3n, ha formado un equipo t\u00e9cnico especializado de alta calidad con tecnolog\u00eda y equipos avanzados y excelentes servicios, para ofrecerle productos de fundici\u00f3n a presi\u00f3n competitivos y con ventajas. \u00bfQu\u00e9 es la fundici\u00f3n a presi\u00f3n? La fundici\u00f3n a presi\u00f3n es un proceso universal, eficiente y econ\u00f3mico para la fabricaci\u00f3n de piezas met\u00e1licas de ingenier\u00eda, que es adecuado para [\u2026]<\/p>","protected":false},"author":1,"featured_media":0,"parent":0,"menu_order":0,"comment_status":"closed","ping_status":"closed","template":"page\/Certificate.php","meta":{"footnotes":""},"class_list":["post-20","page","type-page","status-publish","hentry"],"_links":{"self":[{"href":"http:\/\/www.zfrapid.com\/es\/wp-json\/wp\/v2\/pages\/20","targetHints":{"allow":["GET"]}}],"collection":[{"href":"http:\/\/www.zfrapid.com\/es\/wp-json\/wp\/v2\/pages"}],"about":[{"href":"http:\/\/www.zfrapid.com\/es\/wp-json\/wp\/v2\/types\/page"}],"author":[{"embeddable":true,"href":"http:\/\/www.zfrapid.com\/es\/wp-json\/wp\/v2\/users\/1"}],"replies":[{"embeddable":true,"href":"http:\/\/www.zfrapid.com\/es\/wp-json\/wp\/v2\/comments?post=20"}],"version-history":[{"count":6,"href":"http:\/\/www.zfrapid.com\/es\/wp-json\/wp\/v2\/pages\/20\/revisions"}],"predecessor-version":[{"id":97,"href":"http:\/\/www.zfrapid.com\/es\/wp-json\/wp\/v2\/pages\/20\/revisions\/97"}],"wp:attachment":[{"href":"http:\/\/www.zfrapid.com\/es\/wp-json\/wp\/v2\/media?parent=20"}],"curies":[{"name":"wp","href":"https:\/\/api.w.org\/{rel}","templated":true}]}}