{"id":18,"date":"2023-09-12T10:23:55","date_gmt":"2023-09-12T02:23:55","guid":{"rendered":"http:\/\/www.zfrapid.com\/?page_id=18"},"modified":"2024-06-14T15:56:07","modified_gmt":"2024-06-14T07:56:07","slug":"plastic-injection-molding","status":"publish","type":"page","link":"http:\/\/www.zfrapid.com\/es\/plastic-injection-molding\/","title":{"rendered":"Moldeo por inyecci\u00f3n de pl\u00e1stico"},"content":{"rendered":"<p>Moldes y Molduras<\/p>\n<p>50-100000+ 50 a 100000+ fabricaci\u00f3n de bajo volumen a fabricaci\u00f3n en volumen<\/p>\n<p>&nbsp;<\/p>\n<p>&nbsp;<\/p>\n<p>&nbsp;<\/p>\n<h3><strong>Moldeo por inyecci\u00f3n de pl\u00e1stico<\/strong><\/h3>\n<p>El moldeo por inyecci\u00f3n ZF es un m\u00e9todo de moldeo para la producci\u00f3n de productos industriales. Una m\u00e1quina de moldeo por inyecci\u00f3n que calienta y funde pl\u00e1sticos termopl\u00e1sticos o termoendurecibles y los inyecta en un molde para su curado. Podemos proporcionar todo tipo de servicios de fabricaci\u00f3n de productos. Para obtener m\u00e1s informaci\u00f3n sobre moldeo por inyecci\u00f3n o cotizaci\u00f3n, cont\u00e1ctenos.<\/p>\n<p>&nbsp;<\/p>\n<h3><strong>Ventajas de la inyecci\u00f3n de pl\u00e1stico<\/strong><\/h3>\n<ul>\n<li>miles de materiales de inyecci\u00f3n de pl\u00e1stico est\u00e1n disponibles<\/li>\n<li>El molde se puede utilizar m\u00e1s de diez mil veces.<\/li>\n<li>bajo costo<\/li>\n<li>El proceso es estable y viable. Buen efecto superficial.<\/li>\n<li>revestimiento secundario factible<\/li>\n<\/ul>\n<h3><\/h3>\n<p>&nbsp;<\/p>\n<p>&nbsp;<\/p>\n<p>&nbsp;<\/p>\n<h3><strong>fabricaci\u00f3n de moldes<\/strong><\/h3>\n<p>A menudo utilizamos un m\u00e9todo r\u00e1pido de fabricaci\u00f3n de moldes para pedidos peque\u00f1os. Se puede utilizar aleaci\u00f3n de aluminio 7075-T6 o material de acero blando para moldes de alta calidad, aproximadamente de una a cuatro semanas para terminar y el molde tiene una larga vida \u00fatil. El acero duro se utiliza a menudo en moldes de alta calidad para pedidos grandes y la vida \u00fatil del molde.<\/p>\n<p>&nbsp;<\/p>\n<p>&nbsp;<\/p>\n<h3><strong>producci\u00f3n<\/strong><\/h3>\n<p>El m\u00e9todo de moldeo por inyecci\u00f3n de pl\u00e1stico es el m\u00e9todo de producci\u00f3n m\u00e1s com\u00fan en muchas industrias. S\u00f3lo se necesitan unos minutos para hacer una pieza. El moldeo por inyecci\u00f3n de pl\u00e1stico cubre una alta eficiencia de producci\u00f3n, bajo costo, alta estabilidad y se convierte en un m\u00e9todo popular para la producci\u00f3n en masa.<\/p>\n<p>&nbsp;<\/p>\n<p>&nbsp;<\/p>\n<h3><strong>Material de moldeo por inyecci\u00f3n de pl\u00e1stico<\/strong><\/h3>\n<p>Los materiales de moldeo por inyecci\u00f3n tienen materiales termopl\u00e1sticos y termoestables. La caracter\u00edstica del termopl\u00e1stico es su alta eficiencia de producci\u00f3n, bajo costo, suavidad, bajo calor y reciclable. Mientras que el pl\u00e1stico termoestable es de alta resistencia al calor, acero resistente, baja eficiencia de producci\u00f3n, mayor costo y no reciclable.<\/p>","protected":false},"excerpt":{"rendered":"<p>Molds and Moldings 50-100000+\u00a0 \u00a050 to 100000+ low-volume manufacturing to volume manufacturing &nbsp; &nbsp; &nbsp; Plastic Injection Molding ZF injection molding is a molding method for production of industrial products. An injection molding machine that heats and melts thermoplastic or thermosetting plastics and injects them into a mold for curing. We can provide all kinds [&hellip;]<\/p>","protected":false},"author":1,"featured_media":0,"parent":0,"menu_order":0,"comment_status":"closed","ping_status":"closed","template":"page\/Certificate.php","meta":{"footnotes":""},"class_list":["post-18","page","type-page","status-publish","hentry"],"_links":{"self":[{"href":"http:\/\/www.zfrapid.com\/es\/wp-json\/wp\/v2\/pages\/18","targetHints":{"allow":["GET"]}}],"collection":[{"href":"http:\/\/www.zfrapid.com\/es\/wp-json\/wp\/v2\/pages"}],"about":[{"href":"http:\/\/www.zfrapid.com\/es\/wp-json\/wp\/v2\/types\/page"}],"author":[{"embeddable":true,"href":"http:\/\/www.zfrapid.com\/es\/wp-json\/wp\/v2\/users\/1"}],"replies":[{"embeddable":true,"href":"http:\/\/www.zfrapid.com\/es\/wp-json\/wp\/v2\/comments?post=18"}],"version-history":[{"count":8,"href":"http:\/\/www.zfrapid.com\/es\/wp-json\/wp\/v2\/pages\/18\/revisions"}],"predecessor-version":[{"id":186,"href":"http:\/\/www.zfrapid.com\/es\/wp-json\/wp\/v2\/pages\/18\/revisions\/186"}],"wp:attachment":[{"href":"http:\/\/www.zfrapid.com\/es\/wp-json\/wp\/v2\/media?parent=18"}],"curies":[{"name":"wp","href":"https:\/\/api.w.org\/{rel}","templated":true}]}}