{"id":161,"date":"2023-10-13T15:01:41","date_gmt":"2023-10-13T07:01:41","guid":{"rendered":"http:\/\/www.zfrapid.com\/?page_id=161"},"modified":"2023-10-13T15:01:56","modified_gmt":"2023-10-13T07:01:56","slug":"industrial-equipment","status":"publish","type":"page","link":"http:\/\/www.zfrapid.com\/es\/industrial-equipment\/","title":{"rendered":"EQUIPO INDUSTRIAL"},"content":{"rendered":"<p><strong>EQUIPO INDUSTRIAL\u00a0\u00a0<\/strong><\/p>\n<p>Los equipos de automatizaci\u00f3n industrial se desarrollan r\u00e1pidamente y se logra una mayor eficiencia de producci\u00f3n y un menor costo laboral cuando la tecnolog\u00eda de inteligencia artificial ha cambiado la forma de utilizar los equipos industriales y la producci\u00f3n industrial. La tendencia cada vez m\u00e1s creciente subvertir\u00e1 por completo el dise\u00f1o, la creaci\u00f3n de prototipos, la fabricaci\u00f3n, la distribuci\u00f3n y el funcionamiento de los productos en un per\u00edodo de tiempo extremadamente corto.<\/p>\n<p>&nbsp;<\/p>\n<p>&nbsp;<\/p>\n<p style=\"text-align: center;\"><img loading=\"lazy\" decoding=\"async\" class=\"alignnone size-medium wp-image-162\" src=\"http:\/\/www.zfrapid.com\/wp-content\/uploads\/2023\/10\/\u56fe\u724713-300x225.png\" alt=\"\" width=\"300\" height=\"225\" srcset=\"http:\/\/www.zfrapid.com\/wp-content\/uploads\/2023\/10\/\u56fe\u724713-300x225.png 300w, http:\/\/www.zfrapid.com\/wp-content\/uploads\/2023\/10\/\u56fe\u724713-1024x768.png 1024w, http:\/\/www.zfrapid.com\/wp-content\/uploads\/2023\/10\/\u56fe\u724713-768x576.png 768w, http:\/\/www.zfrapid.com\/wp-content\/uploads\/2023\/10\/\u56fe\u724713-1536x1152.png 1536w, http:\/\/www.zfrapid.com\/wp-content\/uploads\/2023\/10\/\u56fe\u724713-2048x1536.png 2048w, http:\/\/www.zfrapid.com\/wp-content\/uploads\/2023\/10\/\u56fe\u724713-16x12.png 16w\" sizes=\"auto, (max-width: 300px) 100vw, 300px\" \/> <img loading=\"lazy\" decoding=\"async\" class=\"alignnone size-medium wp-image-163\" src=\"http:\/\/www.zfrapid.com\/wp-content\/uploads\/2023\/10\/\u56fe\u724712-300x194.png\" alt=\"\" width=\"300\" height=\"194\" srcset=\"http:\/\/www.zfrapid.com\/wp-content\/uploads\/2023\/10\/\u56fe\u724712-300x194.png 300w, http:\/\/www.zfrapid.com\/wp-content\/uploads\/2023\/10\/\u56fe\u724712-1024x663.png 1024w, http:\/\/www.zfrapid.com\/wp-content\/uploads\/2023\/10\/\u56fe\u724712-768x497.png 768w, http:\/\/www.zfrapid.com\/wp-content\/uploads\/2023\/10\/\u56fe\u724712-18x12.png 18w, http:\/\/www.zfrapid.com\/wp-content\/uploads\/2023\/10\/\u56fe\u724712.png 1360w\" sizes=\"auto, (max-width: 300px) 100vw, 300px\" \/><\/p>\n<p>&nbsp;<\/p>\n<p>&nbsp;<\/p>\n<p>&nbsp;<\/p>\n<p><strong>APLICACIONES DE EQUIPOS INDUSTRIALES<\/strong><\/p>\n<p>Creaci\u00f3n de prototipos de equipos: mecanizado CNC, fabricaci\u00f3n de chapa, fabricaci\u00f3n aditiva<br \/>\nCreaci\u00f3n de prototipos de piezas de precisi\u00f3n: mecanizado CNC de precisi\u00f3n<br \/>\nCarcasa el\u00e9ctrica: mecanizado CNC, herramientas r\u00e1pidas, moldeo por inyecci\u00f3n.<br \/>\nPiezas de precisi\u00f3n para robots: mecanizado CNC de precisi\u00f3n, fundici\u00f3n a presi\u00f3n, moldeo por inyecci\u00f3n, fabricaci\u00f3n de chapa met\u00e1lica<br \/>\nMaquinaria industrial de uso general: mecanizado CNC, fundici\u00f3n a presi\u00f3n.<br \/>\nEquipos de producci\u00f3n de lotes peque\u00f1os de piezas de hardware de pl\u00e1stico: mecanizado CNC, moldeo por inyecci\u00f3n, fundici\u00f3n a presi\u00f3n, conformado por punzonado.<br \/>\nFabricaci\u00f3n del piso de la planta: accesorios de montaje personalizados, accesorios de control personalizados<\/p>\n<p>&nbsp;<\/p>\n<p><strong>CAPACIDAD DE FABRICACI\u00d3N DE PIEZAS PARA EQUIPOS INDUSTRIALES<\/strong><\/p>\n<p><strong>Servicio de mecanizado CNC<\/strong><\/p>\n<p>Contamos con un taller de m\u00e1quinas herramienta CNC de precisi\u00f3n capaz de elaborar piezas con las tolerancias m\u00e1s severas y procesar prototipos de metal y pl\u00e1stico, as\u00ed como piezas de producci\u00f3n en un solo d\u00eda.<\/p>\n<p>&nbsp;<\/p>\n<p><strong>Servicio de moldeo por inyecci\u00f3n<\/strong><\/p>\n<p>Nuestro moldeo por inyecci\u00f3n en lotes peque\u00f1os se caracteriza por un tiempo de entrega r\u00e1pido; utilizamos herramientas r\u00e1pidas para acelerar el ciclo de fabricaci\u00f3n de los productos, permitir que los productos ingresen al mercado m\u00e1s r\u00e1pido y reducir el riesgo de inversi\u00f3n.<\/p>\n<p>&nbsp;<\/p>\n<p><strong>Servicio de impresi\u00f3n 3D<\/strong><\/p>\n<p>La creaci\u00f3n r\u00e1pida de prototipos de impresi\u00f3n 3D le permite completar piezas complejas de manera f\u00e1cil y r\u00e1pida, y le brindaremos servicios de fabricaci\u00f3n aditiva de alta calidad, desde prototipos de precisi\u00f3n hasta piezas de producci\u00f3n en lotes peque\u00f1os.<\/p>","protected":false},"excerpt":{"rendered":"<p>EQUIPOS INDUSTRIALES El desarrollo de los equipos de automatizaci\u00f3n industrial ha acelerado el proceso, logrando una mayor eficiencia en la producci\u00f3n y menores costos laborales gracias a la transformaci\u00f3n de la maquinaria y la producci\u00f3n industrial mediante la tecnolog\u00eda de inteligencia artificial. Esta tendencia, cada vez m\u00e1s extendida, revolucionar\u00e1 por completo el dise\u00f1o, la creaci\u00f3n de prototipos, la fabricaci\u00f3n, la distribuci\u00f3n y el funcionamiento de los productos en un plazo extremadamente corto. [\u2026]<\/p>","protected":false},"author":1,"featured_media":0,"parent":0,"menu_order":0,"comment_status":"closed","ping_status":"closed","template":"page\/Certificate.php","meta":{"footnotes":""},"class_list":["post-161","page","type-page","status-publish","hentry"],"_links":{"self":[{"href":"http:\/\/www.zfrapid.com\/es\/wp-json\/wp\/v2\/pages\/161","targetHints":{"allow":["GET"]}}],"collection":[{"href":"http:\/\/www.zfrapid.com\/es\/wp-json\/wp\/v2\/pages"}],"about":[{"href":"http:\/\/www.zfrapid.com\/es\/wp-json\/wp\/v2\/types\/page"}],"author":[{"embeddable":true,"href":"http:\/\/www.zfrapid.com\/es\/wp-json\/wp\/v2\/users\/1"}],"replies":[{"embeddable":true,"href":"http:\/\/www.zfrapid.com\/es\/wp-json\/wp\/v2\/comments?post=161"}],"version-history":[{"count":2,"href":"http:\/\/www.zfrapid.com\/es\/wp-json\/wp\/v2\/pages\/161\/revisions"}],"predecessor-version":[{"id":165,"href":"http:\/\/www.zfrapid.com\/es\/wp-json\/wp\/v2\/pages\/161\/revisions\/165"}],"wp:attachment":[{"href":"http:\/\/www.zfrapid.com\/es\/wp-json\/wp\/v2\/media?parent=161"}],"curies":[{"name":"wp","href":"https:\/\/api.w.org\/{rel}","templated":true}]}}