{"id":16,"date":"2023-09-12T10:23:45","date_gmt":"2023-09-12T02:23:45","guid":{"rendered":"http:\/\/www.zfrapid.com\/?page_id=16"},"modified":"2023-10-13T09:53:08","modified_gmt":"2023-10-13T01:53:08","slug":"rapid-prototypling","status":"publish","type":"page","link":"http:\/\/www.zfrapid.com\/es\/rapid-prototypling\/","title":{"rendered":"Creaci\u00f3n r\u00e1pida de prototipos"},"content":{"rendered":"<h3><strong>Creaci\u00f3n r\u00e1pida de prototipos<\/strong><\/h3>\n<p>ZF, con plena experiencia en creaci\u00f3n r\u00e1pida de prototipos, ha formado un equipo t\u00e9cnico especializado de alta calidad con tecnolog\u00eda y equipos avanzados y excelentes servicios, brindando productos competitivos y ventajosos para nuestros clientes.<\/p>\n<p>&nbsp;<\/p>\n<h3><strong>\u00bfQu\u00e9 es la creaci\u00f3n r\u00e1pida de prototipos?<\/strong><\/h3>\n<p>La creaci\u00f3n r\u00e1pida de prototipos es el proceso de producir un producto completo en el menor tiempo utilizando una gama de tecnolog\u00eda y equipos avanzados seg\u00fan el plano. La creaci\u00f3n r\u00e1pida de prototipos es necesaria para la etapa de desarrollo del producto, porque puede probar y evaluar si un nuevo producto es viable.<\/p>\n<p>&nbsp;<\/p>\n<p>&nbsp;<\/p>\n<h3><strong>Servicio de creaci\u00f3n r\u00e1pida de prototipos Mecanizado CNC<\/strong><\/h3>\n<p>El mecanizado CNC se utiliza ampliamente en el proceso de productos met\u00e1licos y pl\u00e1sticos de ingenier\u00eda, que pueden cumplir con los requisitos de alta precisi\u00f3n. Seg\u00fan el dibujo 3D del cliente, el mecanizado CNC puede producir un producto completo en poco tiempo.<\/p>\n<h3><strong>Impresi\u00f3n 3d<\/strong><\/h3>\n<p>La impresi\u00f3n 3D puede generar un molde para productos de estructura compleja, mientras que la precisi\u00f3n no es mayor que la del mecanizado CNC. Por lo tanto, esta forma es m\u00e1s adecuada para productos unitarios y complejos.<\/p>\n<p>&nbsp;<\/p>\n<h3><strong>Fundici\u00f3n al vac\u00edo<\/strong><\/h3>\n<p>M\u00e9todo de fundici\u00f3n al vac\u00edo copia molde de silicona con prototipo. Se puede utilizar pegamento duro, pegamento suave o materiales transparentes para copiar el producto y salir 30 unidades en un molde de silicona. El prototipo puede producirse mediante impresi\u00f3n 3D y mecanizado CNC, o puede ser proporcionado por los clientes.<\/p>\n<p>&nbsp;<\/p>\n<h3><strong>Fabricaci\u00f3n de chapa<\/strong><\/h3>\n<p>Las piezas de chapa met\u00e1lica se forman doblando chapa met\u00e1lica o estampando piezas de matriz, el uso de materiales met\u00e1licos es acero inoxidable, aluminio, acero, cobre, etc., proceso de conformado que incluye corte por l\u00e1ser, doblado CNC, estampado, inserciones, soldadura, etc. despu\u00e9s del tratamiento de pulverizaci\u00f3n, pulverizaci\u00f3n de polvo, electroforesis, galvanoplastia, oxidaci\u00f3n, etc.<\/p>","protected":false},"excerpt":{"rendered":"<p>Rapid Prototyping Z F, with full experience in Rapid Prototyping, has formed a specialized high-quality technician team with advanced technology and equipment and excellent services, providing advantage competitive products for our customers &nbsp; What\u2019s Rapid Prototyping? Rapid prototyping is the process of producing a complete product in the shortest time using a range of advanced [&hellip;]<\/p>","protected":false},"author":1,"featured_media":0,"parent":0,"menu_order":0,"comment_status":"closed","ping_status":"closed","template":"page\/Certificate.php","meta":{"footnotes":""},"class_list":["post-16","page","type-page","status-publish","hentry"],"_links":{"self":[{"href":"http:\/\/www.zfrapid.com\/es\/wp-json\/wp\/v2\/pages\/16","targetHints":{"allow":["GET"]}}],"collection":[{"href":"http:\/\/www.zfrapid.com\/es\/wp-json\/wp\/v2\/pages"}],"about":[{"href":"http:\/\/www.zfrapid.com\/es\/wp-json\/wp\/v2\/types\/page"}],"author":[{"embeddable":true,"href":"http:\/\/www.zfrapid.com\/es\/wp-json\/wp\/v2\/users\/1"}],"replies":[{"embeddable":true,"href":"http:\/\/www.zfrapid.com\/es\/wp-json\/wp\/v2\/comments?post=16"}],"version-history":[{"count":4,"href":"http:\/\/www.zfrapid.com\/es\/wp-json\/wp\/v2\/pages\/16\/revisions"}],"predecessor-version":[{"id":90,"href":"http:\/\/www.zfrapid.com\/es\/wp-json\/wp\/v2\/pages\/16\/revisions\/90"}],"wp:attachment":[{"href":"http:\/\/www.zfrapid.com\/es\/wp-json\/wp\/v2\/media?parent=16"}],"curies":[{"name":"wp","href":"https:\/\/api.w.org\/{rel}","templated":true}]}}