{"id":155,"date":"2023-10-13T14:59:17","date_gmt":"2023-10-13T06:59:17","guid":{"rendered":"http:\/\/www.zfrapid.com\/?page_id=155"},"modified":"2023-10-13T14:59:29","modified_gmt":"2023-10-13T06:59:29","slug":"consumer-electronics","status":"publish","type":"page","link":"http:\/\/www.zfrapid.com\/es\/consumer-electronics\/","title":{"rendered":"Electr\u00f3nica de consumo"},"content":{"rendered":"<p><strong>Electr\u00f3nica de consumo<\/strong><\/p>\n<p>El r\u00e1pido desarrollo de los productos de consumo tambi\u00e9n es un elemento indispensable de la vida humana, la competencia de los productos electr\u00f3nicos de consumo en el mercado tambi\u00e9n es extremadamente feroz y los ingenieros y dise\u00f1adores de productos aceleran constantemente la innovaci\u00f3n. El mecanizado CNC y la tecnolog\u00eda de impresi\u00f3n 3D se utilizan desde la creaci\u00f3n r\u00e1pida de prototipos hasta la creaci\u00f3n de prototipos preliminares para verificar r\u00e1pidamente la viabilidad de los productos, reducir riesgos y costos, acortar el ciclo de desarrollo, lanzar r\u00e1pidamente al mercado y pasar de la producci\u00f3n en lotes peque\u00f1os a la producci\u00f3n en masa.<\/p>\n<p>&nbsp;<\/p>\n<p style=\"text-align: center;\"><img loading=\"lazy\" decoding=\"async\" class=\"alignnone size-medium wp-image-156\" src=\"http:\/\/www.zfrapid.com\/wp-content\/uploads\/2023\/10\/\u56fe\u724711-300x198.png\" alt=\"\" width=\"300\" height=\"198\" srcset=\"http:\/\/www.zfrapid.com\/wp-content\/uploads\/2023\/10\/\u56fe\u724711-300x198.png 300w, http:\/\/www.zfrapid.com\/wp-content\/uploads\/2023\/10\/\u56fe\u724711-1024x677.png 1024w, http:\/\/www.zfrapid.com\/wp-content\/uploads\/2023\/10\/\u56fe\u724711-768x508.png 768w, http:\/\/www.zfrapid.com\/wp-content\/uploads\/2023\/10\/\u56fe\u724711-18x12.png 18w, http:\/\/www.zfrapid.com\/wp-content\/uploads\/2023\/10\/\u56fe\u724711.png 1150w\" sizes=\"auto, (max-width: 300px) 100vw, 300px\" \/> <img loading=\"lazy\" decoding=\"async\" class=\"alignnone size-medium wp-image-157\" src=\"http:\/\/www.zfrapid.com\/wp-content\/uploads\/2023\/10\/\u56fe\u724710-300x225.png\" alt=\"\" width=\"300\" height=\"225\" srcset=\"http:\/\/www.zfrapid.com\/wp-content\/uploads\/2023\/10\/\u56fe\u724710-300x225.png 300w, http:\/\/www.zfrapid.com\/wp-content\/uploads\/2023\/10\/\u56fe\u724710-1024x768.png 1024w, http:\/\/www.zfrapid.com\/wp-content\/uploads\/2023\/10\/\u56fe\u724710-768x576.png 768w, http:\/\/www.zfrapid.com\/wp-content\/uploads\/2023\/10\/\u56fe\u724710-16x12.png 16w, http:\/\/www.zfrapid.com\/wp-content\/uploads\/2023\/10\/\u56fe\u724710.png 1440w\" sizes=\"auto, (max-width: 300px) 100vw, 300px\" \/><\/p>\n<p><strong>APLICACI\u00d3N DE LA ELECTR\u00d3NICA DE CONSUMO<\/strong><\/p>\n<p>Creaci\u00f3n r\u00e1pida de prototipos: mecanizado CNC, impresi\u00f3n 3D, fabricaci\u00f3n de chapa met\u00e1lica<br \/>\nHerramientas r\u00e1pidas: creaci\u00f3n de prototipos en lotes peque\u00f1os, moldeo por inyecci\u00f3n en lotes peque\u00f1os<br \/>\nProducci\u00f3n en peque\u00f1os lotes de piezas de hardware de pl\u00e1stico: mecanizado CNC, moldeo por inyecci\u00f3n, fundici\u00f3n a presi\u00f3n, conformado por punzonado.<br \/>\nSoporte de fabricaci\u00f3n en planta: accesorios de montaje personalizados, accesorios de control personalizados<\/p>\n<p>&nbsp;<\/p>\n<p>&nbsp;<\/p>\n<p><strong>Capacidades de fabricaci\u00f3n de productos electr\u00f3nicos de consumo<\/strong><\/p>\n<p><strong>Servicio de mecanizado CNC<\/strong><\/p>\n<p>Contamos con un taller de m\u00e1quinas herramienta CNC de precisi\u00f3n capaz de elaborar piezas con las tolerancias m\u00e1s severas y procesar prototipos de metal y pl\u00e1stico, as\u00ed como piezas de producci\u00f3n en un solo d\u00eda.<\/p>\n<p>&nbsp;<\/p>\n<p><strong>Servicio de moldeo por inyecci\u00f3n<\/strong><\/p>\n<p>Nuestro moldeo por inyecci\u00f3n en lotes peque\u00f1os se caracteriza por un tiempo de entrega r\u00e1pido; utilizamos herramientas r\u00e1pidas para acelerar el ciclo de fabricaci\u00f3n de los productos, permitir que los productos ingresen al mercado m\u00e1s r\u00e1pido y reducir el riesgo de inversi\u00f3n.<\/p>\n<p>&nbsp;<\/p>\n<p><strong>Servicio de impresi\u00f3n 3D<\/strong><\/p>\n<p>La creaci\u00f3n r\u00e1pida de prototipos de impresi\u00f3n 3D le permite completar piezas complejas de manera f\u00e1cil y r\u00e1pida, y le brindaremos servicios de fabricaci\u00f3n aditiva de alta calidad, desde prototipos de precisi\u00f3n hasta piezas de producci\u00f3n en lotes peque\u00f1os.<\/p>","protected":false},"excerpt":{"rendered":"<p>Consumer Electronics The rapid development of consumer products is also an indispensable element of human life, the competition of consumer electronic products in the market is also extremely fierce, and product engineers and designers are constantly accelerating innovation. CNC machining and 3D printing technology are used in rapid prototyping through preliminary prototyping to rapidly verify [&hellip;]<\/p>","protected":false},"author":1,"featured_media":0,"parent":0,"menu_order":0,"comment_status":"closed","ping_status":"closed","template":"page\/Certificate.php","meta":{"footnotes":""},"class_list":["post-155","page","type-page","status-publish","hentry"],"_links":{"self":[{"href":"http:\/\/www.zfrapid.com\/es\/wp-json\/wp\/v2\/pages\/155","targetHints":{"allow":["GET"]}}],"collection":[{"href":"http:\/\/www.zfrapid.com\/es\/wp-json\/wp\/v2\/pages"}],"about":[{"href":"http:\/\/www.zfrapid.com\/es\/wp-json\/wp\/v2\/types\/page"}],"author":[{"embeddable":true,"href":"http:\/\/www.zfrapid.com\/es\/wp-json\/wp\/v2\/users\/1"}],"replies":[{"embeddable":true,"href":"http:\/\/www.zfrapid.com\/es\/wp-json\/wp\/v2\/comments?post=155"}],"version-history":[{"count":2,"href":"http:\/\/www.zfrapid.com\/es\/wp-json\/wp\/v2\/pages\/155\/revisions"}],"predecessor-version":[{"id":159,"href":"http:\/\/www.zfrapid.com\/es\/wp-json\/wp\/v2\/pages\/155\/revisions\/159"}],"wp:attachment":[{"href":"http:\/\/www.zfrapid.com\/es\/wp-json\/wp\/v2\/media?parent=155"}],"curies":[{"name":"wp","href":"https:\/\/api.w.org\/{rel}","templated":true}]}}