{"id":144,"date":"2023-10-13T14:55:23","date_gmt":"2023-10-13T06:55:23","guid":{"rendered":"http:\/\/www.zfrapid.com\/?page_id=144"},"modified":"2023-10-13T14:56:56","modified_gmt":"2023-10-13T06:56:56","slug":"automotive","status":"publish","type":"page","link":"http:\/\/www.zfrapid.com\/es\/automotive\/","title":{"rendered":"AUTOMOTOR"},"content":{"rendered":"<p>Con el r\u00e1pido desarrollo de la industria automotriz y la promoci\u00f3n continua de la innovaci\u00f3n de los veh\u00edculos el\u00e9ctricos h\u00edbridos, los conectores montados en veh\u00edculos y de conducci\u00f3n aut\u00f3noma, es posible elaborar prototipos de fabricaci\u00f3n en un tiempo extremadamente corto con tecnolog\u00eda de creaci\u00f3n r\u00e1pida de prototipos CNC para probar la funci\u00f3n y verificar la racionalidad. de apariencia y dise\u00f1o. La tecnolog\u00eda de mecanizado CNC r\u00e1pido y la tecnolog\u00eda de impresi\u00f3n 3D se utilizan en el dise\u00f1o y la fabricaci\u00f3n de prototipos iniciales, y se admite que la muestra de la pieza simple se fabrique en el plazo de un d\u00eda lo antes posible. En el futuro, la producci\u00f3n en lotes peque\u00f1os y en masa, el moldeo por inyecci\u00f3n, la fundici\u00f3n a presi\u00f3n, el conformado por punzonado y el mecanizado CNC ser\u00e1n procesos de producci\u00f3n indispensables.<\/p>\n<p>&nbsp;<\/p>\n<p>&nbsp;<\/p>\n<p><img loading=\"lazy\" decoding=\"async\" class=\"alignnone size-medium wp-image-145\" src=\"http:\/\/www.zfrapid.com\/wp-content\/uploads\/2023\/10\/\u56fe\u72479-300x201.png\" alt=\"\" width=\"300\" height=\"201\" srcset=\"http:\/\/www.zfrapid.com\/wp-content\/uploads\/2023\/10\/\u56fe\u72479-300x201.png 300w, http:\/\/www.zfrapid.com\/wp-content\/uploads\/2023\/10\/\u56fe\u72479-1024x687.png 1024w, http:\/\/www.zfrapid.com\/wp-content\/uploads\/2023\/10\/\u56fe\u72479-768x516.png 768w, http:\/\/www.zfrapid.com\/wp-content\/uploads\/2023\/10\/\u56fe\u72479-18x12.png 18w, http:\/\/www.zfrapid.com\/wp-content\/uploads\/2023\/10\/\u56fe\u72479.png 1311w\" sizes=\"auto, (max-width: 300px) 100vw, 300px\" \/><\/p>\n<p>&nbsp;<\/p>\n<p>&nbsp;<\/p>\n<h3><strong>APLICACIONES DE LAS PIEZAS DE PRECISI\u00d3N<\/strong><\/h3>\n<p>Creaci\u00f3n r\u00e1pida de prototipos: mecanizado CNC, impresi\u00f3n 3D, fabricaci\u00f3n de chapa met\u00e1lica<\/p>\n<p>Lotes peque\u00f1os de prototipos de piezas de metal y pl\u00e1stico de precisi\u00f3n: mecanizado CNC, moldeo por inyecci\u00f3n de molde r\u00e1pido, fabricaci\u00f3n de chapa met\u00e1lica.<\/p>\n<p>Piezas de producci\u00f3n en lotes peque\u00f1os: mecanizado CNC, moldeo por inyecci\u00f3n, fundici\u00f3n a presi\u00f3n, mecanizado por punzonado<\/p>\n<p>Soporte de fabricaci\u00f3n en planta: accesorios de montaje personalizados, accesorios de control personalizados<\/p>\n<p>&nbsp;<\/p>\n<p>&nbsp;<\/p>\n<p><img loading=\"lazy\" decoding=\"async\" class=\"size-medium wp-image-146 alignleft\" src=\"http:\/\/www.zfrapid.com\/wp-content\/uploads\/2023\/10\/\u56fe\u72478-300x240.png\" alt=\"\" width=\"300\" height=\"240\" srcset=\"http:\/\/www.zfrapid.com\/wp-content\/uploads\/2023\/10\/\u56fe\u72478-300x240.png 300w, http:\/\/www.zfrapid.com\/wp-content\/uploads\/2023\/10\/\u56fe\u72478-1024x819.png 1024w, http:\/\/www.zfrapid.com\/wp-content\/uploads\/2023\/10\/\u56fe\u72478-768x614.png 768w, http:\/\/www.zfrapid.com\/wp-content\/uploads\/2023\/10\/\u56fe\u72478-15x12.png 15w, http:\/\/www.zfrapid.com\/wp-content\/uploads\/2023\/10\/\u56fe\u72478.png 1280w\" sizes=\"auto, (max-width: 300px) 100vw, 300px\" \/><\/p>\n<p>&nbsp;<\/p>\n<p>&nbsp;<\/p>\n<p>&nbsp;<\/p>\n<p>&nbsp;<\/p>\n<p>&nbsp;<\/p>\n<p>&nbsp;<\/p>\n<p>&nbsp;<\/p>\n<p><strong>Capacidades de fabricaci\u00f3n de autopartes<\/strong><\/p>\n<p><strong>Servicio de mecanizado CNC<\/strong><br \/>\nContamos con un taller de m\u00e1quinas herramienta CNC de precisi\u00f3n capaz de elaborar piezas con las tolerancias m\u00e1s severas y procesar prototipos de metal y pl\u00e1stico, as\u00ed como piezas de producci\u00f3n en un solo d\u00eda.<\/p>\n<p>&nbsp;<\/p>\n<p><strong>Servicio de moldeo por inyecci\u00f3n<\/strong><br \/>\nNuestro moldeo por inyecci\u00f3n en lotes peque\u00f1os se caracteriza por un tiempo de entrega r\u00e1pido; utilizamos herramientas r\u00e1pidas para acelerar el ciclo de fabricaci\u00f3n de los productos, permitir que los productos ingresen al mercado m\u00e1s r\u00e1pido y reducir el riesgo de inversi\u00f3n.<\/p>\n<p>&nbsp;<\/p>\n<p><strong>Servicio de impresi\u00f3n 3D<\/strong><br \/>\nLa creaci\u00f3n r\u00e1pida de prototipos de impresi\u00f3n 3D le permite completar piezas complejas de manera f\u00e1cil y r\u00e1pida, y le brindaremos servicios de fabricaci\u00f3n aditiva de alta calidad, desde prototipos de precisi\u00f3n hasta piezas de producci\u00f3n en lotes peque\u00f1os.<\/p>","protected":false},"excerpt":{"rendered":"<p>Con el r\u00e1pido desarrollo de la industria automotriz y la continua promoci\u00f3n de la innovaci\u00f3n en veh\u00edculos el\u00e9ctricos h\u00edbridos, veh\u00edculos aut\u00f3nomos y conectores para veh\u00edculos, es posible desarrollar prototipos de fabricaci\u00f3n en un plazo extremadamente corto mediante la tecnolog\u00eda de prototipado r\u00e1pido CNC para probar su funcionamiento y verificar la racionalidad de la apariencia y el dise\u00f1o. La tecnolog\u00eda de mecanizado r\u00e1pido CNC y la impresi\u00f3n 3D [\u2026]<\/p>","protected":false},"author":1,"featured_media":0,"parent":0,"menu_order":0,"comment_status":"closed","ping_status":"closed","template":"page\/Certificate.php","meta":{"footnotes":""},"class_list":["post-144","page","type-page","status-publish","hentry"],"_links":{"self":[{"href":"http:\/\/www.zfrapid.com\/es\/wp-json\/wp\/v2\/pages\/144","targetHints":{"allow":["GET"]}}],"collection":[{"href":"http:\/\/www.zfrapid.com\/es\/wp-json\/wp\/v2\/pages"}],"about":[{"href":"http:\/\/www.zfrapid.com\/es\/wp-json\/wp\/v2\/types\/page"}],"author":[{"embeddable":true,"href":"http:\/\/www.zfrapid.com\/es\/wp-json\/wp\/v2\/users\/1"}],"replies":[{"embeddable":true,"href":"http:\/\/www.zfrapid.com\/es\/wp-json\/wp\/v2\/comments?post=144"}],"version-history":[{"count":5,"href":"http:\/\/www.zfrapid.com\/es\/wp-json\/wp\/v2\/pages\/144\/revisions"}],"predecessor-version":[{"id":152,"href":"http:\/\/www.zfrapid.com\/es\/wp-json\/wp\/v2\/pages\/144\/revisions\/152"}],"wp:attachment":[{"href":"http:\/\/www.zfrapid.com\/es\/wp-json\/wp\/v2\/media?parent=144"}],"curies":[{"name":"wp","href":"https:\/\/api.w.org\/{rel}","templated":true}]}}