{"id":139,"date":"2023-10-13T14:51:17","date_gmt":"2023-10-13T06:51:17","guid":{"rendered":"http:\/\/www.zfrapid.com\/?page_id=139"},"modified":"2023-10-13T14:51:17","modified_gmt":"2023-10-13T06:51:17","slug":"aerospace","status":"publish","type":"page","link":"http:\/\/www.zfrapid.com\/es\/aerospace\/","title":{"rendered":"AEROESPACIAL"},"content":{"rendered":"<p><strong>AEROESPACIAL\u00a0\u00a0<\/strong><\/p>\n<p>Actualmente, los requisitos en cuanto a tecnolog\u00eda de mecanizado y propiedades de los materiales de piezas aeroespaciales complejas t\u00edpicas son cada vez mayores con el r\u00e1pido desarrollo de la industria aeroespacial. El mecanizado CNC, desarrollado desde los primeros prototipos y la confirmaci\u00f3n del dise\u00f1o hasta las pruebas de despegue, se ha convertido en una parte indispensable de la fabricaci\u00f3n aeroespacial. La calidad de todas las piezas aeroespaciales est\u00e1 estrictamente controlada, y todo el v\u00ednculo de fabricaci\u00f3n, desde la selecci\u00f3n y verificaci\u00f3n de materiales hasta el mecanizado CNC de alta precisi\u00f3n, se controla con sistemas o est\u00e1ndares de calidad de la industria.<\/p>\n<p>&nbsp;<\/p>\n<p>&nbsp;<\/p>\n<p><strong>APLICACIONES AEROESPACIALES<\/strong><\/p>\n<p>Mecanizado de prototipos de piezas de precisi\u00f3n con CNC Fabricaci\u00f3n r\u00e1pida de prototipos de piezas con impresi\u00f3n 3D Fabricaci\u00f3n de componentes aeroespaciales complejos y de alta precisi\u00f3n Desarrollo de producci\u00f3n en peque\u00f1os lotes de piezas aeroespaciales Utillaje r\u00e1pido, fijaciones y herramientas de inspecci\u00f3n<\/p>\n<p>&nbsp;<\/p>\n<p>&nbsp;<\/p>\n<p><img loading=\"lazy\" decoding=\"async\" class=\"alignnone size-medium wp-image-140\" src=\"http:\/\/www.zfrapid.com\/wp-content\/uploads\/2023\/10\/\u56fe\u72476-300x225.png\" alt=\"\" width=\"300\" height=\"225\" srcset=\"http:\/\/www.zfrapid.com\/wp-content\/uploads\/2023\/10\/\u56fe\u72476-300x225.png 300w, http:\/\/www.zfrapid.com\/wp-content\/uploads\/2023\/10\/\u56fe\u72476-1024x768.png 1024w, http:\/\/www.zfrapid.com\/wp-content\/uploads\/2023\/10\/\u56fe\u72476-768x576.png 768w, http:\/\/www.zfrapid.com\/wp-content\/uploads\/2023\/10\/\u56fe\u72476-1536x1152.png 1536w, http:\/\/www.zfrapid.com\/wp-content\/uploads\/2023\/10\/\u56fe\u72476-2048x1536.png 2048w, http:\/\/www.zfrapid.com\/wp-content\/uploads\/2023\/10\/\u56fe\u72476-16x12.png 16w\" sizes=\"auto, (max-width: 300px) 100vw, 300px\" \/> <img loading=\"lazy\" decoding=\"async\" class=\"alignnone size-medium wp-image-141\" src=\"http:\/\/www.zfrapid.com\/wp-content\/uploads\/2023\/10\/\u56fe\u72475-300x224.png\" alt=\"\" width=\"300\" height=\"224\" srcset=\"http:\/\/www.zfrapid.com\/wp-content\/uploads\/2023\/10\/\u56fe\u72475-300x224.png 300w, http:\/\/www.zfrapid.com\/wp-content\/uploads\/2023\/10\/\u56fe\u72475-16x12.png 16w, http:\/\/www.zfrapid.com\/wp-content\/uploads\/2023\/10\/\u56fe\u72475.png 746w\" sizes=\"auto, (max-width: 300px) 100vw, 300px\" \/><\/p>\n<p>&nbsp;<\/p>\n<p><strong>Capacidades de fabricaci\u00f3n aeroespacial<\/strong><\/p>\n<p>&nbsp;<\/p>\n<p><strong> Servicio de mecanizado CNC<\/strong><\/p>\n<p>Contamos con un taller de m\u00e1quinas herramienta CNC de precisi\u00f3n capaz de elaborar piezas con las tolerancias m\u00e1s severas y procesar prototipos de metal y pl\u00e1stico, as\u00ed como piezas de producci\u00f3n en un solo d\u00eda.<\/p>\n<p>&nbsp;<\/p>\n<p>&nbsp;<\/p>\n<p><strong>Servicio de moldeo por inyecci\u00f3n<\/strong><\/p>\n<p>Nuestro moldeo por inyecci\u00f3n en lotes peque\u00f1os se caracteriza por un tiempo de entrega r\u00e1pido; utilizamos herramientas r\u00e1pidas para acelerar el ciclo de fabricaci\u00f3n de los productos, permitir que los productos ingresen al mercado m\u00e1s r\u00e1pido y reducir el riesgo de inversi\u00f3n.<\/p>\n<p>&nbsp;<\/p>\n<p>&nbsp;<\/p>\n<p><strong>Servicio de impresi\u00f3n 3D<\/strong><\/p>\n<p>La creaci\u00f3n r\u00e1pida de prototipos de impresi\u00f3n 3D le permite completar piezas complejas de manera f\u00e1cil y r\u00e1pida, y le brindaremos servicios de fabricaci\u00f3n aditiva de alta calidad, desde prototipos de precisi\u00f3n hasta piezas de producci\u00f3n en lotes peque\u00f1os.<\/p>\n<p>&nbsp;<\/p>\n<p>&nbsp;<\/p>","protected":false},"excerpt":{"rendered":"<p>AEROESPACIAL. Actualmente, los requisitos de tecnolog\u00eda de mecanizado y propiedades de los materiales de las piezas aeroespaciales complejas t\u00edpicas son cada vez m\u00e1s exigentes debido al r\u00e1pido desarrollo de la industria aeroespacial. El mecanizado CNC, desarrollado desde la creaci\u00f3n de prototipos y la confirmaci\u00f3n del dise\u00f1o hasta la prueba de despegue, se ha convertido en una parte indispensable de la fabricaci\u00f3n aeroespacial. La calidad de todas las piezas aeroespaciales es estrictamente [\u2026]<\/p>","protected":false},"author":1,"featured_media":0,"parent":0,"menu_order":0,"comment_status":"closed","ping_status":"closed","template":"page\/Certificate.php","meta":{"footnotes":""},"class_list":["post-139","page","type-page","status-publish","hentry"],"_links":{"self":[{"href":"http:\/\/www.zfrapid.com\/es\/wp-json\/wp\/v2\/pages\/139","targetHints":{"allow":["GET"]}}],"collection":[{"href":"http:\/\/www.zfrapid.com\/es\/wp-json\/wp\/v2\/pages"}],"about":[{"href":"http:\/\/www.zfrapid.com\/es\/wp-json\/wp\/v2\/types\/page"}],"author":[{"embeddable":true,"href":"http:\/\/www.zfrapid.com\/es\/wp-json\/wp\/v2\/users\/1"}],"replies":[{"embeddable":true,"href":"http:\/\/www.zfrapid.com\/es\/wp-json\/wp\/v2\/comments?post=139"}],"version-history":[{"count":1,"href":"http:\/\/www.zfrapid.com\/es\/wp-json\/wp\/v2\/pages\/139\/revisions"}],"predecessor-version":[{"id":142,"href":"http:\/\/www.zfrapid.com\/es\/wp-json\/wp\/v2\/pages\/139\/revisions\/142"}],"wp:attachment":[{"href":"http:\/\/www.zfrapid.com\/es\/wp-json\/wp\/v2\/media?parent=139"}],"curies":[{"name":"wp","href":"https:\/\/api.w.org\/{rel}","templated":true}]}}