{"id":130,"date":"2023-10-13T14:46:31","date_gmt":"2023-10-13T06:46:31","guid":{"rendered":"http:\/\/www.zfrapid.com\/?page_id=130"},"modified":"2024-06-14T15:59:15","modified_gmt":"2024-06-14T07:59:15","slug":"industries","status":"publish","type":"page","link":"http:\/\/www.zfrapid.com\/es\/industries\/","title":{"rendered":"Industrias"},"content":{"rendered":"<p><strong>M\u00c9DICO<\/strong><\/p>\n<p>&nbsp;<\/p>\n<p>En los dispositivos m\u00e9dicos intervienen numerosas piezas de precisi\u00f3n, piezas de materiales especiales, la producci\u00f3n inicial de prototipos y, posteriormente, la producci\u00f3n en peque\u00f1os lotes. El mecanizado CNC es un proceso de fabricaci\u00f3n de uso frecuente y puede cumplir con los altos requisitos de tolerancia de la fabricaci\u00f3n de precisi\u00f3n. La creaci\u00f3n r\u00e1pida de prototipos, un eslab\u00f3n esencial en la etapa de desarrollo, se utiliza para verificar la racionalidad del dise\u00f1o de equipos m\u00e9dicos, con el fin de ahorrar tiempo y costos de desarrollo. La producci\u00f3n en lotes peque\u00f1os puede ingresar al mercado r\u00e1pidamente y reducir los riesgos relacionados con el costo de inversi\u00f3n.<\/p>\n<p>&nbsp;<\/p>\n<p><img loading=\"lazy\" decoding=\"async\" class=\"alignnone wp-image-133 alignleft\" src=\"http:\/\/www.zfrapid.com\/wp-content\/uploads\/2023\/10\/\u56fe\u72472-300x225.png\" alt=\"\" width=\"500\" height=\"461\" \/><\/p>\n<p><img loading=\"lazy\" decoding=\"async\" class=\"alignnone wp-image-133 alignleft\" src=\"http:\/\/www.zfrapid.com\/wp-content\/uploads\/2023\/10\/\u56fe\u72474-300x225.png\" alt=\"\" width=\"500\" height=\"463\" \/><\/p>\n<h3><\/h3>\n<h3><\/h3>\n<h3><\/h3>\n<h3><\/h3>\n<h3><\/h3>\n<h3><\/h3>\n<h3><\/h3>\n<h3><\/h3>\n<h3><\/h3>\n<h3><strong>aplicaciones de hardware y dispositivos m\u00e9dicos<\/strong><\/h3>\n<p>&nbsp;<\/p>\n<p>Equipo de pruebas m\u00e9dicas<\/p>\n<p>Partes de ventiladores<\/p>\n<p>Dispositivos de mano<\/p>\n<p>Prototipos implantables<\/p>\n<p>Instrumentos quir\u00fargicos<\/p>\n<p>Componentes prot\u00e9sicos<\/p>\n<p>Accesorios personalizados<\/p>\n<p>Usables<\/p>\n<p>&nbsp;<\/p>\n<p>&nbsp;<\/p>\n<p><strong>Capacidades de fabricaci\u00f3n m\u00e9dica<\/strong><\/p>\n<p>&nbsp;<\/p>\n<p>&nbsp;<\/p>\n<p><strong>Servicio de mecanizado CNC<\/strong><\/p>\n<p>Contamos con un taller de m\u00e1quinas herramienta CNC de precisi\u00f3n capaz de elaborar piezas con las tolerancias m\u00e1s severas y procesar prototipos de metal y pl\u00e1stico, as\u00ed como piezas de producci\u00f3n en un solo d\u00eda.<\/p>\n<p>&nbsp;<\/p>\n<p>&nbsp;<\/p>\n<p><strong> Servicio de moldeo por inyecci\u00f3n<\/strong><\/p>\n<p>Nuestro moldeo por inyecci\u00f3n en lotes peque\u00f1os se caracteriza por un tiempo de entrega r\u00e1pido, utilizamos herramientas r\u00e1pidas para acelerar el ciclo de fabricaci\u00f3n de los productos, permitir que los productos ingresen al mercado m\u00e1s r\u00e1pido y reducir el riesgo de inversi\u00f3n.<\/p>\n<p>&nbsp;<\/p>\n<p><img loading=\"lazy\" decoding=\"async\" class=\"wp-image-132 aligncenter\" src=\"http:\/\/www.zfrapid.com\/wp-content\/uploads\/2023\/10\/\u56fe\u72473-300x225.png\" alt=\"\" width=\"529\" height=\"397\" srcset=\"http:\/\/www.zfrapid.com\/wp-content\/uploads\/2023\/10\/\u56fe\u72473-300x225.png 300w, http:\/\/www.zfrapid.com\/wp-content\/uploads\/2023\/10\/\u56fe\u72473-1024x768.png 1024w, http:\/\/www.zfrapid.com\/wp-content\/uploads\/2023\/10\/\u56fe\u72473-768x576.png 768w, http:\/\/www.zfrapid.com\/wp-content\/uploads\/2023\/10\/\u56fe\u72473-1536x1152.png 1536w, http:\/\/www.zfrapid.com\/wp-content\/uploads\/2023\/10\/\u56fe\u72473-2048x1536.png 2048w, http:\/\/www.zfrapid.com\/wp-content\/uploads\/2023\/10\/\u56fe\u72473-16x12.png 16w\" sizes=\"auto, (max-width: 529px) 100vw, 529px\" \/><\/p>\n<p>&nbsp;<\/p>\n<p>&nbsp;<\/p>\n<p>&nbsp;<\/p>\n<p><strong>Servicio de impresi\u00f3n 3D<\/strong><\/p>\n<p>La creaci\u00f3n r\u00e1pida de prototipos de impresi\u00f3n 3D le permite completar piezas complejas de manera f\u00e1cil y r\u00e1pida, y le brindaremos servicios de fabricaci\u00f3n aditiva de alta calidad, desde prototipos de precisi\u00f3n hasta piezas de producci\u00f3n en lotes peque\u00f1os.<\/p>","protected":false},"excerpt":{"rendered":"<p>MEDICAL &nbsp; Numerous precision parts, special material parts, early prototype production and later small-batch production are involved in medical devices. CNC machining is a frequently-used manufacturing process, and it can meet the high requirement on the tolerance of precision manufacturing. Rapid prototyping, an essential link in the development stage, is used to verify the rationality [&hellip;]<\/p>","protected":false},"author":1,"featured_media":0,"parent":0,"menu_order":0,"comment_status":"closed","ping_status":"closed","template":"page\/Certificate.php","meta":{"footnotes":""},"class_list":["post-130","page","type-page","status-publish","hentry"],"_links":{"self":[{"href":"http:\/\/www.zfrapid.com\/es\/wp-json\/wp\/v2\/pages\/130","targetHints":{"allow":["GET"]}}],"collection":[{"href":"http:\/\/www.zfrapid.com\/es\/wp-json\/wp\/v2\/pages"}],"about":[{"href":"http:\/\/www.zfrapid.com\/es\/wp-json\/wp\/v2\/types\/page"}],"author":[{"embeddable":true,"href":"http:\/\/www.zfrapid.com\/es\/wp-json\/wp\/v2\/users\/1"}],"replies":[{"embeddable":true,"href":"http:\/\/www.zfrapid.com\/es\/wp-json\/wp\/v2\/comments?post=130"}],"version-history":[{"count":17,"href":"http:\/\/www.zfrapid.com\/es\/wp-json\/wp\/v2\/pages\/130\/revisions"}],"predecessor-version":[{"id":189,"href":"http:\/\/www.zfrapid.com\/es\/wp-json\/wp\/v2\/pages\/130\/revisions\/189"}],"wp:attachment":[{"href":"http:\/\/www.zfrapid.com\/es\/wp-json\/wp\/v2\/media?parent=130"}],"curies":[{"name":"wp","href":"https:\/\/api.w.org\/{rel}","templated":true}]}}