{"id":103,"date":"2023-10-13T10:13:10","date_gmt":"2023-10-13T02:13:10","guid":{"rendered":"http:\/\/www.zfrapid.com\/?page_id=103"},"modified":"2023-10-13T10:13:21","modified_gmt":"2023-10-13T02:13:21","slug":"aluminum-extrusion","status":"publish","type":"page","link":"http:\/\/www.zfrapid.com\/es\/aluminum-extrusion\/","title":{"rendered":"Extrusi\u00f3n de aluminio"},"content":{"rendered":"<h3><strong>Extrusi\u00f3n de aluminio<\/strong><\/h3>\n<p>Le brindamos servicios de fabricaci\u00f3n de moldes, extrusi\u00f3n de aluminio y mecanizado de piezas despu\u00e9s del tratamiento. Incluso si solo necesita 50 unidades, podemos hacerlo por usted.<\/p>\n<p>&nbsp;<\/p>\n<p>&nbsp;<\/p>\n<h3><strong>\u00bfQu\u00e9 es el perfil de aluminio?<\/strong><\/h3>\n<p>El perfil de aluminio es un tipo de material de aluminio con diferentes formas de secci\u00f3n mediante fusi\u00f3n en caliente y extrusi\u00f3n de varilla redonda de aluminio fundido. El proceso de producci\u00f3n de perfiles de aluminio incluye principalmente tres procesos: fundici\u00f3n, extrusi\u00f3n y coloraci\u00f3n. La coloraci\u00f3n incluye principalmente: oxidaci\u00f3n, recubrimiento por electroforesis, pulverizaci\u00f3n de fluorocarbono, pulverizaci\u00f3n de polvo, transferencia de vetas de madera y otros procesos.<\/p>\n<p>&nbsp;<\/p>\n<h3><strong>Ventaja del perfil de aluminio.<\/strong><\/h3>\n<ul>\n<li>f\u00e1cil de procesar<\/li>\n<li>bajo costo del molde<\/li>\n<li>alta calidad<\/li>\n<li>rendimiento de refrigeraci\u00f3n gofod g<\/li>\n<li>Buen efecto de tratamiento de superficie.<\/li>\n<\/ul>\n<p>&nbsp;<\/p>\n<h3><strong>molde de extrusi\u00f3n<\/strong><\/h3>\n<p>La vida \u00fatil del molde de extrusi\u00f3n est\u00e1 relacionada con su material, por lo que analizamos, dise\u00f1amos y elegimos el material para el producto despu\u00e9s de obtener su dibujo.<\/p>\n<p>&nbsp;<\/p>\n<p>&nbsp;<\/p>\n<h3><strong>Producci\u00f3n<\/strong><\/h3>\n<p>En los \u00faltimos a\u00f1os, debido a la b\u00fasqueda de miniaturizaci\u00f3n y ligereza en muchas industrias, los perfiles de aleaci\u00f3n de aluminio se han utilizado ampliamente en radiadores, aparatos electr\u00f3nicos, aeroespacial, transporte, construcci\u00f3n y otras industrias. Como resultado, la proporci\u00f3n de productos extruidos de aluminio tambi\u00e9n ha aumentado r\u00e1pidamente. Podemos proporcionar una variedad de servicios de procesamiento de productos de aluminio, incluido el moldeo por torneado CNC, el moldeo por fresado CNC y el moldeo por corte CNC.<\/p>\n<p>&nbsp;<\/p>\n<p>&nbsp;<\/p>\n<h3><strong>Material<\/strong><\/h3>\n<p>El perfil de aluminio tiene muchos n\u00fameros de modelo, como 6063, 6061,6005 y 6082.<\/p>","protected":false},"excerpt":{"rendered":"<p>Aluminum Extrusion We provide\u00a0you\u00a0with mould making, aluminum extrusion,parts machining post treatment\u00a0through-train\u00a0services. Even you only need 50pcs, we can do them for you. &nbsp; &nbsp; What is aluminum profile? Aluminum profile is a kind of aluminum material with different section shapes by hot melting and extrusion of round cast aluminum rod. The production process of aluminum [&hellip;]<\/p>","protected":false},"author":1,"featured_media":0,"parent":0,"menu_order":0,"comment_status":"closed","ping_status":"closed","template":"page\/Certificate.php","meta":{"footnotes":""},"class_list":["post-103","page","type-page","status-publish","hentry"],"_links":{"self":[{"href":"http:\/\/www.zfrapid.com\/es\/wp-json\/wp\/v2\/pages\/103","targetHints":{"allow":["GET"]}}],"collection":[{"href":"http:\/\/www.zfrapid.com\/es\/wp-json\/wp\/v2\/pages"}],"about":[{"href":"http:\/\/www.zfrapid.com\/es\/wp-json\/wp\/v2\/types\/page"}],"author":[{"embeddable":true,"href":"http:\/\/www.zfrapid.com\/es\/wp-json\/wp\/v2\/users\/1"}],"replies":[{"embeddable":true,"href":"http:\/\/www.zfrapid.com\/es\/wp-json\/wp\/v2\/comments?post=103"}],"version-history":[{"count":2,"href":"http:\/\/www.zfrapid.com\/es\/wp-json\/wp\/v2\/pages\/103\/revisions"}],"predecessor-version":[{"id":105,"href":"http:\/\/www.zfrapid.com\/es\/wp-json\/wp\/v2\/pages\/103\/revisions\/105"}],"wp:attachment":[{"href":"http:\/\/www.zfrapid.com\/es\/wp-json\/wp\/v2\/media?parent=103"}],"curies":[{"name":"wp","href":"https:\/\/api.w.org\/{rel}","templated":true}]}}