{"id":101,"date":"2023-10-13T10:10:15","date_gmt":"2023-10-13T02:10:15","guid":{"rendered":"http:\/\/www.zfrapid.com\/?page_id=101"},"modified":"2024-06-14T15:55:41","modified_gmt":"2024-06-14T07:55:41","slug":"cnc-machining","status":"publish","type":"page","link":"http:\/\/www.zfrapid.com\/es\/cnc-machining\/","title":{"rendered":"Mecanizado CNC"},"content":{"rendered":"<p>zf ofrece servicios de mecanizado CNC que incluyen fresado, torneado, corte por chispa y alambre y rectificado de superficies. Una serie de equipos avanzados como centros de mecanizado de 3, 4 y 5 ejes nos respaldan para ofrecerle productos de alta calidad.<\/p>\n<p>&nbsp;<\/p>\n<p>&nbsp;<\/p>\n<p>&nbsp;<\/p>\n<h3><strong>\u00bfQu\u00e9 es el mecanizado CNC?<\/strong><\/h3>\n<p>El mecanizado CNC es un tipo de m\u00e9todo de moldeo de fabricaci\u00f3n por eliminaci\u00f3n de material, que es controlado por ingenieros que verifican el dibujo 3D. Utilizando herramientas de precisi\u00f3n para eliminar materiales y fabricar piezas o productos en el proceso.<\/p>\n<p>&nbsp;<\/p>\n<p>&nbsp;<\/p>\n<h3><strong>Ventaja del mecanizado CNC<\/strong><\/h3>\n<ul>\n<li>adecuado para muchas industrias<\/li>\n<li>Adecuado para muchos tipos de procesamiento de materiales.<\/li>\n<li>alta precisi\u00f3n<\/li>\n<li>bajo costo<\/li>\n<li>Ciclo de producci\u00f3n corto<\/li>\n<li>De una a cien mil cantidades aceptables.<\/li>\n<\/ul>\n<p>&nbsp;<\/p>\n<h3><strong> Piezas de fresado<\/strong><\/h3>\n<p>zf Equipado con centros de mecanizado avanzados de 3, 4 y 5 ejes, puede procesar productos con formas 3D complejas, requisitos de alta precisi\u00f3n y altos requisitos de superficie. Nuestros ingenieros utilizan software de programaci\u00f3n combinado con el centro de mecanizado para moldeo por mecanizado CNC, los productos de procesamiento son productos de metal y pl\u00e1stico, velocidad y precisi\u00f3n de procesamiento, bajo costo y alto<\/p>\n<h3><strong>Piezas giratorias<\/strong><\/h3>\n<p>El torno CNC es adecuado para todo tipo de productos de metal y pl\u00e1stico, mediante el husillo que sujeta la rotaci\u00f3n de la pieza de trabajo y el movimiento de la herramienta para eliminar el material, lo que logra la forma compleja del c\u00edrculo exterior y el orificio interior del procesamiento del producto.<\/p>\n<p>&nbsp;<\/p>\n<p>&nbsp;<\/p>\n<h3><strong>Mecanizado por electroerosi\u00f3n<\/strong><\/h3>\n<p>El mecanizado por electroerosi\u00f3n es el mecanizado por corrosi\u00f3n de materiales met\u00e1licos mediante electroerosi\u00f3n de alta resistencia emitida por electrodos en el electrolito. Edm tambi\u00e9n es un proceso importante en la fabricaci\u00f3n de moldes, que se puede utilizar para limpiar el \u00e1ngulo de la cavidad y la ranura del molde, y se puede utilizar para el tratamiento de la superficie de la cavidad del molde.<\/p>\n<p>&nbsp;<\/p>\n<p>&nbsp;<\/p>\n<p>&nbsp;<\/p>\n<h3><strong>corte de alambre<\/strong><\/h3>\n<p>El alambre para corte de alambre se utiliza para procesar materiales corrosivos a trav\u00e9s del corte de alambre, procesando pistas en una l\u00ednea de gr\u00e1ficos planos 2D, hasta mecanizar el moldeado de manera r\u00e1pida y precisa.<\/p>\n<p>&nbsp;<\/p>\n<p>&nbsp;<\/p>\n<h3><strong>Molienda<\/strong><\/h3>\n<p>El procesamiento de rectificado es el uso de una muela abrasiva en el rectificado de la pieza de trabajo, dividido en rectificado plano, rectificado cil\u00edndrico y moldeado por rectificado cil\u00edndrico, rectificado de precisi\u00f3n y acabado superficial ultra alto.<\/p>\n<p>&nbsp;<\/p>\n<p>&nbsp;<\/p>\n<p>&nbsp;<\/p>\n<h3><strong>Tolerancia<\/strong><\/h3>\n<p>Para la tolerancia, seguiremos el est\u00e1ndar DIN ISO 2768 si no hay solicitud de los clientes. Las piezas met\u00e1licas son DIN ISO 2768-f y las piezas de pl\u00e1stico son DIN ISO 2768-m. Le daremos sugerencias para situaciones especiales.<\/p>","protected":false},"excerpt":{"rendered":"<p>zf provides CNC machining services include milling, turning, spark and wire cutting and surface grinding. A series of advanced equipment like 3 axis, 4 axis and 5 axis machining center support us to give you high quality products. &nbsp; &nbsp; &nbsp; What\u2019s CNC machining? CNC machining is a kind of material removal manufacturing molding method, [&hellip;]<\/p>","protected":false},"author":1,"featured_media":0,"parent":0,"menu_order":0,"comment_status":"closed","ping_status":"closed","template":"page\/Certificate.php","meta":{"footnotes":""},"class_list":["post-101","page","type-page","status-publish","hentry"],"_links":{"self":[{"href":"http:\/\/www.zfrapid.com\/es\/wp-json\/wp\/v2\/pages\/101","targetHints":{"allow":["GET"]}}],"collection":[{"href":"http:\/\/www.zfrapid.com\/es\/wp-json\/wp\/v2\/pages"}],"about":[{"href":"http:\/\/www.zfrapid.com\/es\/wp-json\/wp\/v2\/types\/page"}],"author":[{"embeddable":true,"href":"http:\/\/www.zfrapid.com\/es\/wp-json\/wp\/v2\/users\/1"}],"replies":[{"embeddable":true,"href":"http:\/\/www.zfrapid.com\/es\/wp-json\/wp\/v2\/comments?post=101"}],"version-history":[{"count":3,"href":"http:\/\/www.zfrapid.com\/es\/wp-json\/wp\/v2\/pages\/101\/revisions"}],"predecessor-version":[{"id":185,"href":"http:\/\/www.zfrapid.com\/es\/wp-json\/wp\/v2\/pages\/101\/revisions\/185"}],"wp:attachment":[{"href":"http:\/\/www.zfrapid.com\/es\/wp-json\/wp\/v2\/media?parent=101"}],"curies":[{"name":"wp","href":"https:\/\/api.w.org\/{rel}","templated":true}]}}