{"id":79,"date":"2023-10-13T09:36:36","date_gmt":"2023-10-13T01:36:36","guid":{"rendered":"http:\/\/www.zfrapid.com\/?page_id=79"},"modified":"2023-10-13T09:49:34","modified_gmt":"2023-10-13T01:49:34","slug":"manufacturing","status":"publish","type":"page","link":"http:\/\/www.zfrapid.com\/de\/manufacturing\/","title":{"rendered":"Herstellung"},"content":{"rendered":"<h2 class=\"wp-block-heading\" style=\"text-align: left;\">Kleinserien-Fertigungsservice<\/h2>\r\n<h4 class=\"wp-block-heading\" style=\"text-align: left;\">Wir haben keine MOQ-Anfrage, daher sind wir Ihre beste Wahl f\u00fcr Ihren Bedarf von weniger als 100 St\u00fcck oder mehr als 10.000 St\u00fcck. F\u00fcr ein neues Produkt k\u00f6nnen wir alle Ihre Anforderungen von der Kleinserienfertigung bis zur Massenfertigung erf\u00fcllen. Gerne k\u00f6nnen Sie uns f\u00fcr Ihre Anfrage kontaktieren.<\/h4>\r\n<p>&nbsp;<\/p>\r\n<p>&nbsp;<\/p>\r\n<p>&nbsp;<\/p>\r\n\r\n\r\n\r\n<h2 class=\"wp-block-heading\" style=\"text-align: left;\">Was ist Kleinserienfertigung?<\/h2>\r\n\r\n\r\n\r\n<p style=\"text-align: left;\">F\u00fcr ein neues Produkt w\u00fcrde die Marktreaktion durch Kleinserienproduktion vor der Massenproduktion getestet, und die Menge betr\u00e4gt weniger als 10.000 St\u00fcck. Einige Kunden entscheiden sich f\u00fcr die Kleinserienfertigung, um das Investitionsrisiko zu verringern.<\/p>\r\n<p>&nbsp;<\/p>\r\n<p>&nbsp;<\/p>\r\n<p>&nbsp;<\/p>\r\n\r\n\r\n\r\n<h2 class=\"wp-block-heading\" style=\"text-align: left;\">Vorteile der Kleinserienfertigung<\/h2>\r\n\r\n\r\n\r\n<ul class=\"wp-block-list\" style=\"text-align: left;\">\r\n<li>keine MOQ-Anforderung<\/li>\r\n\r\n\r\n\r\n<li>kurzer Produktionszyklus<\/li>\r\n\r\n\r\n\r\n<li>schnell in den Markt einsteigen<\/li>\r\n\r\n\r\n\r\n<li>niedrige Kosten f\u00fcr schnelles Werkzeug<\/li>\r\n\r\n\r\n\r\n<li>Investitionsrisiko verringern<\/li>\r\n\r\n\r\n\r\n<li>flexiblere Anpassung des Produkts<\/li>\r\n<\/ul>\r\n<p>&nbsp;<\/p>\r\n<p>&nbsp;<\/p>\r\n\r\n\r\n\r\n<h2 class=\"wp-block-heading\" style=\"text-align: left;\">Kunststoff-Spritzguss<\/h2>\r\n\r\n\r\n\r\n<p style=\"text-align: left;\">Kunststoffspritzguss eignet sich f\u00fcr die Kleinserienfertigung und Massenproduktion. Materialien und Farben sind verf\u00fcgbar. Im Vergleich zum herk\u00f6mmlichen Formenbau bietet unser Rapid Prototyping den Vorteil eines kurzen Produktionszyklus und niedriger Kosten, die unter Ihrem Budget liegen.<\/p>\r\n\r\n\r\n\r\n<pre class=\"wp-block-code\"><code><\/code><\/pre>\r\n\r\n\r\n\r\n<h2 class=\"wp-block-heading\">\u00a0<\/h2>\r\n<h2 class=\"wp-block-heading\" style=\"text-align: left;\">CNC-Bearbeitung<\/h2>\r\n\r\n\r\n\r\n<p style=\"text-align: left;\">Eine Reihe fortschrittlicher Ger\u00e4te wie 3-Achsen-, 4-Achsen- und 5-Achsen-Bearbeitungszentren, CNC-Maschinen, Erodiermaschinen und CNC-Drahterodiermaschinen unterst\u00fctzen uns bei der Herstellung verschiedener Metall- und Kunststoffmaterialien.<\/p>\r\n\r\n\r\n\r\n<h2 class=\"wp-block-heading\">\u00a0<\/h2>\r\n<h2>\u00a0<\/h2>\r\n<h2 class=\"wp-block-heading\" style=\"text-align: left;\">Druckguss<\/h2>\r\n\r\n\r\n\r\n<p style=\"text-align: left;\">Der Druckgussservice unterst\u00fctzt die Kleinserienfertigung und Massenproduktion. Es sind Aluminiumlegierungen, Zinklegierungen und Magnesiumlegierungen erh\u00e4ltlich. Wir vertrauen darauf, dass wir f\u00fcr Sie qualitativ hochwertige Produkte vom Prototyping bis zum Druckguss liefern.<\/p>\r\n\r\n\r\n\r\n<h2 class=\"wp-block-heading\">\u00a0<\/h2>\r\n<h2>\u00a0<\/h2>\r\n<h2 class=\"wp-block-heading\" style=\"text-align: left;\">Aluminiumextrusion<\/h2>\r\n\r\n\r\n\r\n<p style=\"text-align: left;\">F\u00fcr den Aluminium-Strangpress-Produktionsservice stehen unsere verschiedenen Materialien f\u00fcr den Aluminium-Formenbau, die Extrusion, die CNC-Bearbeitung und die Oberfl\u00e4chenbehandlung zur Verf\u00fcgung. Es kann Ihr Budget erf\u00fcllen.<\/p>","protected":false},"excerpt":{"rendered":"<p>Kleinserien-Fertigungsservice Wir haben keine MOQ-Anfrage, daher sind wir Ihre beste Wahl f\u00fcr Ihren Bedarf von weniger als 100 St\u00fcck oder mehr als 10.000 St\u00fcck. F\u00fcr ein neues Produkt k\u00f6nnen wir alle Ihre Anforderungen von der Kleinserienfertigung bis zur Massenfertigung erf\u00fcllen. Gerne k\u00f6nnen Sie uns f\u00fcr Ihre Anfrage kontaktieren. Wozu dient die Kleinserienfertigung?<\/p>","protected":false},"author":1,"featured_media":0,"parent":0,"menu_order":0,"comment_status":"closed","ping_status":"closed","template":"page\/Certificate.php","meta":{"footnotes":""},"class_list":["post-79","page","type-page","status-publish","hentry"],"_links":{"self":[{"href":"http:\/\/www.zfrapid.com\/de\/wp-json\/wp\/v2\/pages\/79","targetHints":{"allow":["GET"]}}],"collection":[{"href":"http:\/\/www.zfrapid.com\/de\/wp-json\/wp\/v2\/pages"}],"about":[{"href":"http:\/\/www.zfrapid.com\/de\/wp-json\/wp\/v2\/types\/page"}],"author":[{"embeddable":true,"href":"http:\/\/www.zfrapid.com\/de\/wp-json\/wp\/v2\/users\/1"}],"replies":[{"embeddable":true,"href":"http:\/\/www.zfrapid.com\/de\/wp-json\/wp\/v2\/comments?post=79"}],"version-history":[{"count":9,"href":"http:\/\/www.zfrapid.com\/de\/wp-json\/wp\/v2\/pages\/79\/revisions"}],"predecessor-version":[{"id":88,"href":"http:\/\/www.zfrapid.com\/de\/wp-json\/wp\/v2\/pages\/79\/revisions\/88"}],"wp:attachment":[{"href":"http:\/\/www.zfrapid.com\/de\/wp-json\/wp\/v2\/media?parent=79"}],"curies":[{"name":"wp","href":"https:\/\/api.w.org\/{rel}","templated":true}]}}