{"id":38,"date":"2023-09-18T18:59:42","date_gmt":"2023-09-18T10:59:42","guid":{"rendered":"http:\/\/www.zfrapid.com\/?page_id=38"},"modified":"2023-10-13T10:17:40","modified_gmt":"2023-10-13T02:17:40","slug":"about-us","status":"publish","type":"page","link":"http:\/\/www.zfrapid.com\/de\/about-us\/","title":{"rendered":"\u00dcBER UNS"},"content":{"rendered":"<p><strong>UM<\/strong><\/p>\n<p>Kreativit\u00e4t und Innovation stehen im Mittelpunkt unseres Handelns. Ob es darum geht, extrem prismatische Lamborghini-R\u00fcckleuchten aus massivem Polycarbonat zu bearbeiten oder ma\u00dfgeschneiderte Vakuum-Aufspannvorrichtungen zu bauen, wir leben und atmen Ingenieurskunst.<\/p>\n<p>&nbsp;<\/p>\n<p>Das von zwei Ingenieuren gegr\u00fcndete Unternehmen ZF bietet Rapid-Prototyping- und Kleinserienfertigungsdienstleistungen mit CNC-Bearbeitung, Blechbearbeitung sowie mehreren Rapid-Prototyping-Prozessen an.<\/p>\n<p>In unserem Inspektionslabor verf\u00fcgen wir \u00fcber Ger\u00e4te zur Rohstoff\u00fcberpr\u00fcfung, Koordinatenmessger\u00e4te (CMM), optische Projektoren (VMM), Gewindelehren, Stiftlehren und hochwertige Inspektionsger\u00e4te, die Sie in einem professionellen Gesch\u00e4ft erwarten w\u00fcrden. Wir haben au\u00dferdem die Zertifizierung des Qualit\u00e4tsmanagementsystems ISO9001:2015 erhalten.<\/p>\n<p>Senden Sie uns eine Nachricht oder rufen Sie uns an, um zu erfahren, wie wir Sie unterst\u00fctzen k\u00f6nnen.<\/p>\n<p><img loading=\"lazy\" decoding=\"async\" class=\"alignnone wp-image-39 size-large\" src=\"http:\/\/www.zfrapid.com\/wp-content\/uploads\/2023\/09\/2521695032403_.pic_-1024x362.png\" alt=\"\" width=\"1024\" height=\"362\" srcset=\"http:\/\/www.zfrapid.com\/wp-content\/uploads\/2023\/09\/2521695032403_.pic_-1024x362.png 1024w, http:\/\/www.zfrapid.com\/wp-content\/uploads\/2023\/09\/2521695032403_.pic_-300x106.png 300w, http:\/\/www.zfrapid.com\/wp-content\/uploads\/2023\/09\/2521695032403_.pic_-768x272.png 768w, http:\/\/www.zfrapid.com\/wp-content\/uploads\/2023\/09\/2521695032403_.pic_.png 1196w\" sizes=\"auto, (max-width: 1024px) 100vw, 1024px\" \/><\/p>","protected":false},"excerpt":{"rendered":"<p>\u00dcBER Kreativit\u00e4t und Innovation stehen im Mittelpunkt unseres Handelns. Ob es darum geht, extrem prismatische Lamborghini-R\u00fcckleuchten aus massivem Polycarbonat zu bearbeiten oder ma\u00dfgeschneiderte Vakuum-Aufspannvorrichtungen zu bauen, wir leben und atmen Ingenieurskunst. Wir wurden von zwei Ingenieuren bei zf gegr\u00fcndet und bieten Rapid-Prototyping- und Kleinserienfertigungsdienstleistungen mithilfe von CNC-Bearbeitung, [\u2026]<\/p>","protected":false},"author":1,"featured_media":0,"parent":0,"menu_order":0,"comment_status":"closed","ping_status":"closed","template":"page\/about.php","meta":{"footnotes":""},"class_list":["post-38","page","type-page","status-publish","hentry"],"_links":{"self":[{"href":"http:\/\/www.zfrapid.com\/de\/wp-json\/wp\/v2\/pages\/38","targetHints":{"allow":["GET"]}}],"collection":[{"href":"http:\/\/www.zfrapid.com\/de\/wp-json\/wp\/v2\/pages"}],"about":[{"href":"http:\/\/www.zfrapid.com\/de\/wp-json\/wp\/v2\/types\/page"}],"author":[{"embeddable":true,"href":"http:\/\/www.zfrapid.com\/de\/wp-json\/wp\/v2\/users\/1"}],"replies":[{"embeddable":true,"href":"http:\/\/www.zfrapid.com\/de\/wp-json\/wp\/v2\/comments?post=38"}],"version-history":[{"count":4,"href":"http:\/\/www.zfrapid.com\/de\/wp-json\/wp\/v2\/pages\/38\/revisions"}],"predecessor-version":[{"id":191,"href":"http:\/\/www.zfrapid.com\/de\/wp-json\/wp\/v2\/pages\/38\/revisions\/191"}],"wp:attachment":[{"href":"http:\/\/www.zfrapid.com\/de\/wp-json\/wp\/v2\/media?parent=38"}],"curies":[{"name":"wp","href":"https:\/\/api.w.org\/{rel}","templated":true}]}}