{"id":24,"date":"2023-09-12T10:25:27","date_gmt":"2023-09-12T02:25:27","guid":{"rendered":"http:\/\/www.zfrapid.com\/?page_id=24"},"modified":"2023-10-13T10:15:08","modified_gmt":"2023-10-13T02:15:08","slug":"quality-inspection","status":"publish","type":"page","link":"http:\/\/www.zfrapid.com\/de\/quality-inspection\/","title":{"rendered":"Qualit\u00e4tskontrolle"},"content":{"rendered":"<h3><strong> Qualit\u00e4tskontrolle<\/strong><\/h3>\n<p>Samshion verf\u00fcgt \u00fcber komplette S\u00e4tze fortschrittlicher Erkennungsger\u00e4te und ein hervorragendes Qualit\u00e4tskontrollteam, um die Qualit\u00e4t jedes Produkts zu \u00fcberpr\u00fcfen und sicherzustellen. Wir kontrollieren jede Verbindung streng von der Eingangskontrolle \u00fcber die Prozesskontrolle bis zur Lieferung.<\/p>\n<h3><strong>Optisches Emissionsspektrometer (OES)<\/strong><\/h3>\n<p>OES ist eine Analysetechnik zum Nachweis verschiedener Metallelemente. Es kann zur Erkennung von Metallhalbzeugen oder -fertigprodukten, in der metallverarbeitenden Industrie, Rohren, Stangen, Dr\u00e4hten und Platten verwendet werden. ZF nutzt OES, um alle eingehenden Materialien zu testen, um sicherzustellen, dass sie qualifiziert sind.<\/p>\n<h3><strong>Quadratisches Bildmessger\u00e4t<\/strong><\/h3>\n<p>Das quadratische Bildmessger\u00e4t ist ein ber\u00fchrungsloses optisches Messsystem, das mithilfe von Optiken schnell und genau die zweidimensionalen Abmessungen von Teilen misst. Es kann jede geometrische Abmessung auf der Ebene messen, einschlie\u00dflich Durchmesser, Radius, L\u00e4nge, Winkel, Breite, H\u00f6he, Tiefe, Punkt-zu-Punkt-Abstand, Punkt-zu-Linie-Abstand, Achsabstand usw<\/p>\n<h3><strong>Koordinatenmessger\u00e4t<\/strong><\/h3>\n<p>Drei Koordinatenmessger\u00e4te (CMM) beziehen sich auf ein Hexaeder im Weltraumbereich und zeigen die geometrische Form, L\u00e4ngen- und Umfangsteilung sowie andere Instrumente an. Bei der Messung ber\u00fchrt die Sonde die Oberfl\u00e4che des Teils. Das Erkennungssystem kann jederzeit die genaue Position der Sonde ermitteln. Eine Reihe von Punkten kann gesammelt werden, um die Parameter einer komplexen Struktur zu definieren. Diese Daten werden in den Computer eingegeben und von der entsprechenden Software verarbeitet, um die geometrische Gr\u00f6\u00dfe, den Status Quo und die Positionstoleranz des Werkst\u00fccks genau zu berechnen.<\/p>\n<h3><strong> Oberfl\u00e4cheninstrument<\/strong><\/h3>\n<p>Mit dem Oberfl\u00e4chenmessger\u00e4t pr\u00fcfen wir die Rauheit der Werkst\u00fcckoberfl\u00e4che, um festzustellen, ob sie den Anforderungen entspricht.<\/p>","protected":false},"excerpt":{"rendered":"<p>Qualit\u00e4tspr\u00fcfung Samshion verf\u00fcgt \u00fcber komplette S\u00e4tze fortschrittlicher Erkennungsger\u00e4te und ein hervorragendes Qualit\u00e4tskontrollteam, um die Qualit\u00e4t jedes Produkts zu \u00fcberpr\u00fcfen und sicherzustellen. Wir kontrollieren jede Verbindung streng von der Eingangskontrolle \u00fcber die Prozesskontrolle bis zur Lieferung. Optisches Emissionsspektrometer (OES) OES ist eine Analysetechnik zum Nachweis verschiedener Metallelemente. Es kann benutzt werden [\u2026]<\/p>","protected":false},"author":1,"featured_media":0,"parent":0,"menu_order":0,"comment_status":"closed","ping_status":"closed","template":"page\/Certificate.php","meta":{"footnotes":""},"class_list":["post-24","page","type-page","status-publish","hentry"],"_links":{"self":[{"href":"http:\/\/www.zfrapid.com\/de\/wp-json\/wp\/v2\/pages\/24","targetHints":{"allow":["GET"]}}],"collection":[{"href":"http:\/\/www.zfrapid.com\/de\/wp-json\/wp\/v2\/pages"}],"about":[{"href":"http:\/\/www.zfrapid.com\/de\/wp-json\/wp\/v2\/types\/page"}],"author":[{"embeddable":true,"href":"http:\/\/www.zfrapid.com\/de\/wp-json\/wp\/v2\/users\/1"}],"replies":[{"embeddable":true,"href":"http:\/\/www.zfrapid.com\/de\/wp-json\/wp\/v2\/comments?post=24"}],"version-history":[{"count":3,"href":"http:\/\/www.zfrapid.com\/de\/wp-json\/wp\/v2\/pages\/24\/revisions"}],"predecessor-version":[{"id":106,"href":"http:\/\/www.zfrapid.com\/de\/wp-json\/wp\/v2\/pages\/24\/revisions\/106"}],"wp:attachment":[{"href":"http:\/\/www.zfrapid.com\/de\/wp-json\/wp\/v2\/media?parent=24"}],"curies":[{"name":"wp","href":"https:\/\/api.w.org\/{rel}","templated":true}]}}