{"id":20,"date":"2023-09-12T10:24:09","date_gmt":"2023-09-12T02:24:09","guid":{"rendered":"http:\/\/www.zfrapid.com\/?page_id=20"},"modified":"2024-06-14T15:56:35","modified_gmt":"2024-06-14T07:56:35","slug":"pressure-die-casting","status":"publish","type":"page","link":"http:\/\/www.zfrapid.com\/de\/pressure-die-casting\/","title":{"rendered":"Druckguss"},"content":{"rendered":"<p>zf hat umfassende Erfahrung im Druckguss und ein spezialisiertes, hochqualifiziertes Technikerteam mit modernster Technologie und Ausr\u00fcstung sowie ausgezeichnetem Service zusammengestellt, um Ihnen wettbewerbsf\u00e4hige Druckgussprodukte zu bieten.<\/p>\n<p>&nbsp;<\/p>\n<p>&nbsp;<\/p>\n<h3><strong>Was ist Druckguss?<\/strong><\/h3>\n<p>Druckguss ist ein universelles, effizientes und wirtschaftliches Verfahren zur Herstellung technischer Metallteile, das f\u00fcr die Massenproduktion geeignet ist. Druckgussmaterialien k\u00f6nnen Aluminiumlegierungen, Zinklegierungen und Magnesiumlegierungen sein.<\/p>\n<p>&nbsp;<\/p>\n<h3>Druckgussverfahren<\/h3>\n<p>W\u00e4hrend des Druckgussprozesses wird eine Druckgussmaschine auf der Form installiert. Unter hohem Druck wird geschmolzenes Metall in die Form eingespritzt. Die Matrize verfestigt das fl\u00fcssige Metall in der Matrize durch Abk\u00fchlung, und schlie\u00dflich wird die Matrize ge\u00f6ffnet, um das Produkt aus dem Formhohlraum zu dr\u00fccken.<\/p>\n<p>&nbsp;<\/p>\n<h3><strong>Vorteile des Druckgusses:<\/strong><\/h3>\n<p>&nbsp;<\/p>\n<p>Druckguss ist f\u00fcr die Massenproduktion zu geringen Kosten geeignet.<\/p>\n<p>Druckgussteile zeichnen sich durch eine lange Lebensdauer, starken Stahl und Hitzebest\u00e4ndigkeit aus.<\/p>\n<p>Kann komplexe Strukturprodukte herstellen, geeignete Gr\u00f6\u00dfe.<\/p>\n<p>Die Position mit hoher Pr\u00e4zision kann durch CNC-Bearbeitung fertiggestellt werden.<\/p>\n<p>Glatte Oberfl\u00e4che, Nachspr\u00fchen, Galvanisieren usw.<\/p>\n<p>Druckgussteile sind st\u00e4rker als Kunststoffspritzgussteile<\/p>\n<p>&nbsp;<\/p>\n<h3><strong>Druckgussform<\/strong><\/h3>\n<p>Die Lebensdauer einer Druckgussform h\u00e4ngt von ihrem Material ab. Daher analysieren, konstruieren und w\u00e4hlen wir Stahl f\u00fcr das Produkt aus, nachdem wir die Zeichnung erhalten haben. Temperaturunterschiede w\u00fcrden die Funktion der Form beeintr\u00e4chtigen. Daher kann die Form nach der W\u00e4rmebehandlung des Stahlmaterials verwendet werden.<\/p>\n<p>&nbsp;<\/p>\n<h3><strong>Druckgussmaterial<\/strong><\/h3>\n<p>Aluminiumlegierung: Sie eignet sich f\u00fcr hochfeste, komplexe Strukturen, aber leichte Produkte und Aluminium weisen eine gute Korrosionsbest\u00e4ndigkeit und mechanische Eigenschaften sowie eine hohe W\u00e4rmeleitf\u00e4higkeit und elektrische Leitf\u00e4higkeit auf. Aufgrund seiner hervorragenden mechanischen Eigenschaften ist Aluminiumdruckguss eines der gr\u00f6\u00dften Massenproduktionsprodukte in der Metallindustrie. Zinklegierung: Die Zinklegierung l\u00e4sst sich leicht gie\u00dfen, hat einen niedrigen Schmelzpunkt und eine lange Lebensdauer der Gussform. Druckguss aus Zinklegierungen wird haupts\u00e4chlich f\u00fcr Teile mit hoher Duktilit\u00e4t verwendet, die eine Galvanisierung erfordern. Magnesiumlegierung: Es ist das leichteste Metall unter den praktischen Metallen, mit hoher Festigkeit, gro\u00dfem Elastizit\u00e4tsmodul, guter W\u00e4rmeableitung, guter Sto\u00dfd\u00e4mpfung, besserer Sto\u00dfbelastbarkeit als Aluminiumlegierung und guter Korrosionsbest\u00e4ndigkeit gegen\u00fcber organischen Stoffen und Alkali. Druckguss aus Magnesiumlegierungen wird f\u00fcr leichte Komponenten mit einem hohen Verh\u00e4ltnis von Festigkeit zu Gewicht verwendet.<\/p>","protected":false},"excerpt":{"rendered":"<p>zf verf\u00fcgt \u00fcber umfassende Erfahrung im Druckguss und hat ein spezialisiertes, hochqualifiziertes Technikerteam mit modernster Technologie und Ausr\u00fcstung sowie exzellentem Service zusammengestellt, das Ihnen wettbewerbsf\u00e4hige Druckgussprodukte bietet. Was ist Druckguss? Druckguss ist ein universelles, effizientes und wirtschaftliches Verfahren zur Herstellung technischer Metallteile, das sich f\u00fcr die Massenproduktion eignet.<\/p>","protected":false},"author":1,"featured_media":0,"parent":0,"menu_order":0,"comment_status":"closed","ping_status":"closed","template":"page\/Certificate.php","meta":{"footnotes":""},"class_list":["post-20","page","type-page","status-publish","hentry"],"_links":{"self":[{"href":"http:\/\/www.zfrapid.com\/de\/wp-json\/wp\/v2\/pages\/20","targetHints":{"allow":["GET"]}}],"collection":[{"href":"http:\/\/www.zfrapid.com\/de\/wp-json\/wp\/v2\/pages"}],"about":[{"href":"http:\/\/www.zfrapid.com\/de\/wp-json\/wp\/v2\/types\/page"}],"author":[{"embeddable":true,"href":"http:\/\/www.zfrapid.com\/de\/wp-json\/wp\/v2\/users\/1"}],"replies":[{"embeddable":true,"href":"http:\/\/www.zfrapid.com\/de\/wp-json\/wp\/v2\/comments?post=20"}],"version-history":[{"count":6,"href":"http:\/\/www.zfrapid.com\/de\/wp-json\/wp\/v2\/pages\/20\/revisions"}],"predecessor-version":[{"id":97,"href":"http:\/\/www.zfrapid.com\/de\/wp-json\/wp\/v2\/pages\/20\/revisions\/97"}],"wp:attachment":[{"href":"http:\/\/www.zfrapid.com\/de\/wp-json\/wp\/v2\/media?parent=20"}],"curies":[{"name":"wp","href":"https:\/\/api.w.org\/{rel}","templated":true}]}}