{"id":18,"date":"2023-09-12T10:23:55","date_gmt":"2023-09-12T02:23:55","guid":{"rendered":"http:\/\/www.zfrapid.com\/?page_id=18"},"modified":"2024-06-14T15:56:07","modified_gmt":"2024-06-14T07:56:07","slug":"plastic-injection-molding","status":"publish","type":"page","link":"http:\/\/www.zfrapid.com\/de\/plastic-injection-molding\/","title":{"rendered":"Kunststoff-Spritzguss"},"content":{"rendered":"<p>Formen und Formteile<\/p>\n<p>50-100.000+ 50 bis 100.000+ Kleinserienfertigung bis hin zur Massenfertigung<\/p>\n<p>&nbsp;<\/p>\n<p>&nbsp;<\/p>\n<p>&nbsp;<\/p>\n<h3><strong>Kunststoff-Spritzguss<\/strong><\/h3>\n<p>ZF-Spritzguss ist ein Formverfahren zur Herstellung von Industrieprodukten. Eine Spritzgussmaschine erhitzt und schmilzt thermoplastische oder duroplastische Kunststoffe und spritzt sie zum Aush\u00e4rten in eine Form. Wir k\u00f6nnen alle Arten von Produktherstellungsdienstleistungen anbieten. F\u00fcr weitere Informationen zum Spritzguss oder ein Angebot kontaktieren Sie uns bitte.<\/p>\n<p>&nbsp;<\/p>\n<h3><strong>Vorteile des Kunststoffspritzgusses<\/strong><\/h3>\n<ul>\n<li>Es stehen Tausende von Kunststoffspritzgussmaterialien zur Verf\u00fcgung<\/li>\n<li>Die Form kann \u00fcber zehntausend Mal verwendet werden<\/li>\n<li>niedrige Kosten<\/li>\n<li>Der Prozess ist stabil und durchf\u00fchrbar, gute Oberfl\u00e4chenwirkung<\/li>\n<li>Zweitbeschichtung m\u00f6glich<\/li>\n<\/ul>\n<h3><\/h3>\n<p>&nbsp;<\/p>\n<p>&nbsp;<\/p>\n<p>&nbsp;<\/p>\n<h3><strong>Formenbau<\/strong><\/h3>\n<p>F\u00fcr kleine Bestellungen verwenden wir oft die schnelle Formherstellungsmethode. F\u00fcr hochwertige Formen kann eine 7075-T6-Aluminiumlegierung oder Weichstahlmaterial verwendet werden, die Fertigstellung dauert etwa ein bis vier Wochen und die Form hat eine lange Lebensdauer. Harter Stahl wird h\u00e4ufig f\u00fcr hochwertige Formen verwendet, um gro\u00dfe Auftr\u00e4ge zu erhalten und die Lebensdauer der Formen zu verl\u00e4ngern<\/p>\n<p>&nbsp;<\/p>\n<p>&nbsp;<\/p>\n<h3><strong>Produktion<\/strong><\/h3>\n<p>Das Kunststoffspritzgussverfahren ist in vielen Branchen das gebr\u00e4uchlichste Produktionsverfahren. Die Herstellung eines Teils dauert nur wenige Minuten. Kunststoffspritzguss zeichnet sich durch hohe Produktionseffizienz, niedrige Kosten und hohe Stabilit\u00e4t aus und wird zu einer beliebten Methode f\u00fcr die Massenproduktion.<\/p>\n<p>&nbsp;<\/p>\n<p>&nbsp;<\/p>\n<h3><strong>Kunststoff-Spritzgussmaterial<\/strong><\/h3>\n<p>Spritzgussmaterialien umfassen thermoplastische und duroplastische Materialien. Thermoplast zeichnet sich durch hohe Produktionseffizienz, niedrige Kosten, Weichheit, geringe Hitzeentwicklung und Recyclingf\u00e4higkeit aus. W\u00e4hrend duroplastischer Kunststoff eine hohe Hitzebest\u00e4ndigkeit, starken Stahl, geringe Produktionseffizienz, h\u00f6here Kosten und nicht recycelbar aufweist.<\/p>","protected":false},"excerpt":{"rendered":"<p>Formen und Formteile 50-100.000+ St\u00fcck, Kleinserienfertigung bis hin zu Gro\u00dfserienfertigung, Kunststoffspritzguss. Das ZF-Spritzgie\u00dfen ist ein Formgebungsverfahren zur Herstellung von Industrieprodukten. Eine Spritzgie\u00dfmaschine erhitzt und schmilzt thermoplastische oder duroplastische Kunststoffe und spritzt sie zum Aush\u00e4rten in eine Form. Wir bieten alle Arten von [\u2026]<\/p>","protected":false},"author":1,"featured_media":0,"parent":0,"menu_order":0,"comment_status":"closed","ping_status":"closed","template":"page\/Certificate.php","meta":{"footnotes":""},"class_list":["post-18","page","type-page","status-publish","hentry"],"_links":{"self":[{"href":"http:\/\/www.zfrapid.com\/de\/wp-json\/wp\/v2\/pages\/18","targetHints":{"allow":["GET"]}}],"collection":[{"href":"http:\/\/www.zfrapid.com\/de\/wp-json\/wp\/v2\/pages"}],"about":[{"href":"http:\/\/www.zfrapid.com\/de\/wp-json\/wp\/v2\/types\/page"}],"author":[{"embeddable":true,"href":"http:\/\/www.zfrapid.com\/de\/wp-json\/wp\/v2\/users\/1"}],"replies":[{"embeddable":true,"href":"http:\/\/www.zfrapid.com\/de\/wp-json\/wp\/v2\/comments?post=18"}],"version-history":[{"count":8,"href":"http:\/\/www.zfrapid.com\/de\/wp-json\/wp\/v2\/pages\/18\/revisions"}],"predecessor-version":[{"id":186,"href":"http:\/\/www.zfrapid.com\/de\/wp-json\/wp\/v2\/pages\/18\/revisions\/186"}],"wp:attachment":[{"href":"http:\/\/www.zfrapid.com\/de\/wp-json\/wp\/v2\/media?parent=18"}],"curies":[{"name":"wp","href":"https:\/\/api.w.org\/{rel}","templated":true}]}}