{"id":161,"date":"2023-10-13T15:01:41","date_gmt":"2023-10-13T07:01:41","guid":{"rendered":"http:\/\/www.zfrapid.com\/?page_id=161"},"modified":"2023-10-13T15:01:56","modified_gmt":"2023-10-13T07:01:56","slug":"industrial-equipment","status":"publish","type":"page","link":"http:\/\/www.zfrapid.com\/de\/industrial-equipment\/","title":{"rendered":"INDUSTRIELLE AUSR\u00dcSTUNG"},"content":{"rendered":"<p><strong>INDUSTRIELLE AUSR\u00dcSTUNG\u00a0\u00a0<\/strong><\/p>\n<p>Industrielle Automatisierungsger\u00e4te werden schnell weiterentwickelt, und eine verbesserte Produktionseffizienz und niedrigere Arbeitskosten werden realisiert, wenn die Technologie der k\u00fcnstlichen Intelligenz die Art und Weise der industriellen Ausr\u00fcstung und der industriellen Produktion ver\u00e4ndert hat. Der zunehmend wachsende Trend wird Design, Prototyping, Herstellung, Vertrieb und Betrieb von Produkten in extrem kurzer Zeit v\u00f6llig auf den Kopf stellen.<\/p>\n<p>&nbsp;<\/p>\n<p>&nbsp;<\/p>\n<p style=\"text-align: center;\"><img loading=\"lazy\" decoding=\"async\" class=\"alignnone size-medium wp-image-162\" src=\"http:\/\/www.zfrapid.com\/wp-content\/uploads\/2023\/10\/\u56fe\u724713-300x225.png\" alt=\"\" width=\"300\" height=\"225\" srcset=\"http:\/\/www.zfrapid.com\/wp-content\/uploads\/2023\/10\/\u56fe\u724713-300x225.png 300w, http:\/\/www.zfrapid.com\/wp-content\/uploads\/2023\/10\/\u56fe\u724713-1024x768.png 1024w, http:\/\/www.zfrapid.com\/wp-content\/uploads\/2023\/10\/\u56fe\u724713-768x576.png 768w, http:\/\/www.zfrapid.com\/wp-content\/uploads\/2023\/10\/\u56fe\u724713-1536x1152.png 1536w, http:\/\/www.zfrapid.com\/wp-content\/uploads\/2023\/10\/\u56fe\u724713-2048x1536.png 2048w, http:\/\/www.zfrapid.com\/wp-content\/uploads\/2023\/10\/\u56fe\u724713-16x12.png 16w\" sizes=\"auto, (max-width: 300px) 100vw, 300px\" \/> <img loading=\"lazy\" decoding=\"async\" class=\"alignnone size-medium wp-image-163\" src=\"http:\/\/www.zfrapid.com\/wp-content\/uploads\/2023\/10\/\u56fe\u724712-300x194.png\" alt=\"\" width=\"300\" height=\"194\" srcset=\"http:\/\/www.zfrapid.com\/wp-content\/uploads\/2023\/10\/\u56fe\u724712-300x194.png 300w, http:\/\/www.zfrapid.com\/wp-content\/uploads\/2023\/10\/\u56fe\u724712-1024x663.png 1024w, http:\/\/www.zfrapid.com\/wp-content\/uploads\/2023\/10\/\u56fe\u724712-768x497.png 768w, http:\/\/www.zfrapid.com\/wp-content\/uploads\/2023\/10\/\u56fe\u724712-18x12.png 18w, http:\/\/www.zfrapid.com\/wp-content\/uploads\/2023\/10\/\u56fe\u724712.png 1360w\" sizes=\"auto, (max-width: 300px) 100vw, 300px\" \/><\/p>\n<p>&nbsp;<\/p>\n<p>&nbsp;<\/p>\n<p>&nbsp;<\/p>\n<p><strong>ANWENDUNGEN VON INDUSTRIEGER\u00c4TEN<\/strong><\/p>\n<p>Ger\u00e4te-Prototyping: CNC-Bearbeitung, Blechfertigung, additive Fertigung<br \/>\nPr\u00e4zisionsteile-Prototyping: Pr\u00e4zisions-CNC-Bearbeitung<br \/>\nElektrogeh\u00e4use: CNC-Bearbeitung, Rapid Tooling, Spritzguss<br \/>\nRoboterpr\u00e4zisionsteile: Pr\u00e4zisions-CNC-Bearbeitung, Druckguss, Spritzguss, Blechfertigung<br \/>\nUniverselle Industriemaschinen: CNC-Bearbeitung, Druckguss<br \/>\nAusr\u00fcstung f\u00fcr Kleinserienfertigung von Kunststoffteilen: CNC-Bearbeitung, Spritzguss, Druckguss, Stanzformen<br \/>\nFertigung im Werksbereich: Kundenspezifische Montagevorrichtungen, kundenspezifische Kontrollvorrichtungen<\/p>\n<p>&nbsp;<\/p>\n<p><strong>FERTIGUNGSKAPAZIT\u00c4T F\u00dcR INDUSTRIEGER\u00c4TETEILE<\/strong><\/p>\n<p><strong>CNC-Bearbeitungsservice<\/strong><\/p>\n<p>Wir verf\u00fcgen \u00fcber eine Pr\u00e4zisions-CNC-Werkzeugmaschinenwerkstatt, die in der Lage ist, Teile mit den strengsten Toleranzen zu bearbeiten und Prototypen aus Metall und Kunststoff sowie Produktionsteile sofort zu verarbeiten.<\/p>\n<p>&nbsp;<\/p>\n<p><strong>Spritzgussservice<\/strong><\/p>\n<p>Unser Kleinserien-Spritzguss zeichnet sich durch schnelle Lieferzeiten aus. Wir nutzen Schnellwerkzeuge, um den Herstellungszyklus von Produkten zu beschleunigen, eine schnellere Markteinf\u00fchrung von Produkten zu erm\u00f6glichen und das Investitionsrisiko zu reduzieren.<\/p>\n<p>&nbsp;<\/p>\n<p><strong>3D-Druckservice<\/strong><\/p>\n<p>Mit dem Rapid Prototyping im 3D-Druck k\u00f6nnen Sie komplexe Teile einfach und schnell fertigstellen. Wir bieten Ihnen hochwertige additive Fertigungsdienstleistungen von Pr\u00e4zisionsprototypen bis hin zu Kleinserienteilen.<\/p>","protected":false},"excerpt":{"rendered":"<p>INDUSTRIELLE AUSR\u00dcSTUNG Industrielle Automatisierungsausr\u00fcstung wird schnell weiterentwickelt, und eine verbesserte Produktionseffizienz und niedrigere Arbeitskosten werden realisiert, wenn die Technologie der k\u00fcnstlichen Intelligenz die Art und Weise der industriellen Ausr\u00fcstung und der industriellen Produktion ver\u00e4ndert hat. Der zunehmend wachsende Trend wird das Design, die Prototypenerstellung, die Herstellung, den Vertrieb und den Betrieb von Produkten in extrem kurzer Zeit v\u00f6llig auf den Kopf stellen. [\u2026]<\/p>","protected":false},"author":1,"featured_media":0,"parent":0,"menu_order":0,"comment_status":"closed","ping_status":"closed","template":"page\/Certificate.php","meta":{"footnotes":""},"class_list":["post-161","page","type-page","status-publish","hentry"],"_links":{"self":[{"href":"http:\/\/www.zfrapid.com\/de\/wp-json\/wp\/v2\/pages\/161","targetHints":{"allow":["GET"]}}],"collection":[{"href":"http:\/\/www.zfrapid.com\/de\/wp-json\/wp\/v2\/pages"}],"about":[{"href":"http:\/\/www.zfrapid.com\/de\/wp-json\/wp\/v2\/types\/page"}],"author":[{"embeddable":true,"href":"http:\/\/www.zfrapid.com\/de\/wp-json\/wp\/v2\/users\/1"}],"replies":[{"embeddable":true,"href":"http:\/\/www.zfrapid.com\/de\/wp-json\/wp\/v2\/comments?post=161"}],"version-history":[{"count":2,"href":"http:\/\/www.zfrapid.com\/de\/wp-json\/wp\/v2\/pages\/161\/revisions"}],"predecessor-version":[{"id":165,"href":"http:\/\/www.zfrapid.com\/de\/wp-json\/wp\/v2\/pages\/161\/revisions\/165"}],"wp:attachment":[{"href":"http:\/\/www.zfrapid.com\/de\/wp-json\/wp\/v2\/media?parent=161"}],"curies":[{"name":"wp","href":"https:\/\/api.w.org\/{rel}","templated":true}]}}