{"id":16,"date":"2023-09-12T10:23:45","date_gmt":"2023-09-12T02:23:45","guid":{"rendered":"http:\/\/www.zfrapid.com\/?page_id=16"},"modified":"2023-10-13T09:53:08","modified_gmt":"2023-10-13T01:53:08","slug":"rapid-prototypling","status":"publish","type":"page","link":"http:\/\/www.zfrapid.com\/de\/rapid-prototypling\/","title":{"rendered":"Schnelles Prototyping"},"content":{"rendered":"<h3><strong>Rapid-Prototyping<\/strong><\/h3>\n<p>ZF verf\u00fcgt \u00fcber umfassende Erfahrung im Rapid Prototyping und hat ein spezialisiertes, hochqualifiziertes Technikerteam mit fortschrittlicher Technologie und Ausr\u00fcstung sowie exzellenten Dienstleistungen gebildet, das unseren Kunden wettbewerbsf\u00e4hige Produkte bietet<\/p>\n<p>&nbsp;<\/p>\n<h3><strong>Was ist Rapid Prototyping?<\/strong><\/h3>\n<p>Beim Rapid Prototyping handelt es sich um den Prozess der Herstellung eines kompletten Produkts in k\u00fcrzester Zeit mithilfe einer Reihe fortschrittlicher Technologien und Ger\u00e4te gem\u00e4\u00df der Zeichnung. Rapid Prototyping ist f\u00fcr die Produktentwicklungsphase notwendig, da damit ein neues Produkt getestet und bewertet werden kann, ob es funktionsf\u00e4hig ist.<\/p>\n<p>&nbsp;<\/p>\n<p>&nbsp;<\/p>\n<h3><strong>Rapid Prototyping Service CNC-Bearbeitung<\/strong><\/h3>\n<p>Die CNC-Bearbeitung wird h\u00e4ufig bei der Bearbeitung von Metall- und technischen Kunststoffprodukten eingesetzt, die den Anforderungen an hohe Pr\u00e4zision gerecht werden k\u00f6nnen. Gem\u00e4\u00df der 3D-Zeichnung des Kunden kann durch CNC-Bearbeitung in kurzer Zeit ein komplettes Produkt hergestellt werden.<\/p>\n<h3><strong>3d Drucken<\/strong><\/h3>\n<p>Durch den 3D-Druck kann eine Form f\u00fcr ein Produkt mit komplexer Struktur entstehen, wobei die Pr\u00e4zision nicht h\u00f6her ist als die der CNC-Bearbeitung. Daher eignet sich diese Methode besser f\u00fcr einzelne und komplexe Produkte.<\/p>\n<p>&nbsp;<\/p>\n<h3><strong>Vakuumguss<\/strong><\/h3>\n<p>Vakuumgussverfahren Silikonform mit Prototyp kopieren. Es kann Hartkleber, Weichkleber oder transparente Materialien verwendet werden, um das Produkt zu kopieren und 30 Einheiten in einer Silikonform herauszubringen. Der Prototyp kann durch 3D-Druck und CNC-Bearbeitung hergestellt oder vom Kunden bereitgestellt werden.<\/p>\n<p>&nbsp;<\/p>\n<h3><strong>Blechfertigung<\/strong><\/h3>\n<p>Blechteile werden durch Biegen von Blechen oder Stanzformen geformt. Als Metallwerkstoffe werden Edelstahl, Aluminium, Stahl, Kupfer usw. verwendet. Umformprozesse umfassen Laserschneiden, CNC-Biegen, Stanzen, Einlegen, Schwei\u00dfen usw. nach der Behandlung durch Spr\u00fchen, Pulverspr\u00fchen, Elektrophorese, Galvanisieren, Oxidation usw.<\/p>","protected":false},"excerpt":{"rendered":"<p>Rapid Prototyping ZF verf\u00fcgt \u00fcber umfassende Erfahrung im Rapid Prototyping und hat ein spezialisiertes, hochqualifiziertes Technikerteam mit fortschrittlicher Technologie und Ausr\u00fcstung sowie exzellenten Dienstleistungen gebildet, das unseren Kunden wettbewerbsf\u00e4hige Produkte bietet. Was ist Rapid Prototyping? Beim Rapid Prototyping handelt es sich um den Prozess der Herstellung eines vollst\u00e4ndigen Produkts in k\u00fcrzester Zeit mithilfe einer Reihe fortschrittlicher [\u2026]<\/p>","protected":false},"author":1,"featured_media":0,"parent":0,"menu_order":0,"comment_status":"closed","ping_status":"closed","template":"page\/Certificate.php","meta":{"footnotes":""},"class_list":["post-16","page","type-page","status-publish","hentry"],"_links":{"self":[{"href":"http:\/\/www.zfrapid.com\/de\/wp-json\/wp\/v2\/pages\/16","targetHints":{"allow":["GET"]}}],"collection":[{"href":"http:\/\/www.zfrapid.com\/de\/wp-json\/wp\/v2\/pages"}],"about":[{"href":"http:\/\/www.zfrapid.com\/de\/wp-json\/wp\/v2\/types\/page"}],"author":[{"embeddable":true,"href":"http:\/\/www.zfrapid.com\/de\/wp-json\/wp\/v2\/users\/1"}],"replies":[{"embeddable":true,"href":"http:\/\/www.zfrapid.com\/de\/wp-json\/wp\/v2\/comments?post=16"}],"version-history":[{"count":4,"href":"http:\/\/www.zfrapid.com\/de\/wp-json\/wp\/v2\/pages\/16\/revisions"}],"predecessor-version":[{"id":90,"href":"http:\/\/www.zfrapid.com\/de\/wp-json\/wp\/v2\/pages\/16\/revisions\/90"}],"wp:attachment":[{"href":"http:\/\/www.zfrapid.com\/de\/wp-json\/wp\/v2\/media?parent=16"}],"curies":[{"name":"wp","href":"https:\/\/api.w.org\/{rel}","templated":true}]}}