{"id":155,"date":"2023-10-13T14:59:17","date_gmt":"2023-10-13T06:59:17","guid":{"rendered":"http:\/\/www.zfrapid.com\/?page_id=155"},"modified":"2023-10-13T14:59:29","modified_gmt":"2023-10-13T06:59:29","slug":"consumer-electronics","status":"publish","type":"page","link":"http:\/\/www.zfrapid.com\/de\/consumer-electronics\/","title":{"rendered":"Unterhaltungselektronik"},"content":{"rendered":"<p><strong>Unterhaltungselektronik<\/strong><\/p>\n<p>Die rasante Entwicklung von Verbraucherprodukten ist ebenfalls ein unverzichtbarer Bestandteil des menschlichen Lebens, der Wettbewerb bei Unterhaltungselektronikprodukten auf dem Markt ist ebenfalls \u00e4u\u00dferst hart und Produktingenieure und Designer beschleunigen st\u00e4ndig Innovationen. CNC-Bearbeitung und 3D-Drucktechnologie werden beim Rapid Prototyping bis hin zum vorl\u00e4ufigen Prototyping eingesetzt, um die Machbarkeit von Produkten schnell zu \u00fcberpr\u00fcfen, Risiken und Kosten zu reduzieren, den Entwicklungszyklus zu verk\u00fcrzen, eine schnelle Markteinf\u00fchrung zu erm\u00f6glichen und eine Br\u00fccke von der Kleinserienproduktion zur Massenproduktion zu schlagen.<\/p>\n<p>&nbsp;<\/p>\n<p style=\"text-align: center;\"><img loading=\"lazy\" decoding=\"async\" class=\"alignnone size-medium wp-image-156\" src=\"http:\/\/www.zfrapid.com\/wp-content\/uploads\/2023\/10\/\u56fe\u724711-300x198.png\" alt=\"\" width=\"300\" height=\"198\" srcset=\"http:\/\/www.zfrapid.com\/wp-content\/uploads\/2023\/10\/\u56fe\u724711-300x198.png 300w, http:\/\/www.zfrapid.com\/wp-content\/uploads\/2023\/10\/\u56fe\u724711-1024x677.png 1024w, http:\/\/www.zfrapid.com\/wp-content\/uploads\/2023\/10\/\u56fe\u724711-768x508.png 768w, http:\/\/www.zfrapid.com\/wp-content\/uploads\/2023\/10\/\u56fe\u724711-18x12.png 18w, http:\/\/www.zfrapid.com\/wp-content\/uploads\/2023\/10\/\u56fe\u724711.png 1150w\" sizes=\"auto, (max-width: 300px) 100vw, 300px\" \/> <img loading=\"lazy\" decoding=\"async\" class=\"alignnone size-medium wp-image-157\" src=\"http:\/\/www.zfrapid.com\/wp-content\/uploads\/2023\/10\/\u56fe\u724710-300x225.png\" alt=\"\" width=\"300\" height=\"225\" srcset=\"http:\/\/www.zfrapid.com\/wp-content\/uploads\/2023\/10\/\u56fe\u724710-300x225.png 300w, http:\/\/www.zfrapid.com\/wp-content\/uploads\/2023\/10\/\u56fe\u724710-1024x768.png 1024w, http:\/\/www.zfrapid.com\/wp-content\/uploads\/2023\/10\/\u56fe\u724710-768x576.png 768w, http:\/\/www.zfrapid.com\/wp-content\/uploads\/2023\/10\/\u56fe\u724710-16x12.png 16w, http:\/\/www.zfrapid.com\/wp-content\/uploads\/2023\/10\/\u56fe\u724710.png 1440w\" sizes=\"auto, (max-width: 300px) 100vw, 300px\" \/><\/p>\n<p><strong>ANWENDUNG DER VERBRAUCHERELEKTRONIK<\/strong><\/p>\n<p>Rapid Prototyping: CNC-Bearbeitung, 3D-Druck, Blechfertigung<br \/>\nRapid Tooling: Kleinserien-Prototyping, Kleinserien-Spritzguss<br \/>\nKleinserienfertigung von Kunststoff-Hardwareteilen: CNC-Bearbeitung, Spritzguss, Druckguss, Stanzformen<br \/>\nUnterst\u00fctzung bei der Fertigung im Werk: Kundenspezifische Montagevorrichtungen, kundenspezifische Pr\u00fcfvorrichtungen<\/p>\n<p>&nbsp;<\/p>\n<p>&nbsp;<\/p>\n<p><strong>Fertigungskapazit\u00e4ten f\u00fcr Unterhaltungselektronik<\/strong><\/p>\n<p><strong>CNC-Bearbeitungsservice<\/strong><\/p>\n<p>Wir verf\u00fcgen \u00fcber eine Pr\u00e4zisions-CNC-Werkzeugmaschinenwerkstatt, die in der Lage ist, Teile mit den strengsten Toleranzen zu bearbeiten und Prototypen aus Metall und Kunststoff sowie Produktionsteile sofort zu verarbeiten.<\/p>\n<p>&nbsp;<\/p>\n<p><strong>Spritzgussservice<\/strong><\/p>\n<p>Unser Kleinserien-Spritzguss zeichnet sich durch schnelle Lieferzeiten aus. Wir nutzen Schnellwerkzeuge, um den Herstellungszyklus von Produkten zu beschleunigen, eine schnellere Markteinf\u00fchrung von Produkten zu erm\u00f6glichen und das Investitionsrisiko zu reduzieren.<\/p>\n<p>&nbsp;<\/p>\n<p><strong>3D-Druckservice<\/strong><\/p>\n<p>Mit dem Rapid Prototyping im 3D-Druck k\u00f6nnen Sie komplexe Teile einfach und schnell fertigstellen. Wir bieten Ihnen hochwertige additive Fertigungsdienstleistungen von Pr\u00e4zisionsprototypen bis hin zu Kleinserienteilen.<\/p>","protected":false},"excerpt":{"rendered":"<p>Unterhaltungselektronik Die rasante Entwicklung von Verbraucherprodukten ist ebenfalls ein unverzichtbarer Bestandteil des menschlichen Lebens, der Wettbewerb von Unterhaltungselektronikprodukten auf dem Markt ist ebenfalls \u00e4u\u00dferst hart und Produktingenieure und Designer beschleunigen st\u00e4ndig Innovationen. CNC-Bearbeitung und 3D-Drucktechnologie werden beim Rapid Prototyping bis hin zum vorl\u00e4ufigen Prototyping eingesetzt, um schnell zu \u00fcberpr\u00fcfen, [\u2026]<\/p>","protected":false},"author":1,"featured_media":0,"parent":0,"menu_order":0,"comment_status":"closed","ping_status":"closed","template":"page\/Certificate.php","meta":{"footnotes":""},"class_list":["post-155","page","type-page","status-publish","hentry"],"_links":{"self":[{"href":"http:\/\/www.zfrapid.com\/de\/wp-json\/wp\/v2\/pages\/155","targetHints":{"allow":["GET"]}}],"collection":[{"href":"http:\/\/www.zfrapid.com\/de\/wp-json\/wp\/v2\/pages"}],"about":[{"href":"http:\/\/www.zfrapid.com\/de\/wp-json\/wp\/v2\/types\/page"}],"author":[{"embeddable":true,"href":"http:\/\/www.zfrapid.com\/de\/wp-json\/wp\/v2\/users\/1"}],"replies":[{"embeddable":true,"href":"http:\/\/www.zfrapid.com\/de\/wp-json\/wp\/v2\/comments?post=155"}],"version-history":[{"count":2,"href":"http:\/\/www.zfrapid.com\/de\/wp-json\/wp\/v2\/pages\/155\/revisions"}],"predecessor-version":[{"id":159,"href":"http:\/\/www.zfrapid.com\/de\/wp-json\/wp\/v2\/pages\/155\/revisions\/159"}],"wp:attachment":[{"href":"http:\/\/www.zfrapid.com\/de\/wp-json\/wp\/v2\/media?parent=155"}],"curies":[{"name":"wp","href":"https:\/\/api.w.org\/{rel}","templated":true}]}}