{"id":144,"date":"2023-10-13T14:55:23","date_gmt":"2023-10-13T06:55:23","guid":{"rendered":"http:\/\/www.zfrapid.com\/?page_id=144"},"modified":"2023-10-13T14:56:56","modified_gmt":"2023-10-13T06:56:56","slug":"automotive","status":"publish","type":"page","link":"http:\/\/www.zfrapid.com\/de\/automotive\/","title":{"rendered":"AUTOMOBIL"},"content":{"rendered":"<p>Mit der rasanten Entwicklung der Automobilindustrie und der kontinuierlichen Innovationsf\u00f6rderung von Hybrid-Elektrofahrzeugen, selbstfahrenden und fahrzeugmontierten Steckverbindern ist es m\u00f6glich, mithilfe der CNC-Rapid-Prototyping-Technologie in extrem kurzer Zeit Prototypen zu erstellen, um die Funktion zu testen und die Rationalit\u00e4t zu \u00fcberpr\u00fcfen von Aussehen und Design. Schnelle CNC-Bearbeitungstechnologie und 3D-Drucktechnologie werden in der fr\u00fchen Prototypenkonstruktion und -herstellung eingesetzt, und die Probe eines einfachen Teils kann so schnell wie m\u00f6glich innerhalb eines Tages hergestellt werden. Zuk\u00fcnftig sind Kleinserienfertigung und Massenfertigung, Spritzguss, Druckguss, Stanzformen und CNC-Bearbeitung unverzichtbare Produktionsprozesse.<\/p>\n<p>&nbsp;<\/p>\n<p>&nbsp;<\/p>\n<p><img loading=\"lazy\" decoding=\"async\" class=\"alignnone size-medium wp-image-145\" src=\"http:\/\/www.zfrapid.com\/wp-content\/uploads\/2023\/10\/\u56fe\u72479-300x201.png\" alt=\"\" width=\"300\" height=\"201\" srcset=\"http:\/\/www.zfrapid.com\/wp-content\/uploads\/2023\/10\/\u56fe\u72479-300x201.png 300w, http:\/\/www.zfrapid.com\/wp-content\/uploads\/2023\/10\/\u56fe\u72479-1024x687.png 1024w, http:\/\/www.zfrapid.com\/wp-content\/uploads\/2023\/10\/\u56fe\u72479-768x516.png 768w, http:\/\/www.zfrapid.com\/wp-content\/uploads\/2023\/10\/\u56fe\u72479-18x12.png 18w, http:\/\/www.zfrapid.com\/wp-content\/uploads\/2023\/10\/\u56fe\u72479.png 1311w\" sizes=\"auto, (max-width: 300px) 100vw, 300px\" \/><\/p>\n<p>&nbsp;<\/p>\n<p>&nbsp;<\/p>\n<h3><strong>ANWENDUNGEN VON PR\u00c4ZISIONS-AUTOTEILEN<\/strong><\/h3>\n<p>Rapid Prototyping: CNC-Bearbeitung, 3D-Druck, Blechfertigung<\/p>\n<p>Kleinserien von Prototypen von Pr\u00e4zisionsteilen aus Metall und Kunststoff: CNC-Bearbeitung, Schnellspritzguss, Blechfertigung<\/p>\n<p>Teile f\u00fcr die Kleinserienfertigung: CNC-Bearbeitung, Spritzguss, Druckguss, Stanzbearbeitung<\/p>\n<p>Unterst\u00fctzung bei der Fertigung im Werk: Kundenspezifische Montagevorrichtungen, kundenspezifische Pr\u00fcfvorrichtungen<\/p>\n<p>&nbsp;<\/p>\n<p>&nbsp;<\/p>\n<p><img loading=\"lazy\" decoding=\"async\" class=\"size-medium wp-image-146 alignleft\" src=\"http:\/\/www.zfrapid.com\/wp-content\/uploads\/2023\/10\/\u56fe\u72478-300x240.png\" alt=\"\" width=\"300\" height=\"240\" srcset=\"http:\/\/www.zfrapid.com\/wp-content\/uploads\/2023\/10\/\u56fe\u72478-300x240.png 300w, http:\/\/www.zfrapid.com\/wp-content\/uploads\/2023\/10\/\u56fe\u72478-1024x819.png 1024w, http:\/\/www.zfrapid.com\/wp-content\/uploads\/2023\/10\/\u56fe\u72478-768x614.png 768w, http:\/\/www.zfrapid.com\/wp-content\/uploads\/2023\/10\/\u56fe\u72478-15x12.png 15w, http:\/\/www.zfrapid.com\/wp-content\/uploads\/2023\/10\/\u56fe\u72478.png 1280w\" sizes=\"auto, (max-width: 300px) 100vw, 300px\" \/><\/p>\n<p>&nbsp;<\/p>\n<p>&nbsp;<\/p>\n<p>&nbsp;<\/p>\n<p>&nbsp;<\/p>\n<p>&nbsp;<\/p>\n<p>&nbsp;<\/p>\n<p>&nbsp;<\/p>\n<p><strong>M\u00f6glichkeiten zur Herstellung von Autoteilen<\/strong><\/p>\n<p><strong>CNC-Bearbeitungsservice<\/strong><br \/>\nWir verf\u00fcgen \u00fcber eine Pr\u00e4zisions-CNC-Werkzeugmaschinenwerkstatt, die in der Lage ist, Teile mit den strengsten Toleranzen zu bearbeiten und Prototypen aus Metall und Kunststoff sowie Produktionsteile sofort zu verarbeiten.<\/p>\n<p>&nbsp;<\/p>\n<p><strong>Spritzgussservice<\/strong><br \/>\nUnser Kleinserien-Spritzguss zeichnet sich durch schnelle Lieferzeiten aus. Wir nutzen Schnellwerkzeuge, um den Herstellungszyklus von Produkten zu beschleunigen, eine schnellere Markteinf\u00fchrung von Produkten zu erm\u00f6glichen und das Investitionsrisiko zu reduzieren.<\/p>\n<p>&nbsp;<\/p>\n<p><strong>3D-Druckservice<\/strong><br \/>\nMit dem Rapid Prototyping im 3D-Druck k\u00f6nnen Sie komplexe Teile einfach und schnell fertigstellen. Wir bieten Ihnen hochwertige additive Fertigungsdienstleistungen von Pr\u00e4zisionsprototypen bis hin zu Kleinserienteilen.<\/p>","protected":false},"excerpt":{"rendered":"<p>Mit der rasanten Entwicklung der Automobilindustrie und der kontinuierlichen Innovationsf\u00f6rderung von Hybrid-Elektrofahrzeugen, selbstfahrenden und fahrzeugmontierten Steckverbindern ist es m\u00f6glich, mithilfe der CNC-Rapid-Prototyping-Technologie in extrem kurzer Zeit Prototypen zu erstellen, um die Funktion zu testen und die Rationalit\u00e4t zu \u00fcberpr\u00fcfen von Aussehen und Design. Schnelle CNC-Bearbeitungstechnologie und 3D-Druck [\u2026]<\/p>","protected":false},"author":1,"featured_media":0,"parent":0,"menu_order":0,"comment_status":"closed","ping_status":"closed","template":"page\/Certificate.php","meta":{"footnotes":""},"class_list":["post-144","page","type-page","status-publish","hentry"],"_links":{"self":[{"href":"http:\/\/www.zfrapid.com\/de\/wp-json\/wp\/v2\/pages\/144","targetHints":{"allow":["GET"]}}],"collection":[{"href":"http:\/\/www.zfrapid.com\/de\/wp-json\/wp\/v2\/pages"}],"about":[{"href":"http:\/\/www.zfrapid.com\/de\/wp-json\/wp\/v2\/types\/page"}],"author":[{"embeddable":true,"href":"http:\/\/www.zfrapid.com\/de\/wp-json\/wp\/v2\/users\/1"}],"replies":[{"embeddable":true,"href":"http:\/\/www.zfrapid.com\/de\/wp-json\/wp\/v2\/comments?post=144"}],"version-history":[{"count":5,"href":"http:\/\/www.zfrapid.com\/de\/wp-json\/wp\/v2\/pages\/144\/revisions"}],"predecessor-version":[{"id":152,"href":"http:\/\/www.zfrapid.com\/de\/wp-json\/wp\/v2\/pages\/144\/revisions\/152"}],"wp:attachment":[{"href":"http:\/\/www.zfrapid.com\/de\/wp-json\/wp\/v2\/media?parent=144"}],"curies":[{"name":"wp","href":"https:\/\/api.w.org\/{rel}","templated":true}]}}