{"id":139,"date":"2023-10-13T14:51:17","date_gmt":"2023-10-13T06:51:17","guid":{"rendered":"http:\/\/www.zfrapid.com\/?page_id=139"},"modified":"2023-10-13T14:51:17","modified_gmt":"2023-10-13T06:51:17","slug":"aerospace","status":"publish","type":"page","link":"http:\/\/www.zfrapid.com\/de\/aerospace\/","title":{"rendered":"LUFT- UND RAUMFAHRT"},"content":{"rendered":"<p><strong>LUFT- UND RAUMFAHRT\u00a0\u00a0<\/strong><\/p>\n<p>Gegenw\u00e4rtig werden die Anforderungen an die Bearbeitungstechnologie und die Materialeigenschaften typischer komplexer Luft- und Raumfahrtteile mit der rasanten Entwicklung der Luft- und Raumfahrtindustrie immer h\u00f6her. Die CNC-Bearbeitung, die vom fr\u00fchen Prototypenbau \u00fcber die Designbest\u00e4tigung bis hin zum Starttest entwickelt wurde, ist zu einem unverzichtbaren Bestandteil der Luft- und Raumfahrtfertigung geworden. Die Qualit\u00e4t aller Luft- und Raumfahrtteile wird streng kontrolliert, und die gesamte Fertigungskette, von der Materialauswahl und -pr\u00fcfung bis hin zur hochpr\u00e4zisen CNC-Bearbeitung, wird durch branchen\u00fcbliche Qualit\u00e4tssicherungssysteme oder -standards kontrolliert.<\/p>\n<p>&nbsp;<\/p>\n<p>&nbsp;<\/p>\n<p><strong>ANWENDUNGEN IN DER LUFT- UND RAUMFAHRT<\/strong><\/p>\n<p>Bearbeitung von Prototypen von Pr\u00e4zisionsteilen mit CNC. Schnelle Herstellung von Prototypen von Teilen mit 3D-Druck. Herstellung von komplexen und hochpr\u00e4zisen Luft- und Raumfahrtkomponenten. Entwicklung der Kleinserienproduktion von Luft- und Raumfahrtteilen. Schnelle Werkzeugausstattung, Vorrichtungen und Pr\u00fcfwerkzeuge<\/p>\n<p>&nbsp;<\/p>\n<p>&nbsp;<\/p>\n<p><img loading=\"lazy\" decoding=\"async\" class=\"alignnone size-medium wp-image-140\" src=\"http:\/\/www.zfrapid.com\/wp-content\/uploads\/2023\/10\/\u56fe\u72476-300x225.png\" alt=\"\" width=\"300\" height=\"225\" srcset=\"http:\/\/www.zfrapid.com\/wp-content\/uploads\/2023\/10\/\u56fe\u72476-300x225.png 300w, http:\/\/www.zfrapid.com\/wp-content\/uploads\/2023\/10\/\u56fe\u72476-1024x768.png 1024w, http:\/\/www.zfrapid.com\/wp-content\/uploads\/2023\/10\/\u56fe\u72476-768x576.png 768w, http:\/\/www.zfrapid.com\/wp-content\/uploads\/2023\/10\/\u56fe\u72476-1536x1152.png 1536w, http:\/\/www.zfrapid.com\/wp-content\/uploads\/2023\/10\/\u56fe\u72476-2048x1536.png 2048w, http:\/\/www.zfrapid.com\/wp-content\/uploads\/2023\/10\/\u56fe\u72476-16x12.png 16w\" sizes=\"auto, (max-width: 300px) 100vw, 300px\" \/> <img loading=\"lazy\" decoding=\"async\" class=\"alignnone size-medium wp-image-141\" src=\"http:\/\/www.zfrapid.com\/wp-content\/uploads\/2023\/10\/\u56fe\u72475-300x224.png\" alt=\"\" width=\"300\" height=\"224\" srcset=\"http:\/\/www.zfrapid.com\/wp-content\/uploads\/2023\/10\/\u56fe\u72475-300x224.png 300w, http:\/\/www.zfrapid.com\/wp-content\/uploads\/2023\/10\/\u56fe\u72475-16x12.png 16w, http:\/\/www.zfrapid.com\/wp-content\/uploads\/2023\/10\/\u56fe\u72475.png 746w\" sizes=\"auto, (max-width: 300px) 100vw, 300px\" \/><\/p>\n<p>&nbsp;<\/p>\n<p><strong>Fertigungskapazit\u00e4ten f\u00fcr die Luft- und Raumfahrtindustrie<\/strong><\/p>\n<p>&nbsp;<\/p>\n<p><strong> CNC-Bearbeitungsservice<\/strong><\/p>\n<p>Wir verf\u00fcgen \u00fcber eine Pr\u00e4zisions-CNC-Werkzeugmaschinenwerkstatt, die in der Lage ist, Teile mit den strengsten Toleranzen zu bearbeiten und Prototypen aus Metall und Kunststoff sowie Produktionsteile sofort zu verarbeiten.<\/p>\n<p>&nbsp;<\/p>\n<p>&nbsp;<\/p>\n<p><strong>Spritzgussservice<\/strong><\/p>\n<p>Unser Kleinserien-Spritzguss zeichnet sich durch schnelle Lieferzeiten aus. Wir nutzen Schnellwerkzeuge, um den Herstellungszyklus von Produkten zu beschleunigen, eine schnellere Markteinf\u00fchrung von Produkten zu erm\u00f6glichen und das Investitionsrisiko zu reduzieren.<\/p>\n<p>&nbsp;<\/p>\n<p>&nbsp;<\/p>\n<p><strong>3D-Druckservice<\/strong><\/p>\n<p>Mit dem Rapid Prototyping im 3D-Druck k\u00f6nnen Sie komplexe Teile einfach und schnell fertigstellen. Wir bieten Ihnen hochwertige additive Fertigungsdienstleistungen von Pr\u00e4zisionsprototypen bis hin zu Kleinserienteilen.<\/p>\n<p>&nbsp;<\/p>\n<p>&nbsp;<\/p>","protected":false},"excerpt":{"rendered":"<p>LUFT- UND RAUMFAHRT Mit der rasanten Entwicklung der Luft- und Raumfahrtindustrie werden derzeit die Anforderungen an die Bearbeitungstechnologie und die Materialeigenschaften typischer komplexer Luft- und Raumfahrtteile immer h\u00f6her. Die CNC-Bearbeitung, die vom fr\u00fchen Prototypenbau \u00fcber die Designbest\u00e4tigung bis hin zum Starttest entwickelt wurde, ist zu einem unverzichtbaren Bestandteil der Luft- und Raumfahrtfertigung geworden. Die Qualit\u00e4t aller Luft- und Raumfahrtteile ist streng [\u2026]<\/p>","protected":false},"author":1,"featured_media":0,"parent":0,"menu_order":0,"comment_status":"closed","ping_status":"closed","template":"page\/Certificate.php","meta":{"footnotes":""},"class_list":["post-139","page","type-page","status-publish","hentry"],"_links":{"self":[{"href":"http:\/\/www.zfrapid.com\/de\/wp-json\/wp\/v2\/pages\/139","targetHints":{"allow":["GET"]}}],"collection":[{"href":"http:\/\/www.zfrapid.com\/de\/wp-json\/wp\/v2\/pages"}],"about":[{"href":"http:\/\/www.zfrapid.com\/de\/wp-json\/wp\/v2\/types\/page"}],"author":[{"embeddable":true,"href":"http:\/\/www.zfrapid.com\/de\/wp-json\/wp\/v2\/users\/1"}],"replies":[{"embeddable":true,"href":"http:\/\/www.zfrapid.com\/de\/wp-json\/wp\/v2\/comments?post=139"}],"version-history":[{"count":1,"href":"http:\/\/www.zfrapid.com\/de\/wp-json\/wp\/v2\/pages\/139\/revisions"}],"predecessor-version":[{"id":142,"href":"http:\/\/www.zfrapid.com\/de\/wp-json\/wp\/v2\/pages\/139\/revisions\/142"}],"wp:attachment":[{"href":"http:\/\/www.zfrapid.com\/de\/wp-json\/wp\/v2\/media?parent=139"}],"curies":[{"name":"wp","href":"https:\/\/api.w.org\/{rel}","templated":true}]}}