{"id":130,"date":"2023-10-13T14:46:31","date_gmt":"2023-10-13T06:46:31","guid":{"rendered":"http:\/\/www.zfrapid.com\/?page_id=130"},"modified":"2024-06-14T15:59:15","modified_gmt":"2024-06-14T07:59:15","slug":"industries","status":"publish","type":"page","link":"http:\/\/www.zfrapid.com\/de\/industries\/","title":{"rendered":"Branchen"},"content":{"rendered":"<p><strong>MEDIZINISCH<\/strong><\/p>\n<p>&nbsp;<\/p>\n<p>Bei Medizinprodukten sind zahlreiche Pr\u00e4zisionsteile, Sonderwerkstoffteile, fr\u00fche Prototypenfertigung und sp\u00e4ter Kleinserienfertigung beteiligt. Die CNC-Bearbeitung ist ein h\u00e4ufig verwendetes Herstellungsverfahren und kann die hohen Anforderungen an die Toleranz der Pr\u00e4zisionsfertigung erf\u00fcllen. Rapid Prototyping, ein wesentliches Glied in der Entwicklungsphase, wird verwendet, um die Rationalit\u00e4t des Entwurfs medizinischer Ger\u00e4te zu \u00fcberpr\u00fcfen und so Entwicklungszeit und -kosten zu sparen. Kleinserienfertigungen k\u00f6nnen schnell auf den Markt kommen und die Risiken im Zusammenhang mit den Investitionskosten reduzieren.<\/p>\n<p>&nbsp;<\/p>\n<p><img loading=\"lazy\" decoding=\"async\" class=\"alignnone wp-image-133 alignleft\" src=\"http:\/\/www.zfrapid.com\/wp-content\/uploads\/2023\/10\/\u56fe\u72472-300x225.png\" alt=\"\" width=\"500\" height=\"461\" \/><\/p>\n<p><img loading=\"lazy\" decoding=\"async\" class=\"alignnone wp-image-133 alignleft\" src=\"http:\/\/www.zfrapid.com\/wp-content\/uploads\/2023\/10\/\u56fe\u72474-300x225.png\" alt=\"\" width=\"500\" height=\"463\" \/><\/p>\n<h3><\/h3>\n<h3><\/h3>\n<h3><\/h3>\n<h3><\/h3>\n<h3><\/h3>\n<h3><\/h3>\n<h3><\/h3>\n<h3><\/h3>\n<h3><\/h3>\n<h3><strong>medizinische Ger\u00e4te und Hardwareanwendungen<\/strong><\/h3>\n<p>&nbsp;<\/p>\n<p>Medizinische Testger\u00e4te<\/p>\n<p>Ventilatorenteile<\/p>\n<p>Tragbare Ger\u00e4te<\/p>\n<p>Implantierbare Prototypen<\/p>\n<p>Chirurgische Instrumente<\/p>\n<p>Prothetische Komponenten<\/p>\n<p>Kundenspezifische Vorrichtungen<\/p>\n<p>Tragf\u00e4hig<\/p>\n<p>&nbsp;<\/p>\n<p>&nbsp;<\/p>\n<p><strong>Medizinische Fertigungskapazit\u00e4ten<\/strong><\/p>\n<p>&nbsp;<\/p>\n<p>&nbsp;<\/p>\n<p><strong>CNC-Bearbeitungsservice<\/strong><\/p>\n<p>Wir verf\u00fcgen \u00fcber eine Pr\u00e4zisions-CNC-Werkzeugmaschinenwerkstatt, die in der Lage ist, Teile mit den strengsten Toleranzen zu bearbeiten und Prototypen aus Metall und Kunststoff sowie Produktionsteile sofort zu verarbeiten.<\/p>\n<p>&nbsp;<\/p>\n<p>&nbsp;<\/p>\n<p><strong> Spritzgussservice<\/strong><\/p>\n<p>Unser Kleinserien-Spritzguss zeichnet sich durch schnelle Lieferzeiten aus. Wir nutzen Schnellwerkzeuge, um den Herstellungszyklus von Produkten zu beschleunigen, eine schnellere Markteinf\u00fchrung von Produkten zu erm\u00f6glichen und das Investitionsrisiko zu reduzieren<\/p>\n<p>&nbsp;<\/p>\n<p><img loading=\"lazy\" decoding=\"async\" class=\"wp-image-132 aligncenter\" src=\"http:\/\/www.zfrapid.com\/wp-content\/uploads\/2023\/10\/\u56fe\u72473-300x225.png\" alt=\"\" width=\"529\" height=\"397\" srcset=\"http:\/\/www.zfrapid.com\/wp-content\/uploads\/2023\/10\/\u56fe\u72473-300x225.png 300w, http:\/\/www.zfrapid.com\/wp-content\/uploads\/2023\/10\/\u56fe\u72473-1024x768.png 1024w, http:\/\/www.zfrapid.com\/wp-content\/uploads\/2023\/10\/\u56fe\u72473-768x576.png 768w, http:\/\/www.zfrapid.com\/wp-content\/uploads\/2023\/10\/\u56fe\u72473-1536x1152.png 1536w, http:\/\/www.zfrapid.com\/wp-content\/uploads\/2023\/10\/\u56fe\u72473-2048x1536.png 2048w, http:\/\/www.zfrapid.com\/wp-content\/uploads\/2023\/10\/\u56fe\u72473-16x12.png 16w\" sizes=\"auto, (max-width: 529px) 100vw, 529px\" \/><\/p>\n<p>&nbsp;<\/p>\n<p>&nbsp;<\/p>\n<p>&nbsp;<\/p>\n<p><strong>3D-Druckservice<\/strong><\/p>\n<p>Mit dem Rapid Prototyping im 3D-Druck k\u00f6nnen Sie komplexe Teile einfach und schnell fertigstellen. Wir bieten Ihnen hochwertige additive Fertigungsdienstleistungen von Pr\u00e4zisionsprototypen bis hin zu Kleinserienteilen.<\/p>","protected":false},"excerpt":{"rendered":"<p>MEDIZIN Bei medizinischen Ger\u00e4ten sind zahlreiche Pr\u00e4zisionsteile, Sonderwerkstoffteile, fr\u00fche Prototypenfertigung und sp\u00e4ter Kleinserienfertigung im Spiel. Die CNC-Bearbeitung ist ein h\u00e4ufig verwendetes Herstellungsverfahren und kann die hohen Anforderungen an die Toleranz der Pr\u00e4zisionsfertigung erf\u00fcllen. Rapid Prototyping, ein wesentliches Glied in der Entwicklungsphase, dient der \u00dcberpr\u00fcfung der Rationalit\u00e4t [\u2026]<\/p>","protected":false},"author":1,"featured_media":0,"parent":0,"menu_order":0,"comment_status":"closed","ping_status":"closed","template":"page\/Certificate.php","meta":{"footnotes":""},"class_list":["post-130","page","type-page","status-publish","hentry"],"_links":{"self":[{"href":"http:\/\/www.zfrapid.com\/de\/wp-json\/wp\/v2\/pages\/130","targetHints":{"allow":["GET"]}}],"collection":[{"href":"http:\/\/www.zfrapid.com\/de\/wp-json\/wp\/v2\/pages"}],"about":[{"href":"http:\/\/www.zfrapid.com\/de\/wp-json\/wp\/v2\/types\/page"}],"author":[{"embeddable":true,"href":"http:\/\/www.zfrapid.com\/de\/wp-json\/wp\/v2\/users\/1"}],"replies":[{"embeddable":true,"href":"http:\/\/www.zfrapid.com\/de\/wp-json\/wp\/v2\/comments?post=130"}],"version-history":[{"count":17,"href":"http:\/\/www.zfrapid.com\/de\/wp-json\/wp\/v2\/pages\/130\/revisions"}],"predecessor-version":[{"id":189,"href":"http:\/\/www.zfrapid.com\/de\/wp-json\/wp\/v2\/pages\/130\/revisions\/189"}],"wp:attachment":[{"href":"http:\/\/www.zfrapid.com\/de\/wp-json\/wp\/v2\/media?parent=130"}],"curies":[{"name":"wp","href":"https:\/\/api.w.org\/{rel}","templated":true}]}}