{"id":103,"date":"2023-10-13T10:13:10","date_gmt":"2023-10-13T02:13:10","guid":{"rendered":"http:\/\/www.zfrapid.com\/?page_id=103"},"modified":"2023-10-13T10:13:21","modified_gmt":"2023-10-13T02:13:21","slug":"aluminum-extrusion","status":"publish","type":"page","link":"http:\/\/www.zfrapid.com\/de\/aluminum-extrusion\/","title":{"rendered":"Aluminiumextrusion"},"content":{"rendered":"<h3><strong>Aluminiumextrusion<\/strong><\/h3>\n<p>Wir bieten Ihnen Dienstleistungen in den Bereichen Formenbau, Aluminiumextrusion und Teilebearbeitung sowie Nachbehandlung im gesamten Zug an. Auch wenn Sie nur 50 St\u00fcck ben\u00f6tigen, k\u00f6nnen wir das f\u00fcr Sie erledigen.<\/p>\n<p>&nbsp;<\/p>\n<p>&nbsp;<\/p>\n<h3><strong>Was ist ein Aluminiumprofil?<\/strong><\/h3>\n<p>Aluminiumprofil ist eine Art Aluminiummaterial mit unterschiedlichen Querschnittsformen durch Hei\u00dfschmelzen und Extrudieren runder Aluminiumgussstangen. Der Produktionsprozess von Aluminiumprofilen umfasst haupts\u00e4chlich drei Prozesse: Gie\u00dfen, Extrudieren und F\u00e4rben. Das F\u00e4rben umfasst haupts\u00e4chlich: Oxidation, Elektrophoresebeschichtung, Fluorkohlenstoffspritzen, Pulverspritzen, Holzmaserungs\u00fcbertragung und andere Prozesse.<\/p>\n<p>&nbsp;<\/p>\n<h3><strong>Vorteil des Aluminiumprofils<\/strong><\/h3>\n<ul>\n<li>leicht zu verarbeiten<\/li>\n<li>niedrige Kosten f\u00fcr Schimmel<\/li>\n<li>gute Qualit\u00e4t<\/li>\n<li>Gofod K\u00fchlleistung g<\/li>\n<li>Guter Oberfl\u00e4chenbehandlungseffekt<\/li>\n<\/ul>\n<p>&nbsp;<\/p>\n<h3><strong>Extrusionsform<\/strong><\/h3>\n<p>Die Lebensdauer einer Extrusionsform h\u00e4ngt von ihrem Material ab. Deshalb analysieren, entwerfen und w\u00e4hlen wir das Material f\u00fcr das Produkt aus, nachdem wir die Zeichnung erhalten haben.<\/p>\n<p>&nbsp;<\/p>\n<p>&nbsp;<\/p>\n<h3><strong>Produktion<\/strong><\/h3>\n<p>In den letzten Jahren wurden Aluminiumlegierungsprofile aufgrund des Strebens nach Miniaturisierung und Leichtbau in vielen Branchen in gro\u00dfem Umfang in Heizk\u00f6rpern, elektronischen Ger\u00e4ten, Luft- und Raumfahrt, Transportwesen, Bauwesen und anderen Branchen eingesetzt. Dadurch ist auch der Anteil an Aluminium-Strangpressprodukten rasant gestiegen. Wir k\u00f6nnen eine Vielzahl von Dienstleistungen zur Verarbeitung von Aluminiumprodukten anbieten, darunter CNC-Drehformen, CNC-Fr\u00e4sformen und CNC-Schneideformen.<\/p>\n<p>&nbsp;<\/p>\n<p>&nbsp;<\/p>\n<h3><strong>Material<\/strong><\/h3>\n<p>Aluminiumprofile haben viele Modellnummern, wie 6063, 6061, 6005 und 6082<\/p>","protected":false},"excerpt":{"rendered":"<p>Aluminium-Strangpressen Wir bieten Ihnen Formenbau, Aluminium-Strangpressen und Teilebearbeitung sowie Nachbehandlung durchg\u00e4ngige Dienstleistungen an. Auch wenn Sie nur 50 St\u00fcck ben\u00f6tigen, k\u00f6nnen wir das f\u00fcr Sie erledigen. Was ist ein Aluminiumprofil? Aluminiumprofil ist eine Art Aluminiummaterial mit unterschiedlichen Querschnittsformen durch Hei\u00dfschmelzen und Extrudieren runder Aluminiumgussstangen. Der Produktionsprozess von Aluminium [\u2026]<\/p>","protected":false},"author":1,"featured_media":0,"parent":0,"menu_order":0,"comment_status":"closed","ping_status":"closed","template":"page\/Certificate.php","meta":{"footnotes":""},"class_list":["post-103","page","type-page","status-publish","hentry"],"_links":{"self":[{"href":"http:\/\/www.zfrapid.com\/de\/wp-json\/wp\/v2\/pages\/103","targetHints":{"allow":["GET"]}}],"collection":[{"href":"http:\/\/www.zfrapid.com\/de\/wp-json\/wp\/v2\/pages"}],"about":[{"href":"http:\/\/www.zfrapid.com\/de\/wp-json\/wp\/v2\/types\/page"}],"author":[{"embeddable":true,"href":"http:\/\/www.zfrapid.com\/de\/wp-json\/wp\/v2\/users\/1"}],"replies":[{"embeddable":true,"href":"http:\/\/www.zfrapid.com\/de\/wp-json\/wp\/v2\/comments?post=103"}],"version-history":[{"count":2,"href":"http:\/\/www.zfrapid.com\/de\/wp-json\/wp\/v2\/pages\/103\/revisions"}],"predecessor-version":[{"id":105,"href":"http:\/\/www.zfrapid.com\/de\/wp-json\/wp\/v2\/pages\/103\/revisions\/105"}],"wp:attachment":[{"href":"http:\/\/www.zfrapid.com\/de\/wp-json\/wp\/v2\/media?parent=103"}],"curies":[{"name":"wp","href":"https:\/\/api.w.org\/{rel}","templated":true}]}}