{"id":101,"date":"2023-10-13T10:10:15","date_gmt":"2023-10-13T02:10:15","guid":{"rendered":"http:\/\/www.zfrapid.com\/?page_id=101"},"modified":"2024-06-14T15:55:41","modified_gmt":"2024-06-14T07:55:41","slug":"cnc-machining","status":"publish","type":"page","link":"http:\/\/www.zfrapid.com\/de\/cnc-machining\/","title":{"rendered":"CNC-Bearbeitung"},"content":{"rendered":"<p>zf bietet CNC-Bearbeitungsdienste an, darunter Fr\u00e4sen, Drehen, Funken- und Drahtschneiden sowie Oberfl\u00e4chenschleifen. Eine Reihe moderner Ger\u00e4te wie 3-, 4- und 5-achsige Bearbeitungszentren unterst\u00fctzen uns dabei, Ihnen qualitativ hochwertige Produkte zu liefern.<\/p>\n<p>&nbsp;<\/p>\n<p>&nbsp;<\/p>\n<p>&nbsp;<\/p>\n<h3><strong>Was ist CNC-Bearbeitung?<\/strong><\/h3>\n<p>Bei der CNC-Bearbeitung handelt es sich um eine Art materialabtragendes Herstellungsverfahren, das von Ingenieuren gesteuert wird, die die 3D-Zeichnung \u00fcberpr\u00fcfen. Durch den Einsatz von Pr\u00e4zisionswerkzeugen zum Materialabtrag und zur Herstellung von Teilen oder Produkten im Prozess.<\/p>\n<p>&nbsp;<\/p>\n<p>&nbsp;<\/p>\n<h3><strong>Vorteil der CNC-Bearbeitung<\/strong><\/h3>\n<ul>\n<li>f\u00fcr viele Branchen geeignet<\/li>\n<li>Geeignet f\u00fcr viele Arten der Materialbearbeitung<\/li>\n<li>hohe Pr\u00e4zision<\/li>\n<li>niedrige Kosten<\/li>\n<li>Kurzer Produktionszyklus<\/li>\n<li>Mengen von eins bis hunderttausend sind akzeptabel<\/li>\n<\/ul>\n<p>&nbsp;<\/p>\n<h3><strong> Fr\u00e4steile<\/strong><\/h3>\n<p>zf Ausgestattet mit fortschrittlichen 3-Achs-, 4-Achs- und 5-Achs-Bearbeitungszentren k\u00f6nnen Produkte mit komplexen 3D-Formen, hohen Pr\u00e4zisionsanforderungen und hohen Oberfl\u00e4chenanforderungen bearbeitet werden. Unsere Ingenieure verwenden Programmiersoftware in Kombination mit dem Bearbeitungszentrum f\u00fcr die CNC-Bearbeitung von Formen. Die verarbeiteten Produkte sind Metall- und Kunststoffprodukte, Verarbeitungsgeschwindigkeit und Pr\u00e4zision, niedrige Kosten und hohe<\/p>\n<h3><strong>Drehteile<\/strong><\/h3>\n<p>Die CNC-Drehmaschine eignet sich f\u00fcr alle Arten von Metall- und Kunststoffprodukten, indem die Spindel die Werkst\u00fcckdrehung und die Werkzeugbewegung festklemmt, um Material beim Drehen des Formteils zu entfernen, wodurch die komplexe Form des \u00e4u\u00dferen Kreises und des inneren Lochs der Produktverarbeitung erreicht wird.<\/p>\n<p>&nbsp;<\/p>\n<p>&nbsp;<\/p>\n<h3><strong>Erodierbearbeitung<\/strong><\/h3>\n<p>Unter EDM-Bearbeitung versteht man die Korrosionsbearbeitung von Metallwerkstoffen durch hochfestes Erodieren, das von Elektroden im Elektrolyten abgegeben wird. Edm ist auch ein wichtiger Prozess der Formenherstellung, der zum Freimachen des Winkels des Formhohlraums und der Nut sowie f\u00fcr die Oberfl\u00e4chenbehandlung des Formhohlraums verwendet werden kann.<\/p>\n<p>&nbsp;<\/p>\n<p>&nbsp;<\/p>\n<p>&nbsp;<\/p>\n<h3><strong>Kabel schneiden<\/strong><\/h3>\n<p>Drahtschneidedr\u00e4hte werden zum schnellen und pr\u00e4zisen Bearbeiten von Formteilen und zur Bearbeitung korrosiver Materialien durch Drahtschneiden, zum Verarbeiten von Spuren in 2D-Ebenengrafiklinien bis hin zur Bearbeitung verwendet.<\/p>\n<p>&nbsp;<\/p>\n<p>&nbsp;<\/p>\n<h3><strong>Schleifen<\/strong><\/h3>\n<p>Bei der Schleifbearbeitung handelt es sich um den Einsatz von Schleifscheiben beim Schleifen des Werkst\u00fccks, unterteilt in Planschleifen, Rundschleifen und Rundschleifen, Schleifpr\u00e4zision und ultrahohe Oberfl\u00e4cheng\u00fcte.<\/p>\n<p>&nbsp;<\/p>\n<p>&nbsp;<\/p>\n<p>&nbsp;<\/p>\n<h3><strong>Toleranz<\/strong><\/h3>\n<p>Hinsichtlich der Toleranz orientieren wir uns an der Norm DIN ISO 2768, sofern keine Kundenanfragen vorliegen. Metallteile entsprechen der DIN ISO 2768-f, Kunststoffteile der DIN ISO 2768-m. Wir geben Ihnen Vorschl\u00e4ge f\u00fcr besondere Situationen.<\/p>","protected":false},"excerpt":{"rendered":"<p>ZF bietet CNC-Bearbeitungsdienstleistungen wie Fr\u00e4sen, Drehen, Funken- und Drahterodieren sowie Fl\u00e4chenschleifen an. Moderne Bearbeitungszentren mit 3, 4 und 5 Achsen erm\u00f6glichen es uns, Ihnen Produkte h\u00f6chster Qualit\u00e4t zu liefern. Was ist CNC-Bearbeitung? CNC-Bearbeitung ist ein formgebendes Verfahren, bei dem Material abgetragen wird. [\u2026]<\/p>","protected":false},"author":1,"featured_media":0,"parent":0,"menu_order":0,"comment_status":"closed","ping_status":"closed","template":"page\/Certificate.php","meta":{"footnotes":""},"class_list":["post-101","page","type-page","status-publish","hentry"],"_links":{"self":[{"href":"http:\/\/www.zfrapid.com\/de\/wp-json\/wp\/v2\/pages\/101","targetHints":{"allow":["GET"]}}],"collection":[{"href":"http:\/\/www.zfrapid.com\/de\/wp-json\/wp\/v2\/pages"}],"about":[{"href":"http:\/\/www.zfrapid.com\/de\/wp-json\/wp\/v2\/types\/page"}],"author":[{"embeddable":true,"href":"http:\/\/www.zfrapid.com\/de\/wp-json\/wp\/v2\/users\/1"}],"replies":[{"embeddable":true,"href":"http:\/\/www.zfrapid.com\/de\/wp-json\/wp\/v2\/comments?post=101"}],"version-history":[{"count":3,"href":"http:\/\/www.zfrapid.com\/de\/wp-json\/wp\/v2\/pages\/101\/revisions"}],"predecessor-version":[{"id":185,"href":"http:\/\/www.zfrapid.com\/de\/wp-json\/wp\/v2\/pages\/101\/revisions\/185"}],"wp:attachment":[{"href":"http:\/\/www.zfrapid.com\/de\/wp-json\/wp\/v2\/media?parent=101"}],"curies":[{"name":"wp","href":"https:\/\/api.w.org\/{rel}","templated":true}]}}